{"id":949,"date":"2023-09-05T09:39:04","date_gmt":"2023-09-05T07:39:04","guid":{"rendered":"https:\/\/projekteuropa.uwr.edu.pl\/?page_id=949"},"modified":"2023-09-05T12:00:01","modified_gmt":"2023-09-05T10:00:01","slug":"wspolpraca","status":"publish","type":"page","link":"https:\/\/projekteuropa.uwr.edu.pl\/english\/wspolpraca\/","title":{"rendered":"Cooperation"},"content":{"rendered":"<div class=\"wp-block-group alignwide has-global-padding is-layout-constrained wp-block-group-is-layout-constrained\" style=\"margin-top:0;margin-bottom:0;padding-top:0;padding-bottom:0px\">\n<div class=\"wp-block-columns alignwide is-layout-flex wp-container-core-columns-is-layout-28f84493 wp-block-columns-is-layout-flex\">\n<div class=\"wp-block-column is-layout-flow wp-container-core-column-is-layout-22223934 wp-block-column-is-layout-flow\">\n<h4 class=\"wp-block-heading\">Institutions<\/h4>\n\n\n\n<div class=\"wp-block-columns is-layout-flex wp-container-core-columns-is-layout-28f84493 wp-block-columns-is-layout-flex\">\n<div class=\"wp-block-column is-layout-flow wp-block-column-is-layout-flow\">\n<figure class=\"wp-block-image size-full\"><img loading=\"lazy\" decoding=\"async\" width=\"1024\" height=\"1024\" src=\"http:\/\/projekteuropa.uwr.edu.pl\/wp-content\/uploads\/2023\/09\/271727636_291073983057738_8242756382512671148_n.png\" alt=\"\" class=\"wp-image-877\" srcset=\"https:\/\/projekteuropa.uwr.edu.pl\/wp-content\/uploads\/2023\/09\/271727636_291073983057738_8242756382512671148_n.png 1024w, https:\/\/projekteuropa.uwr.edu.pl\/wp-content\/uploads\/2023\/09\/271727636_291073983057738_8242756382512671148_n-300x300.png 300w, https:\/\/projekteuropa.uwr.edu.pl\/wp-content\/uploads\/2023\/09\/271727636_291073983057738_8242756382512671148_n-150x150.png 150w, https:\/\/projekteuropa.uwr.edu.pl\/wp-content\/uploads\/2023\/09\/271727636_291073983057738_8242756382512671148_n-768x768.png 768w, https:\/\/projekteuropa.uwr.edu.pl\/wp-content\/uploads\/2023\/09\/271727636_291073983057738_8242756382512671148_n-12x12.png 12w\" sizes=\"auto, (max-width: 1024px) 100vw, 1024px\" \/><\/figure>\n<\/div>\n\n\n\n<div class=\"wp-block-column is-layout-flow wp-block-column-is-layout-flow\">\n<figure class=\"wp-block-image size-full\"><img loading=\"lazy\" decoding=\"async\" width=\"1000\" height=\"1000\" src=\"http:\/\/projekteuropa.uwr.edu.pl\/wp-content\/uploads\/2023\/09\/piue.png\" alt=\"\" class=\"wp-image-953\" srcset=\"https:\/\/projekteuropa.uwr.edu.pl\/wp-content\/uploads\/2023\/09\/piue.png 1000w, https:\/\/projekteuropa.uwr.edu.pl\/wp-content\/uploads\/2023\/09\/piue-300x300.png 300w, https:\/\/projekteuropa.uwr.edu.pl\/wp-content\/uploads\/2023\/09\/piue-150x150.png 150w, https:\/\/projekteuropa.uwr.edu.pl\/wp-content\/uploads\/2023\/09\/piue-768x768.png 768w, https:\/\/projekteuropa.uwr.edu.pl\/wp-content\/uploads\/2023\/09\/piue-12x12.png 12w\" sizes=\"auto, (max-width: 1000px) 100vw, 1000px\" \/><\/figure>\n<\/div>\n\n\n\n<div class=\"wp-block-column is-layout-flow wp-block-column-is-layout-flow\">\n<figure class=\"wp-block-image size-large\"><img loading=\"lazy\" decoding=\"async\" width=\"1024\" height=\"1024\" src=\"http:\/\/projekteuropa.uwr.edu.pl\/wp-content\/uploads\/2023\/09\/FMD_Logo-1024x1024.jpg\" alt=\"\" class=\"wp-image-952\" srcset=\"https:\/\/projekteuropa.uwr.edu.pl\/wp-content\/uploads\/2023\/09\/FMD_Logo-1024x1024.jpg 1024w, https:\/\/projekteuropa.uwr.edu.pl\/wp-content\/uploads\/2023\/09\/FMD_Logo-300x300.jpg 300w, https:\/\/projekteuropa.uwr.edu.pl\/wp-content\/uploads\/2023\/09\/FMD_Logo-150x150.jpg 150w, https:\/\/projekteuropa.uwr.edu.pl\/wp-content\/uploads\/2023\/09\/FMD_Logo-768x768.jpg 768w, https:\/\/projekteuropa.uwr.edu.pl\/wp-content\/uploads\/2023\/09\/FMD_Logo-1536x1536.jpg 1536w, https:\/\/projekteuropa.uwr.edu.pl\/wp-content\/uploads\/2023\/09\/FMD_Logo-12x12.jpg 12w, https:\/\/projekteuropa.uwr.edu.pl\/wp-content\/uploads\/2023\/09\/FMD_Logo.jpg 1772w\" sizes=\"auto, (max-width: 1024px) 100vw, 1024px\" \/><\/figure>\n<\/div>\n<\/div>\n\n\n\n<h4 class=\"wp-block-heading\">Experts:<\/h4>\n<\/div>\n<\/div>\n<\/div>\n\n\n\n<div class=\"wp-block-group alignwide has-global-padding is-layout-constrained wp-block-group-is-layout-constrained\" style=\"margin-top:0;margin-bottom:0;padding-top:0;padding-bottom:160px\">\n<div class=\"wp-block-columns alignwide is-layout-flex wp-container-core-columns-is-layout-28f84493 wp-block-columns-is-layout-flex\">\n<div class=\"wp-block-column is-layout-flow wp-container-core-column-is-layout-22223934 wp-block-column-is-layout-flow\">\n<div class=\"wp-block-columns is-layout-flex wp-container-core-columns-is-layout-ceb339ea wp-block-columns-is-layout-flex\" style=\"padding-top:var(--wp--preset--spacing--60)\">\n<div class=\"wp-block-column is-layout-flow wp-block-column-is-layout-flow\">\n<div class=\"wp-block-group is-style-hover-bg has-global-padding is-layout-constrained wp-container-core-group-is-layout-34847c9e wp-block-group-is-layout-constrained\" style=\"border-radius:15px;padding-top:var(--wp--preset--spacing--50);padding-right:var(--wp--preset--spacing--50);padding-bottom:var(--wp--preset--spacing--50);padding-left:var(--wp--preset--spacing--50)\">\n<div class=\"wp-block-columns is-not-stacked-on-mobile is-layout-flex wp-container-core-columns-is-layout-87beb0d0 wp-block-columns-is-layout-flex\">\n<div class=\"wp-block-column is-layout-flow wp-block-column-is-layout-flow\" style=\"flex-basis:60px\">\n<figure class=\"wp-block-image size-full is-style-rounded\"><img loading=\"lazy\" decoding=\"async\" width=\"894\" height=\"894\" src=\"http:\/\/projekteuropa.uwr.edu.pl\/wp-content\/uploads\/2023\/03\/2022_Anna-Paczesniak_fot.Alina-Metelytsia_2-1600x1017-1.png\" alt=\"\" class=\"wp-image-364\" srcset=\"https:\/\/projekteuropa.uwr.edu.pl\/wp-content\/uploads\/2023\/03\/2022_Anna-Paczesniak_fot.Alina-Metelytsia_2-1600x1017-1.png 894w, https:\/\/projekteuropa.uwr.edu.pl\/wp-content\/uploads\/2023\/03\/2022_Anna-Paczesniak_fot.Alina-Metelytsia_2-1600x1017-1-300x300.png 300w, https:\/\/projekteuropa.uwr.edu.pl\/wp-content\/uploads\/2023\/03\/2022_Anna-Paczesniak_fot.Alina-Metelytsia_2-1600x1017-1-150x150.png 150w, https:\/\/projekteuropa.uwr.edu.pl\/wp-content\/uploads\/2023\/03\/2022_Anna-Paczesniak_fot.Alina-Metelytsia_2-1600x1017-1-768x768.png 768w, https:\/\/projekteuropa.uwr.edu.pl\/wp-content\/uploads\/2023\/03\/2022_Anna-Paczesniak_fot.Alina-Metelytsia_2-1600x1017-1-12x12.png 12w\" sizes=\"auto, (max-width: 894px) 100vw, 894px\" \/><\/figure>\n<\/div>\n\n\n\n<div class=\"wp-block-column is-layout-flow wp-container-core-column-is-layout-8a368f38 wp-block-column-is-layout-flow\" style=\"flex-basis:66.66%\">\n<h3 class=\"wp-block-heading has-small-font-size\" style=\"line-height:1.6\">prof. Anna Pacze\u015bniak<\/h3>\n\n\n\n<p class=\"has-meta-color has-text-color has-tiny-font-size\" style=\"font-style:normal;font-weight:600\">University of Wroc\u0142aw<\/p>\n<\/div>\n<\/div>\n\n\n\n<p class=\"has-small-font-size\">Since the beginng she has supported the activities of the scientific association. <strong>She has published nearly 150 publications<\/strong> &nbsp;on the topics of political parties in Poland and Europe, Europeanization, the functioning of the euro-parties and women in Poland.<\/p>\n<\/div>\n<\/div>\n\n\n\n<div class=\"wp-block-column is-layout-flow wp-block-column-is-layout-flow\">\n<div class=\"wp-block-group is-style-hover-bg has-midground-background-color has-background has-global-padding is-layout-constrained wp-container-core-group-is-layout-34847c9e wp-block-group-is-layout-constrained\" style=\"border-radius:15px;padding-top:var(--wp--preset--spacing--50);padding-right:var(--wp--preset--spacing--50);padding-bottom:var(--wp--preset--spacing--50);padding-left:var(--wp--preset--spacing--50)\">\n<div class=\"wp-block-columns is-not-stacked-on-mobile is-layout-flex wp-container-core-columns-is-layout-4fa2f3cb wp-block-columns-is-layout-flex\" style=\"margin-bottom:0px\">\n<div class=\"wp-block-column is-layout-flow wp-block-column-is-layout-flow\" style=\"flex-basis:60px\">\n<figure class=\"wp-block-image size-full is-style-rounded\"><img loading=\"lazy\" decoding=\"async\" width=\"613\" height=\"613\" src=\"http:\/\/projekteuropa.uwr.edu.pl\/wp-content\/uploads\/2023\/03\/MicrosoftTeams-image.png\" alt=\"\" class=\"wp-image-333\" srcset=\"https:\/\/projekteuropa.uwr.edu.pl\/wp-content\/uploads\/2023\/03\/MicrosoftTeams-image.png 613w, https:\/\/projekteuropa.uwr.edu.pl\/wp-content\/uploads\/2023\/03\/MicrosoftTeams-image-300x300.png 300w, https:\/\/projekteuropa.uwr.edu.pl\/wp-content\/uploads\/2023\/03\/MicrosoftTeams-image-150x150.png 150w, https:\/\/projekteuropa.uwr.edu.pl\/wp-content\/uploads\/2023\/03\/MicrosoftTeams-image-12x12.png 12w\" sizes=\"auto, (max-width: 613px) 100vw, 613px\" \/><\/figure>\n<\/div>\n\n\n\n<div class=\"wp-block-column is-layout-flow wp-container-core-column-is-layout-8a368f38 wp-block-column-is-layout-flow\" style=\"flex-basis:66.66%\">\n<h3 class=\"wp-block-heading has-small-font-size\" style=\"line-height:1.6\">dr Jakub <br>Bornio<\/h3>\n\n\n\n<p class=\"has-meta-color has-text-color has-tiny-font-size\" style=\"font-style:normal;font-weight:600\">University of Wroc\u0142aw<\/p>\n<\/div>\n<\/div>\n\n\n\n<p class=\"has-small-font-size\">Lecturer in the Chair of European Studies of the University of Wroc\u0142aw. <strong>Analist at the Jamestown Foundation<\/strong>, specializing in the area of eastern european security <br>and polish foreign policy.<\/p>\n<\/div>\n<\/div>\n\n\n\n<div class=\"wp-block-column is-layout-flow wp-block-column-is-layout-flow\">\n<div class=\"wp-block-group is-style-hover-bg has-global-padding is-layout-constrained wp-container-core-group-is-layout-34847c9e wp-block-group-is-layout-constrained\" style=\"border-radius:15px;padding-top:var(--wp--preset--spacing--50);padding-right:var(--wp--preset--spacing--50);padding-bottom:var(--wp--preset--spacing--50);padding-left:var(--wp--preset--spacing--50)\">\n<div class=\"wp-block-columns is-not-stacked-on-mobile is-layout-flex wp-container-core-columns-is-layout-87beb0d0 wp-block-columns-is-layout-flex\">\n<div class=\"wp-block-column is-layout-flow wp-block-column-is-layout-flow\" style=\"flex-basis:60px\">\n<figure class=\"wp-block-image size-full is-style-rounded\"><img loading=\"lazy\" decoding=\"async\" width=\"512\" height=\"512\" src=\"http:\/\/projekteuropa.uwr.edu.pl\/wp-content\/uploads\/2023\/03\/Paula-Wisniewska.jpg\" alt=\"\" class=\"wp-image-334\" srcset=\"https:\/\/projekteuropa.uwr.edu.pl\/wp-content\/uploads\/2023\/03\/Paula-Wisniewska.jpg 512w, https:\/\/projekteuropa.uwr.edu.pl\/wp-content\/uploads\/2023\/03\/Paula-Wisniewska-300x300.jpg 300w, https:\/\/projekteuropa.uwr.edu.pl\/wp-content\/uploads\/2023\/03\/Paula-Wisniewska-150x150.jpg 150w, https:\/\/projekteuropa.uwr.edu.pl\/wp-content\/uploads\/2023\/03\/Paula-Wisniewska-12x12.jpg 12w\" sizes=\"auto, (max-width: 512px) 100vw, 512px\" \/><\/figure>\n<\/div>\n\n\n\n<div class=\"wp-block-column is-layout-flow wp-container-core-column-is-layout-8a368f38 wp-block-column-is-layout-flow\" style=\"flex-basis:66.66%\">\n<h3 class=\"wp-block-heading has-small-font-size\" style=\"line-height:1.6\">dr Paula Wi\u015bniewska<\/h3>\n\n\n\n<p class=\"has-meta-color has-text-color has-tiny-font-size\" style=\"font-style:normal;font-weight:600\">University of Wroc\u0142aw<\/p>\n<\/div>\n<\/div>\n\n\n\n<p class=\"has-small-font-size\"><strong><strong>Former Chairwoman of the research group and graduate of European Studies in the University of Wroc\u0142aw.<\/strong> <\/strong>Analyzes political parties at the European level and the cooperation of MEPs in the decision making process of the EU.<\/p>\n<\/div>\n<\/div>\n<\/div>\n<\/div>\n<\/div>\n\n\n\n<div class=\"wp-block-group alignwide has-global-padding is-layout-constrained wp-block-group-is-layout-constrained\" style=\"margin-top:0;margin-bottom:0;padding-top:0;padding-bottom:0px\">\n<div class=\"wp-block-columns alignwide is-layout-flex wp-container-core-columns-is-layout-28f84493 wp-block-columns-is-layout-flex\">\n<div class=\"wp-block-column is-layout-flow wp-container-core-column-is-layout-22223934 wp-block-column-is-layout-flow\">\n<div class=\"wp-block-columns is-layout-flex wp-container-core-columns-is-layout-ceb339ea wp-block-columns-is-layout-flex\" style=\"padding-top:var(--wp--preset--spacing--60)\">\n<div class=\"wp-block-column is-layout-flow wp-block-column-is-layout-flow\">\n<div class=\"wp-block-group is-style-hover-bg has-global-padding is-layout-constrained wp-container-core-group-is-layout-34847c9e wp-block-group-is-layout-constrained\" style=\"border-radius:15px;padding-top:var(--wp--preset--spacing--50);padding-right:var(--wp--preset--spacing--50);padding-bottom:var(--wp--preset--spacing--50);padding-left:var(--wp--preset--spacing--50)\">\n<div class=\"wp-block-columns is-not-stacked-on-mobile is-layout-flex wp-container-core-columns-is-layout-87beb0d0 wp-block-columns-is-layout-flex\">\n<div class=\"wp-block-column is-layout-flow wp-block-column-is-layout-flow\" style=\"flex-basis:60px\">\n<figure class=\"wp-block-image size-full is-style-rounded\"><img loading=\"lazy\" decoding=\"async\" width=\"324\" height=\"324\" src=\"http:\/\/projekteuropa.uwr.edu.pl\/wp-content\/uploads\/2023\/04\/fittosize__852_479_9206c946450b75b5dc017d29857d709d_maatsch_uni_ld_polen_1000x563.jpg\" alt=\"\" class=\"wp-image-600\" srcset=\"https:\/\/projekteuropa.uwr.edu.pl\/wp-content\/uploads\/2023\/04\/fittosize__852_479_9206c946450b75b5dc017d29857d709d_maatsch_uni_ld_polen_1000x563.jpg 324w, https:\/\/projekteuropa.uwr.edu.pl\/wp-content\/uploads\/2023\/04\/fittosize__852_479_9206c946450b75b5dc017d29857d709d_maatsch_uni_ld_polen_1000x563-300x300.jpg 300w, https:\/\/projekteuropa.uwr.edu.pl\/wp-content\/uploads\/2023\/04\/fittosize__852_479_9206c946450b75b5dc017d29857d709d_maatsch_uni_ld_polen_1000x563-150x150.jpg 150w, https:\/\/projekteuropa.uwr.edu.pl\/wp-content\/uploads\/2023\/04\/fittosize__852_479_9206c946450b75b5dc017d29857d709d_maatsch_uni_ld_polen_1000x563-12x12.jpg 12w\" sizes=\"auto, (max-width: 324px) 100vw, 324px\" \/><\/figure>\n<\/div>\n\n\n\n<div class=\"wp-block-column is-layout-flow wp-container-core-column-is-layout-8a368f38 wp-block-column-is-layout-flow\" style=\"flex-basis:66.66%\">\n<h3 class=\"wp-block-heading\">prof. Aleksandra Maatch<\/h3>\n\n\n\n<p>Willy Brandt centre.<\/p>\n<\/div>\n<\/div>\n\n\n\n<p class=\"has-small-font-size\">Politolo\u017cka,&nbsp;<strong>Head of the Jean Monnet Chair of the University of Wroc\u0142aw.<\/strong>She is affiliated with the universities of Bremen, Madrid, Cambridge and Chemnitz. She specializes in comparative European politics and legislative studies.<\/p>\n<\/div>\n<\/div>\n\n\n\n<div class=\"wp-block-column is-layout-flow wp-block-column-is-layout-flow\">\n<div class=\"wp-block-group is-style-hover-bg has-midground-background-color has-background has-global-padding is-layout-constrained wp-container-core-group-is-layout-34847c9e wp-block-group-is-layout-constrained\" style=\"border-radius:15px;padding-top:var(--wp--preset--spacing--50);padding-right:var(--wp--preset--spacing--50);padding-bottom:var(--wp--preset--spacing--50);padding-left:var(--wp--preset--spacing--50)\">\n<div class=\"wp-block-columns is-not-stacked-on-mobile is-layout-flex wp-container-core-columns-is-layout-4fa2f3cb wp-block-columns-is-layout-flex\" style=\"margin-bottom:0px\">\n<div class=\"wp-block-column is-layout-flow wp-block-column-is-layout-flow\" style=\"flex-basis:60px\">\n<figure class=\"wp-block-image size-large is-style-rounded\"><img loading=\"lazy\" decoding=\"async\" width=\"935\" height=\"1024\" src=\"http:\/\/projekteuropa.uwr.edu.pl\/wp-content\/uploads\/2023\/03\/FOT_M.Domagala-1-935x1024.jpg\" alt=\"\" class=\"wp-image-345\" srcset=\"https:\/\/projekteuropa.uwr.edu.pl\/wp-content\/uploads\/2023\/03\/FOT_M.Domagala-1-935x1024.jpg 935w, https:\/\/projekteuropa.uwr.edu.pl\/wp-content\/uploads\/2023\/03\/FOT_M.Domagala-1-274x300.jpg 274w, https:\/\/projekteuropa.uwr.edu.pl\/wp-content\/uploads\/2023\/03\/FOT_M.Domagala-1-768x841.jpg 768w, https:\/\/projekteuropa.uwr.edu.pl\/wp-content\/uploads\/2023\/03\/FOT_M.Domagala-1-1403x1536.jpg 1403w, https:\/\/projekteuropa.uwr.edu.pl\/wp-content\/uploads\/2023\/03\/FOT_M.Domagala-1-11x12.jpg 11w, https:\/\/projekteuropa.uwr.edu.pl\/wp-content\/uploads\/2023\/03\/FOT_M.Domagala-1.jpg 1465w\" sizes=\"auto, (max-width: 935px) 100vw, 935px\" \/><\/figure>\n<\/div>\n\n\n\n<div class=\"wp-block-column is-layout-flow wp-container-core-column-is-layout-8a368f38 wp-block-column-is-layout-flow\" style=\"flex-basis:66.66%\">\n<h3 class=\"wp-block-heading\">dr Mateusz Domaga\u0142a<\/h3>\n\n\n\n<p>Pozna\u0144 Tech Institute.<\/p>\n<\/div>\n<\/div>\n\n\n\n<p class=\"has-small-font-size\">Public speaking specialist.&nbsp;<strong>Author of many publications in the area of persuasion and manipulation,&nbsp;<\/strong>with a focus on public speeches and media presence.<\/p>\n<\/div>\n<\/div>\n\n\n\n<div class=\"wp-block-column is-layout-flow wp-block-column-is-layout-flow\">\n<div class=\"wp-block-group is-style-hover-bg has-global-padding is-layout-constrained wp-container-core-group-is-layout-34847c9e wp-block-group-is-layout-constrained\" style=\"border-radius:15px;padding-top:var(--wp--preset--spacing--50);padding-right:var(--wp--preset--spacing--50);padding-bottom:var(--wp--preset--spacing--50);padding-left:var(--wp--preset--spacing--50)\">\n<div class=\"wp-block-columns is-not-stacked-on-mobile is-layout-flex wp-container-core-columns-is-layout-87beb0d0 wp-block-columns-is-layout-flex\">\n<div class=\"wp-block-column is-layout-flow wp-block-column-is-layout-flow\" style=\"flex-basis:60px\">\n<figure class=\"wp-block-image size-full is-style-rounded\"><img loading=\"lazy\" decoding=\"async\" width=\"926\" height=\"926\" src=\"http:\/\/projekteuropa.uwr.edu.pl\/wp-content\/uploads\/2023\/05\/thumbnail_IMG_20230516_223522_7.jpg\" alt=\"\" class=\"wp-image-706\" srcset=\"https:\/\/projekteuropa.uwr.edu.pl\/wp-content\/uploads\/2023\/05\/thumbnail_IMG_20230516_223522_7.jpg 926w, https:\/\/projekteuropa.uwr.edu.pl\/wp-content\/uploads\/2023\/05\/thumbnail_IMG_20230516_223522_7-300x300.jpg 300w, https:\/\/projekteuropa.uwr.edu.pl\/wp-content\/uploads\/2023\/05\/thumbnail_IMG_20230516_223522_7-150x150.jpg 150w, https:\/\/projekteuropa.uwr.edu.pl\/wp-content\/uploads\/2023\/05\/thumbnail_IMG_20230516_223522_7-768x768.jpg 768w, https:\/\/projekteuropa.uwr.edu.pl\/wp-content\/uploads\/2023\/05\/thumbnail_IMG_20230516_223522_7-12x12.jpg 12w\" sizes=\"auto, (max-width: 926px) 100vw, 926px\" \/><\/figure>\n<\/div>\n\n\n\n<div class=\"wp-block-column is-layout-flow wp-container-core-column-is-layout-8a368f38 wp-block-column-is-layout-flow\" style=\"flex-basis:66.66%\">\n<h3 class=\"wp-block-heading\">dr hab. Maciej Bachryj-Krzywa\u017ania<\/h3>\n\n\n\n<p>University of Wroc\u0142aw<\/p>\n<\/div>\n<\/div>\n\n\n\n<p class=\"has-small-font-size\">Lecturer in the Chair of European Studies of the University of Wroc\u0142aw.&nbsp;<strong>In his research he focuses on the psychological and linguistic foundations of political processes.&nbsp;<\/strong>and the individual and collective behavior that result in political action.<\/p>\n<\/div>\n<\/div>\n<\/div>\n<\/div>\n<\/div>\n<\/div>\n<\/div>","protected":false},"excerpt":{"rendered":"<p>Instytucje: Ekspertki i Eksperci: prof. Anna Pacze\u015bniak UWr Od pocz\u0105tku wspiera dzia\u0142alno\u015b\u0107 Ko\u0142a. W swoim dorobku ma niemal 150 publikacji &nbsp;na temat partii i system\u00f3w partyjnych w Polsce i Europie, [&hellip;]<\/p>","protected":false},"author":3,"featured_media":0,"parent":0,"menu_order":0,"comment_status":"closed","ping_status":"closed","template":"","meta":{"_EventAllDay":false,"_EventTimezone":"","_EventStartDate":"","_EventEndDate":"","_EventStartDateUTC":"","_EventEndDateUTC":"","_EventShowMap":false,"_EventShowMapLink":false,"_EventURL":"","_EventCost":"","_EventCostDescription":"","_EventCurrencySymbol":"","_EventCurrencyCode":"","_EventCurrencyPosition":"","_EventDateTimeSeparator":"","_EventTimeRangeSeparator":"","_EventOrganizerID":[],"_EventVenueID":[],"_OrganizerEmail":"","_OrganizerPhone":"","_OrganizerWebsite":"","_VenueAddress":"","_VenueCity":"","_VenueCountry":"","_VenueProvince":"","_VenueState":"","_VenueZip":"","_VenuePhone":"","_VenueURL":"","_VenueStateProvince":"","_VenueLat":"","_VenueLng":"","_VenueShowMap":false,"_VenueShowMapLink":false,"footnotes":""},"class_list":["post-949","page","type-page","status-publish","hentry"],"_links":{"self":[{"href":"https:\/\/projekteuropa.uwr.edu.pl\/english\/wp-json\/wp\/v2\/pages\/949","targetHints":{"allow":["GET"]}}],"collection":[{"href":"https:\/\/projekteuropa.uwr.edu.pl\/english\/wp-json\/wp\/v2\/pages"}],"about":[{"href":"https:\/\/projekteuropa.uwr.edu.pl\/english\/wp-json\/wp\/v2\/types\/page"}],"author":[{"embeddable":true,"href":"https:\/\/projekteuropa.uwr.edu.pl\/english\/wp-json\/wp\/v2\/users\/3"}],"replies":[{"embeddable":true,"href":"https:\/\/projekteuropa.uwr.edu.pl\/english\/wp-json\/wp\/v2\/comments?post=949"}],"version-history":[{"count":5,"href":"https:\/\/projekteuropa.uwr.edu.pl\/english\/wp-json\/wp\/v2\/pages\/949\/revisions"}],"predecessor-version":[{"id":961,"href":"https:\/\/projekteuropa.uwr.edu.pl\/english\/wp-json\/wp\/v2\/pages\/949\/revisions\/961"}],"wp:attachment":[{"href":"https:\/\/projekteuropa.uwr.edu.pl\/english\/wp-json\/wp\/v2\/media?parent=949"}],"curies":[{"name":"wp","href":"https:\/\/api.w.org\/{rel}","templated":true}]}}