{"id":392,"date":"2023-04-07T00:25:12","date_gmt":"2023-04-06T22:25:12","guid":{"rendered":"https:\/\/projekteuropa.uwr.edu.pl\/?page_id=392"},"modified":"2023-04-25T00:08:56","modified_gmt":"2023-04-24T22:08:56","slug":"blog","status":"publish","type":"page","link":"https:\/\/projekteuropa.uwr.edu.pl\/english\/blog\/","title":{"rendered":"Blog - (In Polish)"},"content":{"rendered":"<p>In this section we try to bring you up to date with important events from across Europe. Important political, economic or social decisions, the consequences of disputes that have been unresolved for years and the realities that are changing before our eyes - all of these affect our daily lives and the Europe we know.&nbsp;<\/p>\n\n\n\n<hr class=\"wp-block-separator has-alpha-channel-opacity is-style-wide\"\/>\n\n\n<ul class=\"wp-block-latest-posts__list has-link-color wp-elements-0cdf3bed8cb28e7499563522cab7a402 wp-block-latest-posts\"><li><div class=\"wp-block-latest-posts__featured-image alignleft\"><a href=\"https:\/\/projekteuropa.uwr.edu.pl\/english\/2024\/01\/15\/rozmowa-o-prawach-czlowieka-spotkanie-z-ambasadorem-irlandii\/\" aria-label=\"Rozmowa o prawach cz\u0142owieka &#8211; spotkanie z Ambasadorem Irlandii\"><img loading=\"lazy\" decoding=\"async\" width=\"300\" height=\"200\" src=\"https:\/\/projekteuropa.uwr.edu.pl\/wp-content\/uploads\/2024\/01\/DSC00812-300x200.jpg\" class=\"attachment-medium size-medium wp-post-image\" alt=\"\" style=\"\" srcset=\"https:\/\/projekteuropa.uwr.edu.pl\/wp-content\/uploads\/2024\/01\/DSC00812-300x200.jpg 300w, https:\/\/projekteuropa.uwr.edu.pl\/wp-content\/uploads\/2024\/01\/DSC00812-1024x683.jpg 1024w, https:\/\/projekteuropa.uwr.edu.pl\/wp-content\/uploads\/2024\/01\/DSC00812-768x512.jpg 768w, https:\/\/projekteuropa.uwr.edu.pl\/wp-content\/uploads\/2024\/01\/DSC00812-1536x1024.jpg 1536w, https:\/\/projekteuropa.uwr.edu.pl\/wp-content\/uploads\/2024\/01\/DSC00812-2048x1365.jpg 2048w, https:\/\/projekteuropa.uwr.edu.pl\/wp-content\/uploads\/2024\/01\/DSC00812-18x12.jpg 18w\" sizes=\"auto, (max-width: 300px) 100vw, 300px\" \/><\/a><\/div><a class=\"wp-block-latest-posts__post-title\" href=\"https:\/\/projekteuropa.uwr.edu.pl\/english\/2024\/01\/15\/rozmowa-o-prawach-czlowieka-spotkanie-z-ambasadorem-irlandii\/\">Rozmowa o prawach cz\u0142owieka &#8211; spotkanie z Ambasadorem Irlandii<\/a><div class=\"wp-block-latest-posts__post-excerpt\">Relacje mi\u0119dzynarodowe, prawa cz\u0142owieka oraz ich przestrzeganie przy wsp\u00f3\u0142czesnych konfliktach oraz relacje Polsko &#8211; Irlandzkie i historie z pracy w s\u0142u\u017cbie dyplomatycznej by\u0142y tematami spotkania z Ambasadorem Irlandii na Uniwersytecie Wroc\u0142awskim. J.E. Ambasador Republiki Irlandii w RP &#8211; Patrick Haughey, na zaproszenie &#8222;Projekt Europa&#8221; i Forum M\u0142odych Dyplomat\u00f3w, we wtorek, 9 stycznie spotka\u0142\u2026 <a class=\"wp-block-latest-posts__read-more\" href=\"https:\/\/projekteuropa.uwr.edu.pl\/english\/2024\/01\/15\/rozmowa-o-prawach-czlowieka-spotkanie-z-ambasadorem-irlandii\/\" rel=\"noopener noreferrer\">Read more<span class=\"screen-reader-text\">: Rozmowa o prawach cz\u0142owieka &#8211; spotkanie z Ambasadorem Irlandii<\/span><\/a><\/div><\/li>\n<li><div class=\"wp-block-latest-posts__featured-image alignleft\"><a href=\"https:\/\/projekteuropa.uwr.edu.pl\/english\/2024\/01\/15\/postawa-unii-europejskiej-wobec-wojny-hamas-izrael\/\" aria-label=\"Postawa Unii Europejskiej wobec wojny Hamas-Izrael\"><img loading=\"lazy\" decoding=\"async\" width=\"300\" height=\"169\" src=\"https:\/\/projekteuropa.uwr.edu.pl\/wp-content\/uploads\/2024\/01\/P061985-4670-800x450-1-300x169.jpg\" class=\"attachment-medium size-medium wp-post-image\" alt=\"\" style=\"\" srcset=\"https:\/\/projekteuropa.uwr.edu.pl\/wp-content\/uploads\/2024\/01\/P061985-4670-800x450-1-300x169.jpg 300w, https:\/\/projekteuropa.uwr.edu.pl\/wp-content\/uploads\/2024\/01\/P061985-4670-800x450-1-768x432.jpg 768w, https:\/\/projekteuropa.uwr.edu.pl\/wp-content\/uploads\/2024\/01\/P061985-4670-800x450-1-18x10.jpg 18w, https:\/\/projekteuropa.uwr.edu.pl\/wp-content\/uploads\/2024\/01\/P061985-4670-800x450-1.jpg 800w\" sizes=\"auto, (max-width: 300px) 100vw, 300px\" \/><\/a><\/div><a class=\"wp-block-latest-posts__post-title\" href=\"https:\/\/projekteuropa.uwr.edu.pl\/english\/2024\/01\/15\/postawa-unii-europejskiej-wobec-wojny-hamas-izrael\/\">Postawa Unii Europejskiej wobec wojny Hamas-Izrael<\/a><div class=\"wp-block-latest-posts__post-excerpt\">07.10.2023 to dzie\u0144, kt\u00f3ry rozbudzi\u0142 konflikt na Bliskim Wschodzie na nowo. Wojna Hamas-Izrael wywar\u0142a olbrzymi wp\u0142yw na zainteresowanie opinii \u015bwiatowej oraz innych aktor\u00f3w na arenie mi\u0119dzynarodowej. Z jednej strony Stany Zjednoczone, kt\u00f3re niezaprzeczalnie stoj\u0105 ramie w ramie z Izraelem, jak i Rosja, kt\u00f3rej konflikt ten pom\u00f3g\u0142 skierowa\u0107 opinie publiczn\u0105 na inny region \u015bwiata.\u2026 <a class=\"wp-block-latest-posts__read-more\" href=\"https:\/\/projekteuropa.uwr.edu.pl\/english\/2024\/01\/15\/postawa-unii-europejskiej-wobec-wojny-hamas-izrael\/\" rel=\"noopener noreferrer\">Read more<span class=\"screen-reader-text\">: Postawa Unii Europejskiej wobec wojny Hamas-Izrael<\/span><\/a><\/div><\/li>\n<li><div class=\"wp-block-latest-posts__featured-image alignleft\"><a href=\"https:\/\/projekteuropa.uwr.edu.pl\/english\/2024\/01\/02\/szczyt-rady-europejskiej\/\" aria-label=\"Szczyt Rady Europejskiej\"><img loading=\"lazy\" decoding=\"async\" width=\"300\" height=\"300\" src=\"https:\/\/projekteuropa.uwr.edu.pl\/wp-content\/uploads\/2024\/01\/410942243_691096046470336_7469254156181876748_n-300x300.jpg\" class=\"attachment-medium size-medium wp-post-image\" alt=\"\" style=\"\" srcset=\"https:\/\/projekteuropa.uwr.edu.pl\/wp-content\/uploads\/2024\/01\/410942243_691096046470336_7469254156181876748_n-300x300.jpg 300w, https:\/\/projekteuropa.uwr.edu.pl\/wp-content\/uploads\/2024\/01\/410942243_691096046470336_7469254156181876748_n-1024x1024.jpg 1024w, https:\/\/projekteuropa.uwr.edu.pl\/wp-content\/uploads\/2024\/01\/410942243_691096046470336_7469254156181876748_n-150x150.jpg 150w, https:\/\/projekteuropa.uwr.edu.pl\/wp-content\/uploads\/2024\/01\/410942243_691096046470336_7469254156181876748_n-768x768.jpg 768w, https:\/\/projekteuropa.uwr.edu.pl\/wp-content\/uploads\/2024\/01\/410942243_691096046470336_7469254156181876748_n-1536x1536.jpg 1536w, https:\/\/projekteuropa.uwr.edu.pl\/wp-content\/uploads\/2024\/01\/410942243_691096046470336_7469254156181876748_n-12x12.jpg 12w, https:\/\/projekteuropa.uwr.edu.pl\/wp-content\/uploads\/2024\/01\/410942243_691096046470336_7469254156181876748_n.jpg 2000w\" sizes=\"auto, (max-width: 300px) 100vw, 300px\" \/><\/a><\/div><a class=\"wp-block-latest-posts__post-title\" href=\"https:\/\/projekteuropa.uwr.edu.pl\/english\/2024\/01\/02\/szczyt-rady-europejskiej\/\">Szczyt Rady Europejskiej<\/a><div class=\"wp-block-latest-posts__post-excerpt\">Przyw\u00f3dcy pa\u0144stw cz\u0142onkowskich UE spotkali si\u0119, aby debatowa\u0107 nad przysz\u0142o\u015bci\u0105 Europy<\/div><\/li>\n<li><div class=\"wp-block-latest-posts__featured-image alignleft\"><a href=\"https:\/\/projekteuropa.uwr.edu.pl\/english\/2023\/12\/19\/spotkanie-israel-at-war-how-does-it-look-on-the-ground-israelis-local-perspective\/\" aria-label=\"Spotkanie: Israel at war &#8211; how does it look on the ground? Israelis&#8217; local perspective\"><img loading=\"lazy\" decoding=\"async\" width=\"300\" height=\"169\" src=\"https:\/\/projekteuropa.uwr.edu.pl\/wp-content\/uploads\/2023\/12\/Izrael-300x169.gif\" class=\"attachment-medium size-medium wp-post-image\" alt=\"\" style=\"\" srcset=\"https:\/\/projekteuropa.uwr.edu.pl\/wp-content\/uploads\/2023\/12\/Izrael-300x169.gif 300w, https:\/\/projekteuropa.uwr.edu.pl\/wp-content\/uploads\/2023\/12\/Izrael-768x433.gif 768w, https:\/\/projekteuropa.uwr.edu.pl\/wp-content\/uploads\/2023\/12\/Izrael-18x10.gif 18w\" sizes=\"auto, (max-width: 300px) 100vw, 300px\" \/><\/a><\/div><a class=\"wp-block-latest-posts__post-title\" href=\"https:\/\/projekteuropa.uwr.edu.pl\/english\/2023\/12\/19\/spotkanie-israel-at-war-how-does-it-look-on-the-ground-israelis-local-perspective\/\">Spotkanie: Israel at war &#8211; how does it look on the ground? Israelis&#8217; local perspective<\/a><div class=\"wp-block-latest-posts__post-excerpt\">Cz\u0142onkowie Ko\u0142a oraz przedstawiciele stowarzyszenia Forum M\u0142odych Dyplomat\u00f3w mieli mo\u017cliwo\u015b\u0107 porozmawia\u0107 z przedstawicielami Uniwersytetu Ben Guriona w Beer Szewie, na po\u0142udniu Izraela. W czasie spotkania Asaf i Avigalia przedstawili w\u0142asny punkt widzenia i opowiedzieli o swoich do\u015bwiadczeniach zwi\u0105zanych z trwaj\u0105cym nadal konfliktem pomi\u0119dzy Izraelem, a Hamasem.<\/div><\/li>\n<li><div class=\"wp-block-latest-posts__featured-image alignleft\"><a href=\"https:\/\/projekteuropa.uwr.edu.pl\/english\/2023\/09\/16\/soteu-2023-i-debata-unia-okiem-mlodych\/\" aria-label=\"SOTEU 2023 i debata &#8222;Unia Okiem M\u0142odych&#8221;\"><img loading=\"lazy\" decoding=\"async\" width=\"300\" height=\"144\" src=\"https:\/\/projekteuropa.uwr.edu.pl\/wp-content\/uploads\/2023\/09\/Bez-nazwy-6-300x144.png\" class=\"attachment-medium size-medium wp-post-image\" alt=\"\" style=\"\" srcset=\"https:\/\/projekteuropa.uwr.edu.pl\/wp-content\/uploads\/2023\/09\/Bez-nazwy-6-300x144.png 300w, https:\/\/projekteuropa.uwr.edu.pl\/wp-content\/uploads\/2023\/09\/Bez-nazwy-6-1024x490.png 1024w, https:\/\/projekteuropa.uwr.edu.pl\/wp-content\/uploads\/2023\/09\/Bez-nazwy-6-768x368.png 768w, https:\/\/projekteuropa.uwr.edu.pl\/wp-content\/uploads\/2023\/09\/Bez-nazwy-6-1536x735.png 1536w, https:\/\/projekteuropa.uwr.edu.pl\/wp-content\/uploads\/2023\/09\/Bez-nazwy-6-2048x980.png 2048w, https:\/\/projekteuropa.uwr.edu.pl\/wp-content\/uploads\/2023\/09\/Bez-nazwy-6-18x9.png 18w\" sizes=\"auto, (max-width: 300px) 100vw, 300px\" \/><\/a><\/div><a class=\"wp-block-latest-posts__post-title\" href=\"https:\/\/projekteuropa.uwr.edu.pl\/english\/2023\/09\/16\/soteu-2023-i-debata-unia-okiem-mlodych\/\">SOTEU 2023 i debata &#8222;Unia Okiem M\u0142odych&#8221;<\/a><div class=\"wp-block-latest-posts__post-excerpt\">Za nami doroczne Or\u0119dzie o stanie Unii Europejskiej. Czym Przewodnicz\u0105ca Komisji Europejskiej w swoim wyst\u0105pieniu nas zaskoczy\u0142a, czym wr\u0119cz przeciwnie, a czego w tegorocznym SOTEU zabrak\u0142o? Na te pytania podczas debaty &#8222;Unia Okiem M\u0142odych&#8221; odpowiadali przedstawiciele &#8222;Projekt Europa&#8221;. Oliwia Niedobecka &#8211; przewodnicz\u0105ca Ko\u0142a Naukowego Student\u00f3w Europeistyki Projekt Europa i jej zast\u0119pca Jakub S\u0142awi\u0144ski,\u2026 <a class=\"wp-block-latest-posts__read-more\" href=\"https:\/\/projekteuropa.uwr.edu.pl\/english\/2023\/09\/16\/soteu-2023-i-debata-unia-okiem-mlodych\/\" rel=\"noopener noreferrer\">Read more<span class=\"screen-reader-text\">: SOTEU 2023 i debata &#8222;Unia Okiem M\u0142odych&#8221;<\/span><\/a><\/div><\/li>\n<li><div class=\"wp-block-latest-posts__featured-image alignleft\"><a href=\"https:\/\/projekteuropa.uwr.edu.pl\/english\/2023\/07\/07\/fete-de-leurope\/\" aria-label=\"Fete de l&#8217;europe\"><img loading=\"lazy\" decoding=\"async\" width=\"300\" height=\"169\" src=\"https:\/\/projekteuropa.uwr.edu.pl\/wp-content\/uploads\/2023\/07\/20230704_150014-300x169.jpg\" class=\"attachment-medium size-medium wp-post-image\" alt=\"\" style=\"\" srcset=\"https:\/\/projekteuropa.uwr.edu.pl\/wp-content\/uploads\/2023\/07\/20230704_150014-300x169.jpg 300w, https:\/\/projekteuropa.uwr.edu.pl\/wp-content\/uploads\/2023\/07\/20230704_150014-1024x576.jpg 1024w, https:\/\/projekteuropa.uwr.edu.pl\/wp-content\/uploads\/2023\/07\/20230704_150014-768x432.jpg 768w, https:\/\/projekteuropa.uwr.edu.pl\/wp-content\/uploads\/2023\/07\/20230704_150014-1536x864.jpg 1536w, https:\/\/projekteuropa.uwr.edu.pl\/wp-content\/uploads\/2023\/07\/20230704_150014-18x10.jpg 18w, https:\/\/projekteuropa.uwr.edu.pl\/wp-content\/uploads\/2023\/07\/20230704_150014.jpg 1980w\" sizes=\"auto, (max-width: 300px) 100vw, 300px\" \/><\/a><\/div><a class=\"wp-block-latest-posts__post-title\" href=\"https:\/\/projekteuropa.uwr.edu.pl\/english\/2023\/07\/07\/fete-de-leurope\/\">Fete de l&#8217;europe<\/a><div class=\"wp-block-latest-posts__post-excerpt\">Tysi\u0105ce os\u00f3b z Drezna, Saksonii, Niemiec i Europy wsp\u00f3lnie bawi\u0142y si\u0119 na Europejskim Festiwalu M\u0142odzie\u017cy, na kt\u00f3rym nie mog\u0142o zabrakn\u0105\u0107 przedstawicieli Ko\u0142a Projekt Europa. Kolejnym europejskim miastem, w kt\u00f3rym dzi\u0119ki zaproszeniu ze strony M\u0142odzie\u017cowej Rady Miasta Wroc\u0142aw i rz\u0105du Saksonii pojawili si\u0119 przedstawiciele Ko\u0142a Projekt Europa jest stolica Saksonii &#8211; Drezno. Tam studenci\u2026 <a class=\"wp-block-latest-posts__read-more\" href=\"https:\/\/projekteuropa.uwr.edu.pl\/english\/2023\/07\/07\/fete-de-leurope\/\" rel=\"noopener noreferrer\">Read more<span class=\"screen-reader-text\">: Fete de l&#8217;europe<\/span><\/a><\/div><\/li>\n<\/ul>\n\n\n<hr class=\"wp-block-separator has-alpha-channel-opacity is-style-wide\"\/>","protected":false},"excerpt":{"rendered":"<p>W tej sekcji staramy si\u0119 przybli\u017cy\u0107 wa\u017cne wydarzenia z ca\u0142ej Europy. Istotne decyzje polityczne, gospodarcze czy spo\u0142eczne, skutki nierozwi\u0105zanych od lat spor\u00f3w i zmieniaj\u0105ca si\u0119 na naszych oczach rzeczywisto\u015b\u0107 &#8211; [&hellip;]<\/p>","protected":false},"author":1,"featured_media":0,"parent":0,"menu_order":0,"comment_status":"closed","ping_status":"closed","template":"","meta":{"_EventAllDay":false,"_EventTimezone":"","_EventStartDate":"","_EventEndDate":"","_EventStartDateUTC":"","_EventEndDateUTC":"","_EventShowMap":false,"_EventShowMapLink":false,"_EventURL":"","_EventCost":"","_EventCostDescription":"","_EventCurrencySymbol":"","_EventCurrencyCode":"","_EventCurrencyPosition":"","_EventDateTimeSeparator":"","_EventTimeRangeSeparator":"","_EventOrganizerID":[],"_EventVenueID":[],"_OrganizerEmail":"","_OrganizerPhone":"","_OrganizerWebsite":"","_VenueAddress":"","_VenueCity":"","_VenueCountry":"","_VenueProvince":"","_VenueState":"","_VenueZip":"","_VenuePhone":"","_VenueURL":"","_VenueStateProvince":"","_VenueLat":"","_VenueLng":"","_VenueShowMap":false,"_VenueShowMapLink":false,"footnotes":""},"class_list":["post-392","page","type-page","status-publish","hentry"],"_links":{"self":[{"href":"https:\/\/projekteuropa.uwr.edu.pl\/english\/wp-json\/wp\/v2\/pages\/392","targetHints":{"allow":["GET"]}}],"collection":[{"href":"https:\/\/projekteuropa.uwr.edu.pl\/english\/wp-json\/wp\/v2\/pages"}],"about":[{"href":"https:\/\/projekteuropa.uwr.edu.pl\/english\/wp-json\/wp\/v2\/types\/page"}],"author":[{"embeddable":true,"href":"https:\/\/projekteuropa.uwr.edu.pl\/english\/wp-json\/wp\/v2\/users\/1"}],"replies":[{"embeddable":true,"href":"https:\/\/projekteuropa.uwr.edu.pl\/english\/wp-json\/wp\/v2\/comments?post=392"}],"version-history":[{"count":7,"href":"https:\/\/projekteuropa.uwr.edu.pl\/english\/wp-json\/wp\/v2\/pages\/392\/revisions"}],"predecessor-version":[{"id":512,"href":"https:\/\/projekteuropa.uwr.edu.pl\/english\/wp-json\/wp\/v2\/pages\/392\/revisions\/512"}],"wp:attachment":[{"href":"https:\/\/projekteuropa.uwr.edu.pl\/english\/wp-json\/wp\/v2\/media?parent=392"}],"curies":[{"name":"wp","href":"https:\/\/api.w.org\/{rel}","templated":true}]}}