{"id":2,"date":"2023-03-09T22:47:38","date_gmt":"2023-03-09T21:47:38","guid":{"rendered":"http:\/\/projekteuropa.uwr.edu.pl\/?page_id=2"},"modified":"2025-10-12T18:55:59","modified_gmt":"2025-10-12T16:55:59","slug":"o-nas","status":"publish","type":"page","link":"https:\/\/projekteuropa.uwr.edu.pl\/english\/o-nas\/","title":{"rendered":""},"content":{"rendered":"<h4 class=\"wp-block-heading\">About us<\/h4>\n\n\n\n<p>We are a group of students who value freedom and Poland's membership in the European Union. With our activities we try to promote the idea of integration and cooperation, while developing our own interests and skills.<\/p>\n\n\n\n<p>Ko\u0142o Naukowe Student\u00f3w Europeistyki Projekt Europa dzia\u0142a przy Instytucie Studi\u00f3w Europejskich (dawniej: Katedra Studi\u00f3w Europejskich) od 2007 roku. W tym czasie przez struktury Ko\u0142a przewin\u0119\u0142y si\u0119 dziesi\u0105tki studentek i student\u00f3w Uniwersytetu Wroc\u0142awskiego. Dzisiaj, zesp\u00f3\u0142 \u201eProjekt Europa\u201d tworz\u0105 g\u0142\u00f3wnie studenci takich kierunk\u00f3w jak: Dyplomacja Europejska czy Europeistyka, kt\u00f3re jak samo Ko\u0142o s\u0105 cz\u0119\u015bci\u0105 ISE.<\/p>\n\n\n\n<h4 class=\"wp-block-heading\">What do we do?<\/h4>\n\n\n\n<p>Over the years, students have taken part in dozens of events and projects. Among them, we can highlight such as study visits to the Berlaymont, the headquarters of the European Commission in Brussels, or to Strasbourg, which is one of the locations for the European Parliament.<\/p>\n\n\n\n<p>,,Projekt Europa\" also has in its portfolio the participation in several international projects together with students from Moldova and Georgia. Students were also organisers of pre-election debates or an away seminar at the research station in Karpacz - 'Future and challenges of european integration'.<\/p>\n\n\n\n<div class=\"wp-block-buttons is-horizontal is-content-justification-center is-layout-flex wp-container-core-buttons-is-layout-03627597 wp-block-buttons-is-layout-flex\"><\/div>\n\n\n\n<div class=\"wp-block-columns is-layout-flex wp-container-core-columns-is-layout-28f84493 wp-block-columns-is-layout-flex\">\n<div class=\"wp-block-column is-layout-flow wp-block-column-is-layout-flow\">\n<div class=\"wp-block-group alignwide has-global-padding is-layout-constrained wp-container-core-group-is-layout-ca01fb84 wp-block-group-is-layout-constrained\" style=\"margin-top:0;margin-bottom:0;padding-top:0px;padding-bottom:var(--wp--preset--spacing--70)\">\n<div class=\"wp-block-columns alignwide are-vertically-aligned-top is-layout-flex wp-container-core-columns-is-layout-47c06fe3 wp-block-columns-is-layout-flex\">\n<div class=\"wp-block-column is-vertically-aligned-top has-midground-background-color has-background is-layout-flow wp-container-core-column-is-layout-a7d66048 wp-block-column-is-layout-flow\" style=\"padding-top:var(--wp--preset--spacing--70);padding-right:0;padding-bottom:0;padding-left:0\">\n<div class=\"wp-block-columns is-layout-flex wp-container-core-columns-is-layout-bf26a581 wp-block-columns-is-layout-flex\" style=\"padding-right:var(--wp--preset--spacing--50);padding-left:var(--wp--preset--spacing--50)\">\n<div class=\"wp-block-column is-layout-flow wp-block-column-is-layout-flow\" style=\"flex-basis:5%\"><\/div>\n\n\n\n<div class=\"wp-block-column is-layout-flow wp-block-column-is-layout-flow\" style=\"flex-basis:90%\">\n<h2 class=\"wp-block-heading has-text-align-center\" style=\"margin-top:var(--wp--preset--spacing--10);font-size:clamp(25.984px, 1.624rem + ((1vw - 3.2px) * 1.408), 44px);\">See our projects<\/h2>\n\n\n\n<p class=\"has-text-align-center has-small-font-size\">What projects have been completed?<\/p>\n\n\n\n<div class=\"wp-block-buttons is-content-justification-center is-layout-flex wp-container-core-buttons-is-layout-a6d9f191 wp-block-buttons-is-layout-flex\" style=\"margin-top:var(--wp--preset--spacing--40);margin-bottom:var(--wp--preset--spacing--40)\">\n<div class=\"wp-block-button\"><a class=\"wp-block-button__link has-tiny-plus-font-size has-custom-font-size wp-element-button\" href=\"https:\/\/projekteuropa.uwr.edu.pl\/english\/projekty\/\" style=\"font-style:normal;font-weight:700\">See more.<\/a><\/div>\n<\/div>\n<\/div>\n\n\n\n<div class=\"wp-block-column is-layout-flow wp-block-column-is-layout-flow\" style=\"flex-basis:5%\"><\/div>\n<\/div>\n\n\n\n<figure class=\"wp-block-image size-full\"><img loading=\"lazy\" decoding=\"async\" width=\"1000\" height=\"756\" src=\"https:\/\/projekteuropa.uwr.edu.pl\/wp-content\/uploads\/2023\/09\/services-side1.jpg\" alt=\"\" class=\"wp-image-888\" srcset=\"https:\/\/projekteuropa.uwr.edu.pl\/wp-content\/uploads\/2023\/09\/services-side1.jpg 1000w, https:\/\/projekteuropa.uwr.edu.pl\/wp-content\/uploads\/2023\/09\/services-side1-300x227.jpg 300w, https:\/\/projekteuropa.uwr.edu.pl\/wp-content\/uploads\/2023\/09\/services-side1-768x581.jpg 768w, https:\/\/projekteuropa.uwr.edu.pl\/wp-content\/uploads\/2023\/09\/services-side1-16x12.jpg 16w\" sizes=\"auto, (max-width: 1000px) 100vw, 1000px\" \/><\/figure>\n<\/div>\n\n\n\n<div class=\"wp-block-column is-vertically-aligned-top has-background is-layout-flow wp-container-core-column-is-layout-a7d66048 wp-block-column-is-layout-flow\" style=\"background-color:#c8dcff;padding-top:var(--wp--preset--spacing--70);padding-right:0;padding-bottom:0;padding-left:0\">\n<div class=\"wp-block-columns is-layout-flex wp-container-core-columns-is-layout-bf26a581 wp-block-columns-is-layout-flex\" style=\"padding-right:var(--wp--preset--spacing--50);padding-left:var(--wp--preset--spacing--50)\">\n<div class=\"wp-block-column is-layout-flow wp-block-column-is-layout-flow\" style=\"flex-basis:5%\"><\/div>\n\n\n\n<div class=\"wp-block-column is-layout-flow wp-block-column-is-layout-flow\" style=\"flex-basis:90%\">\n<h2 class=\"wp-block-heading has-text-align-center\" style=\"margin-top:var(--wp--preset--spacing--10);font-size:clamp(25.984px, 1.624rem + ((1vw - 3.2px) * 1.408), 44px);\">See the publication<\/h2>\n\n\n\n<p class=\"has-text-align-center has-small-font-size\">&#8222;Dok\u0105d zmierza Unia Europejska?&#8221;<\/p>\n\n\n\n<div class=\"wp-block-buttons is-content-justification-center is-layout-flex wp-container-core-buttons-is-layout-a6d9f191 wp-block-buttons-is-layout-flex\" style=\"margin-top:var(--wp--preset--spacing--40);margin-bottom:var(--wp--preset--spacing--40)\">\n<div class=\"wp-block-button\"><a class=\"wp-block-button__link has-tiny-plus-font-size has-custom-font-size wp-element-button\" href=\"https:\/\/projekteuropa.uwr.edu.pl\/english\/publikacje\/\" style=\"font-style:normal;font-weight:700\">See the publication<\/a><\/div>\n<\/div>\n<\/div>\n\n\n\n<div class=\"wp-block-column is-layout-flow wp-block-column-is-layout-flow\" style=\"flex-basis:5%\"><\/div>\n<\/div>\n\n\n\n<figure class=\"wp-block-image size-full\"><img loading=\"lazy\" decoding=\"async\" width=\"1000\" height=\"756\" src=\"https:\/\/projekteuropa.uwr.edu.pl\/wp-content\/uploads\/2023\/09\/services-side2-2.jpg\" alt=\"\" class=\"wp-image-893\" srcset=\"https:\/\/projekteuropa.uwr.edu.pl\/wp-content\/uploads\/2023\/09\/services-side2-2.jpg 1000w, https:\/\/projekteuropa.uwr.edu.pl\/wp-content\/uploads\/2023\/09\/services-side2-2-300x227.jpg 300w, https:\/\/projekteuropa.uwr.edu.pl\/wp-content\/uploads\/2023\/09\/services-side2-2-768x581.jpg 768w, https:\/\/projekteuropa.uwr.edu.pl\/wp-content\/uploads\/2023\/09\/services-side2-2-16x12.jpg 16w\" sizes=\"auto, (max-width: 1000px) 100vw, 1000px\" \/><\/figure>\n<\/div>\n<\/div>\n<\/div>\n<\/div>\n<\/div>\n\n\n\n<h4 class=\"wp-block-heading\">Who do we cooperate with?<\/h4>\n\n\n\n<p>Our presence over several years has allowed us to establish partnerships with many important institutions and individuals. Among them we can highlight: The Regional Representation of the European Commission in Wroc\u0142aw, the European Parliament Office in Wroc\u0142aw, the European Union Information Point in Wroc\u0142aw or the Young Diplomats Forum. <\/p>\n\n\n\n<div class=\"wp-block-columns alignwide is-layout-flex wp-container-core-columns-is-layout-8d914bf4 wp-block-columns-is-layout-flex\" style=\"border-radius:0px;margin-top:0;margin-bottom:0;padding-top:var(--wp--preset--spacing--30);padding-bottom:var(--wp--preset--spacing--30)\">\n<div class=\"wp-block-column is-layout-flow wp-container-core-column-is-layout-119bc444 wp-block-column-is-layout-flow\">\n<div class=\"wp-block-group lemmony-group-squeeze is-horizontal is-content-justification-center is-nowrap is-layout-flex wp-container-core-group-is-layout-acc6c49a wp-block-group-is-layout-flex\" style=\"padding-left:var(--wp--preset--spacing--20)\">\n<figure class=\"wp-block-image alignfull size-full has-custom-border is-style-rounded lemmony-animation\" style=\"--lemmony-animation-name:lemmonyFadeInRight;animation-duration:var(--lemmony-speed-xfast);animation-delay:var(--lemmony-delay-xsmall)\"><img loading=\"lazy\" decoding=\"async\" width=\"894\" height=\"894\" src=\"http:\/\/projekteuropa.uwr.edu.pl\/wp-content\/uploads\/2023\/03\/2022_Anna-Paczesniak_fot.Alina-Metelytsia_2-1600x1017-1.png\" alt=\"\" class=\"has-border-color wp-image-364\" style=\"border-color:#FFFFFF;border-width:4px;border-radius:100px\" srcset=\"https:\/\/projekteuropa.uwr.edu.pl\/wp-content\/uploads\/2023\/03\/2022_Anna-Paczesniak_fot.Alina-Metelytsia_2-1600x1017-1.png 894w, https:\/\/projekteuropa.uwr.edu.pl\/wp-content\/uploads\/2023\/03\/2022_Anna-Paczesniak_fot.Alina-Metelytsia_2-1600x1017-1-300x300.png 300w, https:\/\/projekteuropa.uwr.edu.pl\/wp-content\/uploads\/2023\/03\/2022_Anna-Paczesniak_fot.Alina-Metelytsia_2-1600x1017-1-150x150.png 150w, https:\/\/projekteuropa.uwr.edu.pl\/wp-content\/uploads\/2023\/03\/2022_Anna-Paczesniak_fot.Alina-Metelytsia_2-1600x1017-1-768x768.png 768w, https:\/\/projekteuropa.uwr.edu.pl\/wp-content\/uploads\/2023\/03\/2022_Anna-Paczesniak_fot.Alina-Metelytsia_2-1600x1017-1-12x12.png 12w\" sizes=\"auto, (max-width: 894px) 100vw, 894px\" \/><\/figure>\n\n\n\n<div class=\"wp-block-group has-global-padding is-layout-constrained wp-block-group-is-layout-constrained\">\n<figure class=\"wp-block-image size-full is-resized has-custom-border is-style-rounded lemmony-animation\" style=\"--lemmony-animation-name:lemmonyFadeInRight;animation-duration:var(--lemmony-speed-xfast)\"><img loading=\"lazy\" decoding=\"async\" width=\"800\" height=\"800\" src=\"https:\/\/projekteuropa.uwr.edu.pl\/wp-content\/uploads\/2023\/09\/logo-fdm.png\" alt=\"\" class=\"has-border-color has-background-border-color wp-image-874\" style=\"border-width:4px;width:100px;height:undefinedpx\" srcset=\"https:\/\/projekteuropa.uwr.edu.pl\/wp-content\/uploads\/2023\/09\/logo-fdm.png 800w, https:\/\/projekteuropa.uwr.edu.pl\/wp-content\/uploads\/2023\/09\/logo-fdm-300x300.png 300w, https:\/\/projekteuropa.uwr.edu.pl\/wp-content\/uploads\/2023\/09\/logo-fdm-150x150.png 150w, https:\/\/projekteuropa.uwr.edu.pl\/wp-content\/uploads\/2023\/09\/logo-fdm-768x768.png 768w, https:\/\/projekteuropa.uwr.edu.pl\/wp-content\/uploads\/2023\/09\/logo-fdm-12x12.png 12w\" sizes=\"auto, (max-width: 800px) 100vw, 800px\" \/><\/figure>\n<\/div>\n\n\n\n<div class=\"wp-block-group has-global-padding is-layout-constrained wp-block-group-is-layout-constrained\" style=\"margin-top:0\">\n<figure class=\"wp-block-image size-thumbnail is-resized has-custom-border is-style-rounded lemmony-animation\" style=\"--lemmony-animation-name:lemmonyFadeInRight;animation-duration:var(--lemmony-speed-xfast);animation-delay:var(--lemmony-delay-small)\"><img loading=\"lazy\" decoding=\"async\" width=\"150\" height=\"150\" src=\"https:\/\/projekteuropa.uwr.edu.pl\/wp-content\/uploads\/2023\/03\/FOT_M.Domagala-1-150x150.jpg\" alt=\"\" class=\"has-border-color has-background-border-color wp-image-345\" style=\"border-width:4px;width:150px;height:undefinedpx\" srcset=\"https:\/\/projekteuropa.uwr.edu.pl\/wp-content\/uploads\/2023\/03\/FOT_M.Domagala-1-150x150.jpg 150w, https:\/\/projekteuropa.uwr.edu.pl\/wp-content\/uploads\/2023\/03\/FOT_M.Domagala-1-11x12.jpg 11w\" sizes=\"auto, (max-width: 150px) 100vw, 150px\" \/><\/figure>\n<\/div>\n\n\n\n<div class=\"wp-block-group has-global-padding is-layout-constrained wp-block-group-is-layout-constrained\">\n<figure class=\"wp-block-image alignfull size-full has-custom-border is-style-rounded lemmony-animation\" style=\"--lemmony-animation-name:lemmonyFadeInRight;animation-duration:var(--lemmony-speed-xfast);animation-delay:var(--lemmony-delay-xsmall)\"><img loading=\"lazy\" decoding=\"async\" width=\"1024\" height=\"1024\" src=\"https:\/\/projekteuropa.uwr.edu.pl\/wp-content\/uploads\/2023\/09\/271727636_291073983057738_8242756382512671148_n-4.png\" alt=\"\" class=\"has-border-color has-background-border-color wp-image-881\" style=\"border-width:4px\" srcset=\"https:\/\/projekteuropa.uwr.edu.pl\/wp-content\/uploads\/2023\/09\/271727636_291073983057738_8242756382512671148_n-4.png 1024w, https:\/\/projekteuropa.uwr.edu.pl\/wp-content\/uploads\/2023\/09\/271727636_291073983057738_8242756382512671148_n-4-300x300.png 300w, https:\/\/projekteuropa.uwr.edu.pl\/wp-content\/uploads\/2023\/09\/271727636_291073983057738_8242756382512671148_n-4-150x150.png 150w, https:\/\/projekteuropa.uwr.edu.pl\/wp-content\/uploads\/2023\/09\/271727636_291073983057738_8242756382512671148_n-4-768x768.png 768w, https:\/\/projekteuropa.uwr.edu.pl\/wp-content\/uploads\/2023\/09\/271727636_291073983057738_8242756382512671148_n-4-12x12.png 12w\" sizes=\"auto, (max-width: 1024px) 100vw, 1024px\" \/><\/figure>\n<\/div>\n<\/div>\n<\/div>\n<\/div>\n\n\n\n<div class=\"wp-block-buttons is-content-justification-center is-layout-flex wp-container-core-buttons-is-layout-cf9c91f0 wp-block-buttons-is-layout-flex\" style=\"margin-top:0;margin-bottom:var(--wp--preset--spacing--60)\">\n<div class=\"wp-block-button\"><a class=\"wp-block-button__link wp-element-button\" href=\"https:\/\/projekteuropa.uwr.edu.pl\/english\/wspolpraca\/\">Learn More<\/a><\/div>\n<\/div>\n\n\n\n<h4 class=\"wp-block-heading\">Not just learning<\/h4>\n\n\n\n<p>,,Projekt Europa\" activities are not limited to events of academical nature. Every year, students from the club are involved in the organisation of the Political Picnic - a cyclical event organised at the Institute of Political Science and the Institute of European Studies of the University of Wroc\u0142aw, together with other research clubs. In previous years, the Circle was the organiser of the Santa Claus Quiz or the 'Clash of the Titans', in which students competed against lecturers and IES staff.<\/p>","protected":false},"excerpt":{"rendered":"<p>O nas Jeste\u015bmy grup\u0105 student\u00f3w, kt\u00f3rzy ceni\u0105 sobie wolno\u015b\u0107 i przynale\u017cno\u015b\u0107 Polski do Unii Europejskiej. Nasz\u0105 dzia\u0142alno\u015bci\u0105 staramy si\u0119 promowa\u0107 ide\u0119 integracji i wsp\u00f3\u0142pracy, jednocze\u015bnie rozwijaj\u0105c w\u0142asne zainteresowania i umiej\u0119tno\u015bci. [&hellip;]<\/p>","protected":false},"author":3,"featured_media":0,"parent":0,"menu_order":0,"comment_status":"closed","ping_status":"open","template":"","meta":{"_EventAllDay":false,"_EventTimezone":"","_EventStartDate":"","_EventEndDate":"","_EventStartDateUTC":"","_EventEndDateUTC":"","_EventShowMap":false,"_EventShowMapLink":false,"_EventURL":"","_EventCost":"","_EventCostDescription":"","_EventCurrencySymbol":"","_EventCurrencyCode":"","_EventCurrencyPosition":"","_EventDateTimeSeparator":"","_EventTimeRangeSeparator":"","_EventOrganizerID":[],"_EventVenueID":[],"_OrganizerEmail":"","_OrganizerPhone":"","_OrganizerWebsite":"","_VenueAddress":"","_VenueCity":"","_VenueCountry":"","_VenueProvince":"","_VenueState":"","_VenueZip":"","_VenuePhone":"","_VenueURL":"","_VenueStateProvince":"","_VenueLat":"","_VenueLng":"","_VenueShowMap":false,"_VenueShowMapLink":false,"footnotes":""},"class_list":["post-2","page","type-page","status-publish","hentry"],"_links":{"self":[{"href":"https:\/\/projekteuropa.uwr.edu.pl\/english\/wp-json\/wp\/v2\/pages\/2","targetHints":{"allow":["GET"]}}],"collection":[{"href":"https:\/\/projekteuropa.uwr.edu.pl\/english\/wp-json\/wp\/v2\/pages"}],"about":[{"href":"https:\/\/projekteuropa.uwr.edu.pl\/english\/wp-json\/wp\/v2\/types\/page"}],"author":[{"embeddable":true,"href":"https:\/\/projekteuropa.uwr.edu.pl\/english\/wp-json\/wp\/v2\/users\/3"}],"replies":[{"embeddable":true,"href":"https:\/\/projekteuropa.uwr.edu.pl\/english\/wp-json\/wp\/v2\/comments?post=2"}],"version-history":[{"count":28,"href":"https:\/\/projekteuropa.uwr.edu.pl\/english\/wp-json\/wp\/v2\/pages\/2\/revisions"}],"predecessor-version":[{"id":2218,"href":"https:\/\/projekteuropa.uwr.edu.pl\/english\/wp-json\/wp\/v2\/pages\/2\/revisions\/2218"}],"wp:attachment":[{"href":"https:\/\/projekteuropa.uwr.edu.pl\/english\/wp-json\/wp\/v2\/media?parent=2"}],"curies":[{"name":"wp","href":"https:\/\/api.w.org\/{rel}","templated":true}]}}