{"id":193,"date":"2023-03-10T22:00:24","date_gmt":"2023-03-10T21:00:24","guid":{"rendered":"http:\/\/projekteuropa.uwr.edu.pl\/?page_id=193"},"modified":"2026-03-25T10:33:21","modified_gmt":"2026-03-25T09:33:21","slug":"zespol","status":"publish","type":"page","link":"https:\/\/projekteuropa.uwr.edu.pl\/english\/zespol\/","title":{"rendered":"Team"},"content":{"rendered":"<div class=\"wp-block-group alignwide is-layout-flow wp-block-group-is-layout-flow\" style=\"margin-top:0;margin-bottom:0;padding-top:var(--wp--preset--spacing--70);padding-bottom:128px\">\n<h5 class=\"wp-block-heading has-text-align-center lemmony-animation lemmonyFadeInUp has-small-font-size lemmony-animation\" style=\"font-style:normal;font-weight:600;line-height:1.6;--lemmony-animation-name:lemmonyFadeInUp\">Meet our Team!<\/h5>\n\n\n\n<h2 class=\"wp-block-heading has-text-align-center lemmony-animation lemmonyFadeInUp has-extra-huge-font-size lemmony-animation\" style=\"margin-top:var(--wp--preset--spacing--10);line-height:1.3;--lemmony-animation-name:lemmonyFadeInUp\">Board Members<\/h2>\n\n\n\n<div class=\"wp-block-columns is-layout-flex wp-container-core-columns-is-layout-92fcfc66 wp-block-columns-is-layout-flex\" style=\"padding-top:var(--wp--preset--spacing--50)\">\n<div class=\"wp-block-column is-layout-flow wp-container-core-column-is-layout-e3d1c41b wp-block-column-is-layout-flow\">\n<div class=\"wp-block-cover is-light has-custom-content-position is-position-bottom-left lemmony-aspect-radio-square\" style=\"min-height:460px;aspect-ratio:unset;\"><img loading=\"lazy\" decoding=\"async\" width=\"1170\" height=\"1891\" class=\"wp-block-cover__image-background wp-image-2211 size-full\" alt=\"\" src=\"https:\/\/projekteuropa.uwr.edu.pl\/wp-content\/uploads\/2025\/10\/IMG_5984-1.jpg\" data-object-fit=\"cover\" srcset=\"https:\/\/projekteuropa.uwr.edu.pl\/wp-content\/uploads\/2025\/10\/IMG_5984-1.jpg 1170w, https:\/\/projekteuropa.uwr.edu.pl\/wp-content\/uploads\/2025\/10\/IMG_5984-1-186x300.jpg 186w, https:\/\/projekteuropa.uwr.edu.pl\/wp-content\/uploads\/2025\/10\/IMG_5984-1-634x1024.jpg 634w, https:\/\/projekteuropa.uwr.edu.pl\/wp-content\/uploads\/2025\/10\/IMG_5984-1-768x1241.jpg 768w, https:\/\/projekteuropa.uwr.edu.pl\/wp-content\/uploads\/2025\/10\/IMG_5984-1-950x1536.jpg 950w, https:\/\/projekteuropa.uwr.edu.pl\/wp-content\/uploads\/2025\/10\/IMG_5984-1-7x12.jpg 7w\" sizes=\"auto, (max-width: 1170px) 100vw, 1170px\" \/><span aria-hidden=\"true\" class=\"wp-block-cover__background has-background-dim-0 has-background-dim\" style=\"background-color:#575b6b\"><\/span><div class=\"wp-block-cover__inner-container is-layout-flow wp-block-cover-is-layout-flow\">\n<div class=\"wp-block-buttons lemmony-animation lemmonyFadeInUp is-content-justification-right is-layout-flex wp-container-core-buttons-is-layout-e035ea83 wp-block-buttons-is-layout-flex\" style=\"--lemmony-animation-name:lemmonyFadeInUp;animation-delay:var(--lemmony-delay-xsmall)\">\n<div class=\"wp-block-button\"><a class=\"wp-block-button__link has-body-color has-background-background-color has-text-color has-background has-tiny-font-size has-custom-font-size wp-element-button\" href=\"https:\/\/www.linkedin.com\/in\/inga-jacunska\/\" style=\"padding-top:12px;padding-right:20px;padding-bottom:12px;padding-left:20px\">Linkedin<\/a><\/div>\n<\/div>\n<\/div><\/div>\n\n\n\n<h4 class=\"wp-block-heading has-medium-font-size\" style=\"margin-top:var(--wp--preset--spacing--40)\">Inga Jacu\u0144ska<\/h4>\n\n\n\n<p class=\"lemmony-animation lemmonyFadeIn has-meta-color has-text-color has-tiny-plus-font-size lemmony-animation\" style=\"--lemmony-animation-name:lemmonyFadeIn;animation-delay:var(--lemmony-delay-xsmall)\">Chairwoman<\/p>\n<\/div>\n\n\n\n<div class=\"wp-block-column is-layout-flow wp-container-core-column-is-layout-e3d1c41b wp-block-column-is-layout-flow\">\n<div class=\"wp-block-cover is-light has-custom-content-position is-position-bottom-left lemmony-aspect-radio-square\" style=\"min-height:460px;aspect-ratio:unset;\"><img loading=\"lazy\" decoding=\"async\" width=\"631\" height=\"1024\" class=\"wp-block-cover__image-background wp-image-2212 size-large\" alt=\"\" src=\"https:\/\/projekteuropa.uwr.edu.pl\/wp-content\/uploads\/2025\/10\/IMG_5982-3-631x1024.jpg\" data-object-fit=\"cover\" srcset=\"https:\/\/projekteuropa.uwr.edu.pl\/wp-content\/uploads\/2025\/10\/IMG_5982-3-631x1024.jpg 631w, https:\/\/projekteuropa.uwr.edu.pl\/wp-content\/uploads\/2025\/10\/IMG_5982-3-185x300.jpg 185w, https:\/\/projekteuropa.uwr.edu.pl\/wp-content\/uploads\/2025\/10\/IMG_5982-3-768x1247.jpg 768w, https:\/\/projekteuropa.uwr.edu.pl\/wp-content\/uploads\/2025\/10\/IMG_5982-3-946x1536.jpg 946w, https:\/\/projekteuropa.uwr.edu.pl\/wp-content\/uploads\/2025\/10\/IMG_5982-3-7x12.jpg 7w, https:\/\/projekteuropa.uwr.edu.pl\/wp-content\/uploads\/2025\/10\/IMG_5982-3.jpg 1170w\" sizes=\"auto, (max-width: 631px) 100vw, 631px\" \/><span aria-hidden=\"true\" class=\"wp-block-cover__background has-background-dim-0 has-background-dim\" style=\"background-color:#5f6a7f\"><\/span><div class=\"wp-block-cover__inner-container is-layout-flow wp-block-cover-is-layout-flow\">\n<div class=\"wp-block-buttons lemmony-animation lemmonyFadeInUp is-layout-flex wp-block-buttons-is-layout-flex\" style=\"--lemmony-animation-name:lemmonyFadeInUp\">\n<div class=\"wp-block-button\"><a class=\"wp-block-button__link has-body-color has-background-background-color has-text-color has-background has-tiny-font-size has-custom-font-size wp-element-button\" href=\"https:\/\/www.linkedin.com\/in\/omar-jouhari-dominiuk-a55133350\/\" style=\"padding-top:12px;padding-right:20px;padding-bottom:12px;padding-left:20px\">Linkedin<\/a><\/div>\n<\/div>\n<\/div><\/div>\n\n\n\n<h4 class=\"wp-block-heading has-medium-font-size\" style=\"margin-top:var(--wp--preset--spacing--40)\">Omar Jouhari<\/h4>\n\n\n\n<p class=\"lemmony-animation lemmonyFadeIn has-meta-color has-text-color has-tiny-plus-font-size lemmony-animation\" style=\"--lemmony-animation-name:lemmonyFadeIn\">Zast\u0119pca Przewodnicz\u0105cej<\/p>\n<\/div>\n\n\n\n<div class=\"wp-block-column is-layout-flow wp-container-core-column-is-layout-e3d1c41b wp-block-column-is-layout-flow\">\n<div class=\"wp-block-cover has-custom-content-position is-position-bottom-left lemmony-aspect-radio-square\" style=\"min-height:460px;aspect-ratio:unset;\"><img loading=\"lazy\" decoding=\"async\" width=\"636\" height=\"1024\" class=\"wp-block-cover__image-background wp-image-2213 size-large\" alt=\"\" src=\"https:\/\/projekteuropa.uwr.edu.pl\/wp-content\/uploads\/2025\/10\/IMG_5983-2-636x1024.jpg\" data-object-fit=\"cover\" srcset=\"https:\/\/projekteuropa.uwr.edu.pl\/wp-content\/uploads\/2025\/10\/IMG_5983-2-636x1024.jpg 636w, https:\/\/projekteuropa.uwr.edu.pl\/wp-content\/uploads\/2025\/10\/IMG_5983-2-186x300.jpg 186w, https:\/\/projekteuropa.uwr.edu.pl\/wp-content\/uploads\/2025\/10\/IMG_5983-2-768x1237.jpg 768w, https:\/\/projekteuropa.uwr.edu.pl\/wp-content\/uploads\/2025\/10\/IMG_5983-2-953x1536.jpg 953w, https:\/\/projekteuropa.uwr.edu.pl\/wp-content\/uploads\/2025\/10\/IMG_5983-2-7x12.jpg 7w, https:\/\/projekteuropa.uwr.edu.pl\/wp-content\/uploads\/2025\/10\/IMG_5983-2.jpg 1170w\" sizes=\"auto, (max-width: 636px) 100vw, 636px\" \/><span aria-hidden=\"true\" class=\"wp-block-cover__background has-background-dim-0 has-background-dim\" style=\"background-color:#9fa6b0\"><\/span><div class=\"wp-block-cover__inner-container is-layout-flow wp-block-cover-is-layout-flow\">\n<div class=\"wp-block-buttons lemmony-animation lemmonyFadeInUp is-layout-flex wp-block-buttons-is-layout-flex\" style=\"--lemmony-animation-name:lemmonyFadeInUp;animation-delay:var(--lemmony-delay-small)\">\n<div class=\"wp-block-button\"><a class=\"wp-block-button__link has-body-color has-background-background-color has-text-color has-background has-tiny-font-size has-custom-font-size wp-element-button\" style=\"padding-top:12px;padding-right:20px;padding-bottom:12px;padding-left:20px\">Linkedin<\/a><\/div>\n<\/div>\n<\/div><\/div>\n\n\n\n<h4 class=\"wp-block-heading has-medium-font-size\" style=\"margin-top:var(--wp--preset--spacing--40)\">Urszula Buga\u0142a<\/h4>\n\n\n\n<p class=\"lemmony-animation lemmonyFadeIn has-meta-color has-text-color has-tiny-plus-font-size lemmony-animation\" style=\"--lemmony-animation-name:lemmonyFadeIn;animation-delay:var(--lemmony-delay-small)\">Sekretarz<\/p>\n<\/div>\n<\/div>\n\n\n\n<div class=\"wp-block-columns is-layout-flex wp-container-core-columns-is-layout-92fcfc66 wp-block-columns-is-layout-flex\" style=\"padding-top:var(--wp--preset--spacing--50)\">\n<div class=\"wp-block-column is-layout-flow wp-container-core-column-is-layout-e3d1c41b wp-block-column-is-layout-flow\">\n<div class=\"wp-block-cover is-light has-custom-content-position is-position-bottom-left lemmony-aspect-radio-square\" style=\"min-height:460px;aspect-ratio:unset;\"><img loading=\"lazy\" decoding=\"async\" width=\"631\" height=\"1024\" class=\"wp-block-cover__image-background wp-image-2214 size-large\" alt=\"\" src=\"https:\/\/projekteuropa.uwr.edu.pl\/wp-content\/uploads\/2025\/10\/IMG_5981-2-631x1024.jpg\" data-object-fit=\"cover\" srcset=\"https:\/\/projekteuropa.uwr.edu.pl\/wp-content\/uploads\/2025\/10\/IMG_5981-2-631x1024.jpg 631w, https:\/\/projekteuropa.uwr.edu.pl\/wp-content\/uploads\/2025\/10\/IMG_5981-2-185x300.jpg 185w, https:\/\/projekteuropa.uwr.edu.pl\/wp-content\/uploads\/2025\/10\/IMG_5981-2-768x1247.jpg 768w, https:\/\/projekteuropa.uwr.edu.pl\/wp-content\/uploads\/2025\/10\/IMG_5981-2-946x1536.jpg 946w, https:\/\/projekteuropa.uwr.edu.pl\/wp-content\/uploads\/2025\/10\/IMG_5981-2-7x12.jpg 7w, https:\/\/projekteuropa.uwr.edu.pl\/wp-content\/uploads\/2025\/10\/IMG_5981-2.jpg 1170w\" sizes=\"auto, (max-width: 631px) 100vw, 631px\" \/><span aria-hidden=\"true\" class=\"wp-block-cover__background has-background-dim-0 has-background-dim\" style=\"background-color:#6d7380\"><\/span><div class=\"wp-block-cover__inner-container is-layout-flow wp-block-cover-is-layout-flow\">\n<div class=\"wp-block-buttons lemmony-animation lemmonyFadeInUp is-layout-flex wp-block-buttons-is-layout-flex\" style=\"--lemmony-animation-name:lemmonyFadeInUp\">\n<div class=\"wp-block-button\"><a class=\"wp-block-button__link has-body-color has-background-background-color has-text-color has-background has-tiny-font-size has-custom-font-size wp-element-button\" style=\"padding-top:12px;padding-right:20px;padding-bottom:12px;padding-left:20px\">LinkedIn<\/a><\/div>\n<\/div>\n<\/div><\/div>\n\n\n\n<h4 class=\"wp-block-heading has-medium-font-size\" style=\"margin-top:var(--wp--preset--spacing--40)\">Kornelia Czajkowska<\/h4>\n\n\n\n<p class=\"lemmony-animation lemmonyFadeIn has-meta-color has-text-color has-tiny-plus-font-size lemmony-animation\" style=\"--lemmony-animation-name:lemmonyFadeIn\">Communications and promotion team leader<\/p>\n<\/div>\n\n\n\n<div class=\"wp-block-column is-layout-flow wp-block-column-is-layout-flow\"><\/div>\n\n\n\n<div class=\"wp-block-column is-layout-flow wp-container-core-column-is-layout-e3d1c41b wp-block-column-is-layout-flow\">\n<div class=\"wp-block-cover has-custom-content-position is-position-bottom-left lemmony-aspect-radio-square\" style=\"min-height:460px;aspect-ratio:unset;\"><img loading=\"lazy\" decoding=\"async\" width=\"718\" height=\"927\" class=\"wp-block-cover__image-background wp-image-2203 size-full\" alt=\"\" src=\"http:\/\/projekteuropa.uwr.edu.pl\/wp-content\/uploads\/2025\/10\/Image.jpeg\" data-object-fit=\"cover\" srcset=\"https:\/\/projekteuropa.uwr.edu.pl\/wp-content\/uploads\/2025\/10\/Image.jpeg 718w, https:\/\/projekteuropa.uwr.edu.pl\/wp-content\/uploads\/2025\/10\/Image-232x300.jpeg 232w, https:\/\/projekteuropa.uwr.edu.pl\/wp-content\/uploads\/2025\/10\/Image-9x12.jpeg 9w\" sizes=\"auto, (max-width: 718px) 100vw, 718px\" \/><span aria-hidden=\"true\" class=\"wp-block-cover__background has-background-dim-0 has-background-dim\" style=\"background-color:#717072\"><\/span><div class=\"wp-block-cover__inner-container is-layout-flow wp-block-cover-is-layout-flow\">\n<div class=\"wp-block-buttons lemmony-animation lemmonyFadeInUp is-layout-flex wp-block-buttons-is-layout-flex\" style=\"--lemmony-animation-name:lemmonyFadeInUp;animation-delay:var(--lemmony-delay-small)\">\n<div class=\"wp-block-button\"><a class=\"wp-block-button__link has-body-color has-background-background-color has-text-color has-background has-tiny-font-size has-custom-font-size wp-element-button\" href=\"https:\/\/www.linkedin.com\/in\/marcin-adamczyk-9b312699\/\" style=\"padding-top:12px;padding-right:20px;padding-bottom:12px;padding-left:20px\">LinkedIn<\/a><\/div>\n<\/div>\n<\/div><\/div>\n\n\n\n<h4 class=\"wp-block-heading has-medium-font-size\" style=\"margin-top:var(--wp--preset--spacing--40)\">dr Marcin Adamczyk<\/h4>\n\n\n\n<p class=\"lemmony-animation lemmonyFadeIn has-meta-color has-text-color has-tiny-plus-font-size lemmony-animation\" style=\"--lemmony-animation-name:lemmonyFadeIn;animation-delay:var(--lemmony-delay-small)\">Research Group Supervisor<\/p>\n<\/div>\n<\/div>\n<\/div>\n\n\n\n<h2 class=\"wp-block-heading has-text-align-center\">Members of the Research Group<\/h2>\n\n\n\n<ul class=\"wp-block-list\">\n<li>Adrianna \u0141azik<\/li>\n\n\n\n<li>Aleksandra Mlak<\/li>\n\n\n\n<li>Ania Novosolova<\/li>\n\n\n\n<li>Anna Jachowicz<\/li>\n\n\n\n<li>Filip Bielakowski<\/li>\n\n\n\n<li>Filip Szyma\u0144ski<\/li>\n\n\n\n<li>Gustaw Feru\u015b<\/li>\n\n\n\n<li>Hanna Kaczy\u0144ska<\/li>\n\n\n\n<li>Irena Bidzi\u0144ska<\/li>\n\n\n\n<li>Jagoda Krzy\u017canowska<\/li>\n\n\n\n<li>Jakub Krawczonek<\/li>\n\n\n\n<li>Joanna Grzywa<\/li>\n\n\n\n<li>Goktug Ozgur<\/li>\n\n\n\n<li>Kamila Tomaszczyk<\/li>\n\n\n\n<li>Klaudia Brdys<\/li>\n\n\n\n<li>Magdalena Laski<\/li>\n\n\n\n<li>Maksymilian Machura<\/li>\n\n\n\n<li>Martyna Tabor<\/li>\n\n\n\n<li>Micha\u0142 Ostrowski<\/li>\n\n\n\n<li>Nikola \u017bak<\/li>\n\n\n\n<li>Paula Kasia<\/li>\n\n\n\n<li>Tomasz Gumu\u0142a<\/li>\n\n\n\n<li>Weronika Danilewicz<\/li>\n\n\n\n<li>Weronika Misztal<\/li>\n\n\n\n<li>Wiktoria Bujewska<\/li>\n\n\n\n<li>Wiktoria Ottenbreit<\/li>\n\n\n\n<li>Zofia Brzozowiec<\/li>\n\n\n\n<li>Zuzanna Groberska<\/li>\n<\/ul>","protected":false},"excerpt":{"rendered":"<p>Poznaj nasz zesp\u00f3\u0142! Cz\u0142onkowie Zarz\u0105du Inga Jacu\u0144ska Przewodnicz\u0105ca Omar Jouhari Zast\u0119pca Przewodnicz\u0105cej Urszula Buga\u0142a Sekretarz Kornelia Czajkowska Liderka zespo\u0142u ds. komunikacji i promocji dr Marcin Adamczyk Opiekun Ko\u0142a Cz\u0142onkowie Ko\u0142a<\/p>","protected":false},"author":2,"featured_media":0,"parent":0,"menu_order":0,"comment_status":"closed","ping_status":"closed","template":"","meta":{"_EventAllDay":false,"_EventTimezone":"","_EventStartDate":"","_EventEndDate":"","_EventStartDateUTC":"","_EventEndDateUTC":"","_EventShowMap":false,"_EventShowMapLink":false,"_EventURL":"","_EventCost":"","_EventCostDescription":"","_EventCurrencySymbol":"","_EventCurrencyCode":"","_EventCurrencyPosition":"","_EventDateTimeSeparator":"","_EventTimeRangeSeparator":"","_EventOrganizerID":[],"_EventVenueID":[],"_OrganizerEmail":"","_OrganizerPhone":"","_OrganizerWebsite":"","_VenueAddress":"","_VenueCity":"","_VenueCountry":"","_VenueProvince":"","_VenueState":"","_VenueZip":"","_VenuePhone":"","_VenueURL":"","_VenueStateProvince":"","_VenueLat":"","_VenueLng":"","_VenueShowMap":false,"_VenueShowMapLink":false,"footnotes":""},"class_list":["post-193","page","type-page","status-publish","hentry"],"_links":{"self":[{"href":"https:\/\/projekteuropa.uwr.edu.pl\/english\/wp-json\/wp\/v2\/pages\/193","targetHints":{"allow":["GET"]}}],"collection":[{"href":"https:\/\/projekteuropa.uwr.edu.pl\/english\/wp-json\/wp\/v2\/pages"}],"about":[{"href":"https:\/\/projekteuropa.uwr.edu.pl\/english\/wp-json\/wp\/v2\/types\/page"}],"author":[{"embeddable":true,"href":"https:\/\/projekteuropa.uwr.edu.pl\/english\/wp-json\/wp\/v2\/users\/2"}],"replies":[{"embeddable":true,"href":"https:\/\/projekteuropa.uwr.edu.pl\/english\/wp-json\/wp\/v2\/comments?post=193"}],"version-history":[{"count":32,"href":"https:\/\/projekteuropa.uwr.edu.pl\/english\/wp-json\/wp\/v2\/pages\/193\/revisions"}],"predecessor-version":[{"id":2236,"href":"https:\/\/projekteuropa.uwr.edu.pl\/english\/wp-json\/wp\/v2\/pages\/193\/revisions\/2236"}],"wp:attachment":[{"href":"https:\/\/projekteuropa.uwr.edu.pl\/english\/wp-json\/wp\/v2\/media?parent=193"}],"curies":[{"name":"wp","href":"https:\/\/api.w.org\/{rel}","templated":true}]}}