{"id":1925,"date":"2024-04-23T15:10:22","date_gmt":"2024-04-23T13:10:22","guid":{"rendered":"https:\/\/projekteuropa.uwr.edu.pl\/?page_id=1925"},"modified":"2024-05-07T10:31:17","modified_gmt":"2024-05-07T08:31:17","slug":"stream","status":"publish","type":"page","link":"https:\/\/projekteuropa.uwr.edu.pl\/english\/stream\/","title":{"rendered":"LIVE Stream"},"content":{"rendered":"<div class=\"wp-block-columns is-layout-flex wp-container-core-columns-is-layout-28f84493 wp-block-columns-is-layout-flex\">\n<div class=\"wp-block-column is-layout-flow wp-block-column-is-layout-flow\">\n<div class=\"wp-block-cover\"><span aria-hidden=\"true\" class=\"wp-block-cover__background has-background-dim\" style=\"background-color:#5e5863\"><\/span><img loading=\"lazy\" decoding=\"async\" width=\"1280\" height=\"720\" class=\"wp-block-cover__image-background wp-image-1933\" alt=\"\" src=\"https:\/\/projekteuropa.uwr.edu.pl\/wp-content\/uploads\/2024\/04\/rezyserka-1.png\" style=\"object-position:0% 49%\" data-object-fit=\"cover\" data-object-position=\"0% 49%\" srcset=\"https:\/\/projekteuropa.uwr.edu.pl\/wp-content\/uploads\/2024\/04\/rezyserka-1.png 1280w, https:\/\/projekteuropa.uwr.edu.pl\/wp-content\/uploads\/2024\/04\/rezyserka-1-300x169.png 300w, https:\/\/projekteuropa.uwr.edu.pl\/wp-content\/uploads\/2024\/04\/rezyserka-1-1024x576.png 1024w, https:\/\/projekteuropa.uwr.edu.pl\/wp-content\/uploads\/2024\/04\/rezyserka-1-768x432.png 768w, https:\/\/projekteuropa.uwr.edu.pl\/wp-content\/uploads\/2024\/04\/rezyserka-1-18x10.png 18w\" sizes=\"auto, (max-width: 1280px) 100vw, 1280px\" \/><div class=\"wp-block-cover__inner-container has-global-padding is-layout-constrained wp-block-cover-is-layout-constrained\">\n<p class=\"has-text-align-center has-body-alt-color has-text-color has-link-color has-medium-plus-font-size wp-elements-19efa994fec1d84b40f55d3befd95305\" style=\"font-style:normal;font-weight:900\"><strong><a href=\"https:\/\/www.youtube.com\/watch?v=6yl4pMXW0AU\" data-type=\"page\" data-id=\"1873\">Debata: #Przysz\u0142o\u015b\u0107 Europy<\/a><\/strong><\/p>\n\n\n\n<p class=\"has-text-align-center has-body-alt-color has-text-color has-link-color wp-elements-d5d0670cd90959f458f7bd57697ea046\"><strong>OGL\u0104DAJ PO POLSKU<\/strong><\/p>\n\n\n\n<p class=\"has-text-align-center has-large-font-size\">\ud83c\uddf5\ud83c\uddf1<\/p>\n<\/div><\/div>\n<\/div>\n\n\n\n<div class=\"wp-block-column is-layout-flow wp-block-column-is-layout-flow\">\n<div class=\"wp-block-cover is-light\"><span aria-hidden=\"true\" class=\"wp-block-cover__background has-background-dim\" style=\"background-color:#5c90ab\"><\/span><img loading=\"lazy\" decoding=\"async\" width=\"1200\" height=\"628\" class=\"wp-block-cover__image-background wp-image-1935\" alt=\"\" src=\"https:\/\/projekteuropa.uwr.edu.pl\/wp-content\/uploads\/2024\/04\/VBxktkuTURBXy8wMzg2OGUxZi0yOGJiLTQxMzUtYTkzZC0yYWNhYmVmNDk0ZTIuanBlZ5GTBc0EsM0CdA.jpeg\" data-object-fit=\"cover\" srcset=\"https:\/\/projekteuropa.uwr.edu.pl\/wp-content\/uploads\/2024\/04\/VBxktkuTURBXy8wMzg2OGUxZi0yOGJiLTQxMzUtYTkzZC0yYWNhYmVmNDk0ZTIuanBlZ5GTBc0EsM0CdA.jpeg 1200w, https:\/\/projekteuropa.uwr.edu.pl\/wp-content\/uploads\/2024\/04\/VBxktkuTURBXy8wMzg2OGUxZi0yOGJiLTQxMzUtYTkzZC0yYWNhYmVmNDk0ZTIuanBlZ5GTBc0EsM0CdA-300x157.jpeg 300w, https:\/\/projekteuropa.uwr.edu.pl\/wp-content\/uploads\/2024\/04\/VBxktkuTURBXy8wMzg2OGUxZi0yOGJiLTQxMzUtYTkzZC0yYWNhYmVmNDk0ZTIuanBlZ5GTBc0EsM0CdA-1024x536.jpeg 1024w, https:\/\/projekteuropa.uwr.edu.pl\/wp-content\/uploads\/2024\/04\/VBxktkuTURBXy8wMzg2OGUxZi0yOGJiLTQxMzUtYTkzZC0yYWNhYmVmNDk0ZTIuanBlZ5GTBc0EsM0CdA-768x402.jpeg 768w, https:\/\/projekteuropa.uwr.edu.pl\/wp-content\/uploads\/2024\/04\/VBxktkuTURBXy8wMzg2OGUxZi0yOGJiLTQxMzUtYTkzZC0yYWNhYmVmNDk0ZTIuanBlZ5GTBc0EsM0CdA-18x9.jpeg 18w\" sizes=\"auto, (max-width: 1200px) 100vw, 1200px\" \/><div class=\"wp-block-cover__inner-container has-global-padding is-layout-constrained wp-block-cover-is-layout-constrained\">\n<p class=\"has-text-align-center has-body-alt-color has-text-color has-link-color has-medium-plus-font-size wp-elements-f9ee1de2b7f81831e2157538d8fbf35a\"><strong><a href=\"https:\/\/shorturl.at\/pyGLX\" data-type=\"page\" data-id=\"1873\">Debata: #Przysz\u0142o\u015b\u0107 Europy<\/a><\/strong><\/p>\n\n\n\n<p class=\"has-text-align-center has-body-alt-color has-text-color has-link-color wp-elements-9ef1dc54cea8e4d10a40357055ec92db\"><strong>WATCH IN ENGLISH<\/strong><\/p>\n\n\n\n<p class=\"has-text-align-center has-large-font-size\">\ud83c\uddec\ud83c\udde7<\/p>\n<\/div><\/div>\n<\/div>\n<\/div>\n\n\n\n<div class=\"wp-block-columns is-layout-flex wp-container-core-columns-is-layout-28b55a6e wp-block-columns-is-layout-flex\" style=\"padding-top:var(--wp--preset--spacing--10);padding-bottom:var(--wp--preset--spacing--10)\">\n<div class=\"wp-block-column is-layout-flow wp-block-column-is-layout-flow\">\n<div class=\"wp-block-columns is-layout-flex wp-container-core-columns-is-layout-28f84493 wp-block-columns-is-layout-flex\">\n<div class=\"wp-block-column is-layout-flow wp-block-column-is-layout-flow\">\n<div class=\"wp-block-cover\"><span aria-hidden=\"true\" class=\"wp-block-cover__background has-background-dim\" style=\"background-color:#033b87\"><\/span><img loading=\"lazy\" decoding=\"async\" width=\"1500\" height=\"1000\" class=\"wp-block-cover__image-background wp-image-1937\" alt=\"\" src=\"https:\/\/projekteuropa.uwr.edu.pl\/wp-content\/uploads\/2024\/04\/conference_OG_1.webp\" style=\"object-position:31% 60%\" data-object-fit=\"cover\" data-object-position=\"31% 60%\" srcset=\"https:\/\/projekteuropa.uwr.edu.pl\/wp-content\/uploads\/2024\/04\/conference_OG_1.webp 1500w, https:\/\/projekteuropa.uwr.edu.pl\/wp-content\/uploads\/2024\/04\/conference_OG_1-300x200.webp 300w, https:\/\/projekteuropa.uwr.edu.pl\/wp-content\/uploads\/2024\/04\/conference_OG_1-1024x683.webp 1024w, https:\/\/projekteuropa.uwr.edu.pl\/wp-content\/uploads\/2024\/04\/conference_OG_1-768x512.webp 768w, https:\/\/projekteuropa.uwr.edu.pl\/wp-content\/uploads\/2024\/04\/conference_OG_1-18x12.webp 18w\" sizes=\"auto, (max-width: 1500px) 100vw, 1500px\" \/><div class=\"wp-block-cover__inner-container has-global-padding is-layout-constrained wp-block-cover-is-layout-constrained\">\n<p class=\"has-text-align-center has-body-alt-color has-text-color has-link-color has-medium-plus-font-size wp-elements-027c5f8e0ab7294c93a61e370ee3117c\"><strong><strong><a href=\"https:\/\/us05web.zoom.us\/j\/83701512581?pwd=FHNDo3wipyDv3rmhDoqwzlamL0XaYx.1\" data-type=\"page\" data-id=\"1873\">CONFERENCE<\/a><\/strong><\/strong><\/p>\n\n\n\n<p class=\"has-text-align-center has-body-alt-color has-text-color has-link-color has-medium-font-size wp-elements-381910b3f95ecca1a27f174cd6bb3fb1\"><strong>DAY 1<\/strong><br>(7 May)<br>ZOOM password: 2024<\/p>\n\n\n\n<p class=\"has-text-align-center has-large-font-size\"><strong>\ud83c\uddf5\ud83c\uddf1<\/strong><\/p>\n<\/div><\/div>\n<\/div>\n<\/div>\n<\/div>\n\n\n\n<div class=\"wp-block-column is-layout-flow wp-block-column-is-layout-flow\">\n<div class=\"wp-block-cover\"><span aria-hidden=\"true\" class=\"wp-block-cover__background has-background-dim\" style=\"background-color:#033b87\"><\/span><img loading=\"lazy\" decoding=\"async\" width=\"1024\" height=\"683\" class=\"wp-block-cover__image-background wp-image-1936\" alt=\"\" src=\"https:\/\/projekteuropa.uwr.edu.pl\/wp-content\/uploads\/2024\/04\/shutterstock_1111341338-conference-audience-in-blue-cast-min-1024x683-1.jpg\" data-object-fit=\"cover\" srcset=\"https:\/\/projekteuropa.uwr.edu.pl\/wp-content\/uploads\/2024\/04\/shutterstock_1111341338-conference-audience-in-blue-cast-min-1024x683-1.jpg 1024w, https:\/\/projekteuropa.uwr.edu.pl\/wp-content\/uploads\/2024\/04\/shutterstock_1111341338-conference-audience-in-blue-cast-min-1024x683-1-300x200.jpg 300w, https:\/\/projekteuropa.uwr.edu.pl\/wp-content\/uploads\/2024\/04\/shutterstock_1111341338-conference-audience-in-blue-cast-min-1024x683-1-768x512.jpg 768w, https:\/\/projekteuropa.uwr.edu.pl\/wp-content\/uploads\/2024\/04\/shutterstock_1111341338-conference-audience-in-blue-cast-min-1024x683-1-18x12.jpg 18w\" sizes=\"auto, (max-width: 1024px) 100vw, 1024px\" \/><div class=\"wp-block-cover__inner-container has-global-padding is-layout-constrained wp-block-cover-is-layout-constrained\">\n<p class=\"has-text-align-center has-body-alt-color has-text-color has-link-color has-medium-plus-font-size wp-elements-736b1b8f9c0dd213cf139f649c8f3741\"><strong><strong><a href=\"https:\/\/shorturl.at\/eABKM\" data-type=\"page\" data-id=\"1873\">CONFERENCE<\/a><\/strong><\/strong><\/p>\n\n\n\n<p class=\"has-text-align-center has-body-alt-color has-text-color has-link-color has-medium-font-size wp-elements-92c7c700f048296cd5e5fc8fac622bcf\"><strong>DAY 2<\/strong><br>(8 May)<\/p>\n\n\n\n<p class=\"has-text-align-center has-body-alt-color has-text-color has-link-color has-large-font-size wp-elements-84a3a6fb898a7d73528e4b6b7f6ee61c\"><strong>\ud83c\uddf5\ud83c\uddf1\/\ud83c\uddec\ud83c\udde7<\/strong><\/p>\n<\/div><\/div>\n<\/div>\n<\/div>\n\n\n\n<div class=\"wp-block-columns alignfull are-vertically-aligned-center is-not-stacked-on-mobile has-xsmall-font-size is-layout-flex wp-container-core-columns-is-layout-36754107 wp-block-columns-is-layout-flex\" style=\"margin-top:0;margin-bottom:0;padding-top:var(--wp--preset--spacing--50);padding-right:0;padding-bottom:0;padding-left:0\">\n<div class=\"wp-block-column is-vertically-aligned-center is-layout-flow wp-block-column-is-layout-flow\" style=\"padding-top:0;padding-right:0;padding-bottom:0;padding-left:0;flex-basis:48%\">\n<hr class=\"wp-block-separator has-alpha-channel-opacity is-style-wide\"\/>\n<\/div>\n\n\n\n<div class=\"wp-block-column is-vertically-aligned-center is-layout-flow wp-block-column-is-layout-flow\" style=\"padding-top:0;padding-right:0;padding-bottom:0;padding-left:0;flex-basis:320px\">\n<p class=\"has-text-align-center has-tiny-plus-font-size\" style=\"font-style:normal;font-weight:600\">Conference organizers<\/p>\n<\/div>\n\n\n\n<div class=\"wp-block-column is-vertically-aligned-center is-layout-flow wp-block-column-is-layout-flow\" style=\"padding-top:0;padding-right:0;padding-bottom:0;padding-left:0;flex-basis:48%\">\n<hr class=\"wp-block-separator has-alpha-channel-opacity is-style-wide\"\/>\n<\/div>\n<\/div>\n\n\n\n<div class=\"wp-block-group alignwide has-global-padding is-layout-constrained wp-block-group-is-layout-constrained\" style=\"margin-top:0;margin-bottom:0;padding-top:var(--wp--preset--spacing--50);padding-bottom:var(--wp--preset--spacing--50)\">\n<div class=\"wp-block-group alignwide is-content-justification-space-between is-layout-flex wp-container-core-group-is-layout-09dd9a96 wp-block-group-is-layout-flex\" style=\"margin-top:0;margin-bottom:0\">\n<figure class=\"wp-block-image size-full is-resized\"><img loading=\"lazy\" decoding=\"async\" width=\"1112\" height=\"359\" src=\"https:\/\/projekteuropa.uwr.edu.pl\/wp-content\/uploads\/2024\/04\/Logo-UWr-obrazek_duzy_4094608.jpg\" alt=\"\" class=\"wp-image-1852\" style=\"width:auto;height:50px\" srcset=\"https:\/\/projekteuropa.uwr.edu.pl\/wp-content\/uploads\/2024\/04\/Logo-UWr-obrazek_duzy_4094608.jpg 1112w, https:\/\/projekteuropa.uwr.edu.pl\/wp-content\/uploads\/2024\/04\/Logo-UWr-obrazek_duzy_4094608-300x97.jpg 300w, https:\/\/projekteuropa.uwr.edu.pl\/wp-content\/uploads\/2024\/04\/Logo-UWr-obrazek_duzy_4094608-1024x331.jpg 1024w, https:\/\/projekteuropa.uwr.edu.pl\/wp-content\/uploads\/2024\/04\/Logo-UWr-obrazek_duzy_4094608-768x248.jpg 768w, https:\/\/projekteuropa.uwr.edu.pl\/wp-content\/uploads\/2024\/04\/Logo-UWr-obrazek_duzy_4094608-18x6.jpg 18w\" sizes=\"auto, (max-width: 1112px) 100vw, 1112px\" \/><\/figure>\n\n\n\n<figure class=\"wp-block-image size-large is-resized\"><img loading=\"lazy\" decoding=\"async\" width=\"1654\" height=\"1654\" src=\"https:\/\/projekteuropa.uwr.edu.pl\/wp-content\/uploads\/2024\/04\/logo-projekt-eu-edited.jpg\" alt=\"\" class=\"wp-image-1855\" style=\"width:auto;height:100px\" srcset=\"https:\/\/projekteuropa.uwr.edu.pl\/wp-content\/uploads\/2024\/04\/logo-projekt-eu-edited.jpg 1654w, https:\/\/projekteuropa.uwr.edu.pl\/wp-content\/uploads\/2024\/04\/logo-projekt-eu-edited-300x300.jpg 300w, https:\/\/projekteuropa.uwr.edu.pl\/wp-content\/uploads\/2024\/04\/logo-projekt-eu-edited-1024x1024.jpg 1024w, https:\/\/projekteuropa.uwr.edu.pl\/wp-content\/uploads\/2024\/04\/logo-projekt-eu-edited-150x150.jpg 150w, https:\/\/projekteuropa.uwr.edu.pl\/wp-content\/uploads\/2024\/04\/logo-projekt-eu-edited-768x768.jpg 768w, https:\/\/projekteuropa.uwr.edu.pl\/wp-content\/uploads\/2024\/04\/logo-projekt-eu-edited-1536x1536.jpg 1536w, https:\/\/projekteuropa.uwr.edu.pl\/wp-content\/uploads\/2024\/04\/logo-projekt-eu-edited-12x12.jpg 12w\" sizes=\"auto, (max-width: 1654px) 100vw, 1654px\" \/><\/figure>\n\n\n\n<figure class=\"wp-block-image size-full is-resized\"><img loading=\"lazy\" decoding=\"async\" width=\"163\" height=\"163\" src=\"https:\/\/projekteuropa.uwr.edu.pl\/wp-content\/uploads\/2024\/04\/ide-logo-e1682319820745-edited.png\" alt=\"\" class=\"wp-image-1858\" style=\"width:auto;height:85px\" srcset=\"https:\/\/projekteuropa.uwr.edu.pl\/wp-content\/uploads\/2024\/04\/ide-logo-e1682319820745-edited.png 163w, https:\/\/projekteuropa.uwr.edu.pl\/wp-content\/uploads\/2024\/04\/ide-logo-e1682319820745-edited-150x150.png 150w, https:\/\/projekteuropa.uwr.edu.pl\/wp-content\/uploads\/2024\/04\/ide-logo-e1682319820745-edited-12x12.png 12w\" sizes=\"auto, (max-width: 163px) 100vw, 163px\" \/><\/figure>\n\n\n\n<figure class=\"wp-block-image size-full is-resized\"><img loading=\"lazy\" decoding=\"async\" width=\"285\" height=\"118\" src=\"https:\/\/projekteuropa.uwr.edu.pl\/wp-content\/uploads\/2024\/04\/Artboard-3-copy-edited.png\" alt=\"\" class=\"wp-image-1887\" style=\"width:auto;height:60px\" srcset=\"https:\/\/projekteuropa.uwr.edu.pl\/wp-content\/uploads\/2024\/04\/Artboard-3-copy-edited.png 285w, https:\/\/projekteuropa.uwr.edu.pl\/wp-content\/uploads\/2024\/04\/Artboard-3-copy-edited-18x7.png 18w\" sizes=\"auto, (max-width: 285px) 100vw, 285px\" \/><\/figure>\n\n\n\n<figure class=\"wp-block-image size-full is-resized\"><img loading=\"lazy\" decoding=\"async\" width=\"227\" height=\"115\" src=\"https:\/\/projekteuropa.uwr.edu.pl\/wp-content\/uploads\/2024\/04\/ReDemo_logo-1.png\" alt=\"\" class=\"wp-image-1854\" style=\"width:auto;height:60px\" srcset=\"https:\/\/projekteuropa.uwr.edu.pl\/wp-content\/uploads\/2024\/04\/ReDemo_logo-1.png 227w, https:\/\/projekteuropa.uwr.edu.pl\/wp-content\/uploads\/2024\/04\/ReDemo_logo-1-18x9.png 18w\" sizes=\"auto, (max-width: 227px) 100vw, 227px\" \/><\/figure>\n\n\n\n<figure class=\"wp-block-image size-full is-resized\"><img loading=\"lazy\" decoding=\"async\" width=\"278\" height=\"102\" src=\"https:\/\/projekteuropa.uwr.edu.pl\/wp-content\/uploads\/2024\/04\/ReDemo_logo-2.png\" alt=\"\" class=\"wp-image-1857\" style=\"width:auto;height:70px\" srcset=\"https:\/\/projekteuropa.uwr.edu.pl\/wp-content\/uploads\/2024\/04\/ReDemo_logo-2.png 278w, https:\/\/projekteuropa.uwr.edu.pl\/wp-content\/uploads\/2024\/04\/ReDemo_logo-2-18x7.png 18w\" sizes=\"auto, (max-width: 278px) 100vw, 278px\" \/><\/figure>\n<\/div>\n<\/div>","protected":false},"excerpt":{"rendered":"<p>Conference organizers<\/p>","protected":false},"author":3,"featured_media":1935,"parent":0,"menu_order":0,"comment_status":"closed","ping_status":"closed","template":"","meta":{"_EventAllDay":false,"_EventTimezone":"","_EventStartDate":"","_EventEndDate":"","_EventStartDateUTC":"","_EventEndDateUTC":"","_EventShowMap":false,"_EventShowMapLink":false,"_EventURL":"","_EventCost":"","_EventCostDescription":"","_EventCurrencySymbol":"","_EventCurrencyCode":"","_EventCurrencyPosition":"","_EventDateTimeSeparator":"","_EventTimeRangeSeparator":"","_EventOrganizerID":[],"_EventVenueID":[],"_OrganizerEmail":"","_OrganizerPhone":"","_OrganizerWebsite":"","_VenueAddress":"","_VenueCity":"","_VenueCountry":"","_VenueProvince":"","_VenueState":"","_VenueZip":"","_VenuePhone":"","_VenueURL":"","_VenueStateProvince":"","_VenueLat":"","_VenueLng":"","_VenueShowMap":false,"_VenueShowMapLink":false,"footnotes":""},"class_list":["post-1925","page","type-page","status-publish","has-post-thumbnail","hentry"],"_links":{"self":[{"href":"https:\/\/projekteuropa.uwr.edu.pl\/english\/wp-json\/wp\/v2\/pages\/1925","targetHints":{"allow":["GET"]}}],"collection":[{"href":"https:\/\/projekteuropa.uwr.edu.pl\/english\/wp-json\/wp\/v2\/pages"}],"about":[{"href":"https:\/\/projekteuropa.uwr.edu.pl\/english\/wp-json\/wp\/v2\/types\/page"}],"author":[{"embeddable":true,"href":"https:\/\/projekteuropa.uwr.edu.pl\/english\/wp-json\/wp\/v2\/users\/3"}],"replies":[{"embeddable":true,"href":"https:\/\/projekteuropa.uwr.edu.pl\/english\/wp-json\/wp\/v2\/comments?post=1925"}],"version-history":[{"count":9,"href":"https:\/\/projekteuropa.uwr.edu.pl\/english\/wp-json\/wp\/v2\/pages\/1925\/revisions"}],"predecessor-version":[{"id":2073,"href":"https:\/\/projekteuropa.uwr.edu.pl\/english\/wp-json\/wp\/v2\/pages\/1925\/revisions\/2073"}],"wp:featuredmedia":[{"embeddable":true,"href":"https:\/\/projekteuropa.uwr.edu.pl\/english\/wp-json\/wp\/v2\/media\/1935"}],"wp:attachment":[{"href":"https:\/\/projekteuropa.uwr.edu.pl\/english\/wp-json\/wp\/v2\/media?parent=1925"}],"curies":[{"name":"wp","href":"https:\/\/api.w.org\/{rel}","templated":true}]}}