{"id":1913,"date":"2024-04-23T14:44:35","date_gmt":"2024-04-23T12:44:35","guid":{"rendered":"https:\/\/projekteuropa.uwr.edu.pl\/?page_id=1913"},"modified":"2024-04-23T14:47:09","modified_gmt":"2024-04-23T12:47:09","slug":"keynote-defending-democracy-the-upcoming-european-elections","status":"publish","type":"page","link":"https:\/\/projekteuropa.uwr.edu.pl\/english\/konferencja-eurowybory-2024\/keynote-defending-democracy-the-upcoming-european-elections\/","title":{"rendered":"Keynote:\u00a0Defending democracy. The upcoming European Elections"},"content":{"rendered":"<p>\u015aroda, 8 maja, godz.: 10:30, Dom Europy<\/p>\n\n\n\n<p class=\"has-body-color has-text-color has-link-color wp-elements-0b10bb5b54f9f7270ce21e417ccf916f\"><strong>Stephen Clark, Head of the European Parliament Liaison Office, will talk about the civic privilege of every European to vote in European Parliament elections. He will talk about contemporary trends that threaten democracy and how we, as European citizens, can stand up for it.<\/strong>.<\/p>\n\n\n\n<div class=\"wp-block-columns is-layout-flex wp-container-core-columns-is-layout-28b55a6e wp-block-columns-is-layout-flex\" style=\"padding-top:var(--wp--preset--spacing--10);padding-bottom:var(--wp--preset--spacing--10)\">\n<div class=\"wp-block-column is-layout-flow wp-block-column-is-layout-flow\" style=\"flex-basis:33.33%\">\n<figure class=\"wp-block-image size-medium is-style-rounded\"><img loading=\"lazy\" decoding=\"async\" width=\"300\" height=\"300\" src=\"http:\/\/projekteuropa.uwr.edu.pl\/wp-content\/uploads\/2024\/04\/CLARK-Stephen_2-315x315-1-300x300.jpg\" alt=\"\" class=\"wp-image-1830\" srcset=\"https:\/\/projekteuropa.uwr.edu.pl\/wp-content\/uploads\/2024\/04\/CLARK-Stephen_2-315x315-1-300x300.jpg 300w, https:\/\/projekteuropa.uwr.edu.pl\/wp-content\/uploads\/2024\/04\/CLARK-Stephen_2-315x315-1-150x150.jpg 150w, https:\/\/projekteuropa.uwr.edu.pl\/wp-content\/uploads\/2024\/04\/CLARK-Stephen_2-315x315-1-12x12.jpg 12w, https:\/\/projekteuropa.uwr.edu.pl\/wp-content\/uploads\/2024\/04\/CLARK-Stephen_2-315x315-1.jpg 315w\" sizes=\"auto, (max-width: 300px) 100vw, 300px\" \/><\/figure>\n<\/div>\n\n\n\n<div class=\"wp-block-column is-layout-flow wp-block-column-is-layout-flow\" style=\"flex-basis:66.66%\">\n<p class=\"has-text-align-left\"><strong>Stephen Clark <\/strong>&#8211; urz\u0119dnik Parlamentu Europejskiego od ponad 30 lat. Pracowa\u0142 wraz z komisjami parlamentarnymi, jako kierownik biura Sekretariatu Generalnego oraz w dziedzinie komunikacji od 2006 roku. Pierwotnie jego praca w dziale komunikacji rozpocz\u0119\u0142a si\u0119 od roli Szefa zespo\u0142u ds. Komunikacji cyfrowej Parlamentu Europejskiego, kt\u00f3ry zapocz\u0105tkowa\u0142 u\u017cytkowanie social medi\u00f3w przez instytucje unijne. Nast\u0119pnie zosta\u0142 Dyrektorem odpowiedzialnym za komunikacj\u0119 publiczn\u0105,\u00a0 sprawuj\u0105cym opiek\u0119 nad kampaniami informacyjnymi, organizacj\u0105 event\u00f3w oraz pobytem go\u015bci, odwiedzaj\u0105cych Parlament Europejski. Obecnie kieruje Biurem \u0141\u0105czno\u015bci Parlamentu Europejskiego.<\/p>\n<\/div>\n<\/div>\n\n\n\n<div class=\"wp-block-buttons is-content-justification-center is-layout-flex wp-container-core-buttons-is-layout-d234f690 wp-block-buttons-is-layout-flex\" style=\"margin-top:var(--wp--preset--spacing--50);margin-bottom:var(--wp--preset--spacing--50)\">\n<div class=\"wp-block-button\"><a class=\"wp-block-button__link has-text-align-center wp-element-button\" href=\"https:\/\/us06web.zoom.us\/j\/82709925062?pwd=Udkpuz6MllkxeECTxGCobaJ5NbC67j.1\">Ogl\u0105daj debat\u0119<\/a><\/div>\n<\/div>\n\n\n\n<div class=\"wp-block-columns alignfull are-vertically-aligned-center is-not-stacked-on-mobile has-xsmall-font-size is-layout-flex wp-container-core-columns-is-layout-36754107 wp-block-columns-is-layout-flex\" style=\"margin-top:0;margin-bottom:0;padding-top:var(--wp--preset--spacing--50);padding-right:0;padding-bottom:0;padding-left:0\">\n<div class=\"wp-block-column is-vertically-aligned-center is-layout-flow wp-block-column-is-layout-flow\" style=\"padding-top:0;padding-right:0;padding-bottom:0;padding-left:0;flex-basis:48%\">\n<hr class=\"wp-block-separator has-alpha-channel-opacity is-style-wide\"\/>\n<\/div>\n\n\n\n<div class=\"wp-block-column is-vertically-aligned-center is-layout-flow wp-block-column-is-layout-flow\" style=\"padding-top:0;padding-right:0;padding-bottom:0;padding-left:0;flex-basis:320px\">\n<p class=\"has-text-align-center has-tiny-plus-font-size\" style=\"font-style:normal;font-weight:600\">Conference organizers<\/p>\n<\/div>\n\n\n\n<div class=\"wp-block-column is-vertically-aligned-center is-layout-flow wp-block-column-is-layout-flow\" style=\"padding-top:0;padding-right:0;padding-bottom:0;padding-left:0;flex-basis:48%\">\n<hr class=\"wp-block-separator has-alpha-channel-opacity is-style-wide\"\/>\n<\/div>\n<\/div>\n\n\n\n<div class=\"wp-block-group alignwide has-global-padding is-layout-constrained wp-block-group-is-layout-constrained\" style=\"margin-top:0;margin-bottom:0;padding-top:var(--wp--preset--spacing--50);padding-bottom:var(--wp--preset--spacing--50)\">\n<div class=\"wp-block-group alignwide is-content-justification-space-between is-layout-flex wp-container-core-group-is-layout-09dd9a96 wp-block-group-is-layout-flex\" style=\"margin-top:0;margin-bottom:0\">\n<figure class=\"wp-block-image size-full is-resized\"><img loading=\"lazy\" decoding=\"async\" width=\"1112\" height=\"359\" src=\"https:\/\/projekteuropa.uwr.edu.pl\/wp-content\/uploads\/2024\/04\/Logo-UWr-obrazek_duzy_4094608.jpg\" alt=\"\" class=\"wp-image-1852\" style=\"width:auto;height:50px\" srcset=\"https:\/\/projekteuropa.uwr.edu.pl\/wp-content\/uploads\/2024\/04\/Logo-UWr-obrazek_duzy_4094608.jpg 1112w, https:\/\/projekteuropa.uwr.edu.pl\/wp-content\/uploads\/2024\/04\/Logo-UWr-obrazek_duzy_4094608-300x97.jpg 300w, https:\/\/projekteuropa.uwr.edu.pl\/wp-content\/uploads\/2024\/04\/Logo-UWr-obrazek_duzy_4094608-1024x331.jpg 1024w, https:\/\/projekteuropa.uwr.edu.pl\/wp-content\/uploads\/2024\/04\/Logo-UWr-obrazek_duzy_4094608-768x248.jpg 768w, https:\/\/projekteuropa.uwr.edu.pl\/wp-content\/uploads\/2024\/04\/Logo-UWr-obrazek_duzy_4094608-18x6.jpg 18w\" sizes=\"auto, (max-width: 1112px) 100vw, 1112px\" \/><\/figure>\n\n\n\n<figure class=\"wp-block-image size-large is-resized\"><img loading=\"lazy\" decoding=\"async\" width=\"1654\" height=\"1654\" src=\"https:\/\/projekteuropa.uwr.edu.pl\/wp-content\/uploads\/2024\/04\/logo-projekt-eu-edited.jpg\" alt=\"\" class=\"wp-image-1855\" style=\"width:auto;height:100px\" srcset=\"https:\/\/projekteuropa.uwr.edu.pl\/wp-content\/uploads\/2024\/04\/logo-projekt-eu-edited.jpg 1654w, https:\/\/projekteuropa.uwr.edu.pl\/wp-content\/uploads\/2024\/04\/logo-projekt-eu-edited-300x300.jpg 300w, https:\/\/projekteuropa.uwr.edu.pl\/wp-content\/uploads\/2024\/04\/logo-projekt-eu-edited-1024x1024.jpg 1024w, https:\/\/projekteuropa.uwr.edu.pl\/wp-content\/uploads\/2024\/04\/logo-projekt-eu-edited-150x150.jpg 150w, https:\/\/projekteuropa.uwr.edu.pl\/wp-content\/uploads\/2024\/04\/logo-projekt-eu-edited-768x768.jpg 768w, https:\/\/projekteuropa.uwr.edu.pl\/wp-content\/uploads\/2024\/04\/logo-projekt-eu-edited-1536x1536.jpg 1536w, https:\/\/projekteuropa.uwr.edu.pl\/wp-content\/uploads\/2024\/04\/logo-projekt-eu-edited-12x12.jpg 12w\" sizes=\"auto, (max-width: 1654px) 100vw, 1654px\" \/><\/figure>\n\n\n\n<figure class=\"wp-block-image size-full is-resized\"><img loading=\"lazy\" decoding=\"async\" width=\"163\" height=\"163\" src=\"https:\/\/projekteuropa.uwr.edu.pl\/wp-content\/uploads\/2024\/04\/ide-logo-e1682319820745-edited.png\" alt=\"\" class=\"wp-image-1858\" style=\"width:auto;height:85px\" srcset=\"https:\/\/projekteuropa.uwr.edu.pl\/wp-content\/uploads\/2024\/04\/ide-logo-e1682319820745-edited.png 163w, https:\/\/projekteuropa.uwr.edu.pl\/wp-content\/uploads\/2024\/04\/ide-logo-e1682319820745-edited-150x150.png 150w, https:\/\/projekteuropa.uwr.edu.pl\/wp-content\/uploads\/2024\/04\/ide-logo-e1682319820745-edited-12x12.png 12w\" sizes=\"auto, (max-width: 163px) 100vw, 163px\" \/><\/figure>\n\n\n\n<figure class=\"wp-block-image size-full is-resized\"><img loading=\"lazy\" decoding=\"async\" width=\"285\" height=\"118\" src=\"https:\/\/projekteuropa.uwr.edu.pl\/wp-content\/uploads\/2024\/04\/Artboard-3-copy-edited.png\" alt=\"\" class=\"wp-image-1887\" style=\"width:auto;height:60px\" srcset=\"https:\/\/projekteuropa.uwr.edu.pl\/wp-content\/uploads\/2024\/04\/Artboard-3-copy-edited.png 285w, https:\/\/projekteuropa.uwr.edu.pl\/wp-content\/uploads\/2024\/04\/Artboard-3-copy-edited-18x7.png 18w\" sizes=\"auto, (max-width: 285px) 100vw, 285px\" \/><\/figure>\n\n\n\n<figure class=\"wp-block-image size-full is-resized\"><img loading=\"lazy\" decoding=\"async\" width=\"227\" height=\"115\" src=\"https:\/\/projekteuropa.uwr.edu.pl\/wp-content\/uploads\/2024\/04\/ReDemo_logo-1.png\" alt=\"\" class=\"wp-image-1854\" style=\"width:auto;height:60px\" srcset=\"https:\/\/projekteuropa.uwr.edu.pl\/wp-content\/uploads\/2024\/04\/ReDemo_logo-1.png 227w, https:\/\/projekteuropa.uwr.edu.pl\/wp-content\/uploads\/2024\/04\/ReDemo_logo-1-18x9.png 18w\" sizes=\"auto, (max-width: 227px) 100vw, 227px\" \/><\/figure>\n\n\n\n<figure class=\"wp-block-image size-full is-resized\"><img loading=\"lazy\" decoding=\"async\" width=\"278\" height=\"102\" src=\"https:\/\/projekteuropa.uwr.edu.pl\/wp-content\/uploads\/2024\/04\/ReDemo_logo-2.png\" alt=\"\" class=\"wp-image-1857\" style=\"width:auto;height:70px\" srcset=\"https:\/\/projekteuropa.uwr.edu.pl\/wp-content\/uploads\/2024\/04\/ReDemo_logo-2.png 278w, https:\/\/projekteuropa.uwr.edu.pl\/wp-content\/uploads\/2024\/04\/ReDemo_logo-2-18x7.png 18w\" sizes=\"auto, (max-width: 278px) 100vw, 278px\" \/><\/figure>\n<\/div>\n<\/div>","protected":false},"excerpt":{"rendered":"<p>\u015aroda, 8 maja, godz.: 10:30, Dom Europy Szef Biura \u0141\u0105cznikowego Parlamentu Europejskiego &#8211; Stephen Clark, opowie o obywatelskim przywileju ka\u017cdego Europejczyka, jakim jest mo\u017cliwo\u015b\u0107 oddania g\u0142osu w wyborach do Parlamentu [&hellip;]<\/p>","protected":false},"author":3,"featured_media":1914,"parent":1634,"menu_order":0,"comment_status":"closed","ping_status":"closed","template":"","meta":{"_EventAllDay":false,"_EventTimezone":"","_EventStartDate":"","_EventEndDate":"","_EventStartDateUTC":"","_EventEndDateUTC":"","_EventShowMap":false,"_EventShowMapLink":false,"_EventURL":"","_EventCost":"","_EventCostDescription":"","_EventCurrencySymbol":"","_EventCurrencyCode":"","_EventCurrencyPosition":"","_EventDateTimeSeparator":"","_EventTimeRangeSeparator":"","_EventOrganizerID":[],"_EventVenueID":[],"_OrganizerEmail":"","_OrganizerPhone":"","_OrganizerWebsite":"","_VenueAddress":"","_VenueCity":"","_VenueCountry":"","_VenueProvince":"","_VenueState":"","_VenueZip":"","_VenuePhone":"","_VenueURL":"","_VenueStateProvince":"","_VenueLat":"","_VenueLng":"","_VenueShowMap":false,"_VenueShowMapLink":false,"footnotes":""},"class_list":["post-1913","page","type-page","status-publish","has-post-thumbnail","hentry"],"_links":{"self":[{"href":"https:\/\/projekteuropa.uwr.edu.pl\/english\/wp-json\/wp\/v2\/pages\/1913","targetHints":{"allow":["GET"]}}],"collection":[{"href":"https:\/\/projekteuropa.uwr.edu.pl\/english\/wp-json\/wp\/v2\/pages"}],"about":[{"href":"https:\/\/projekteuropa.uwr.edu.pl\/english\/wp-json\/wp\/v2\/types\/page"}],"author":[{"embeddable":true,"href":"https:\/\/projekteuropa.uwr.edu.pl\/english\/wp-json\/wp\/v2\/users\/3"}],"replies":[{"embeddable":true,"href":"https:\/\/projekteuropa.uwr.edu.pl\/english\/wp-json\/wp\/v2\/comments?post=1913"}],"version-history":[{"count":2,"href":"https:\/\/projekteuropa.uwr.edu.pl\/english\/wp-json\/wp\/v2\/pages\/1913\/revisions"}],"predecessor-version":[{"id":1917,"href":"https:\/\/projekteuropa.uwr.edu.pl\/english\/wp-json\/wp\/v2\/pages\/1913\/revisions\/1917"}],"up":[{"embeddable":true,"href":"https:\/\/projekteuropa.uwr.edu.pl\/english\/wp-json\/wp\/v2\/pages\/1634"}],"wp:featuredmedia":[{"embeddable":true,"href":"https:\/\/projekteuropa.uwr.edu.pl\/english\/wp-json\/wp\/v2\/media\/1914"}],"wp:attachment":[{"href":"https:\/\/projekteuropa.uwr.edu.pl\/english\/wp-json\/wp\/v2\/media?parent=1913"}],"curies":[{"name":"wp","href":"https:\/\/api.w.org\/{rel}","templated":true}]}}