{"id":1771,"date":"2024-04-18T10:31:11","date_gmt":"2024-04-18T08:31:11","guid":{"rendered":"https:\/\/projekteuropa.uwr.edu.pl\/?page_id=1771"},"modified":"2024-04-23T14:48:42","modified_gmt":"2024-04-23T12:48:42","slug":"debata-studencka-demokracja-bez-mlodych-wyzwania-frekwencji-wyborczej-w-unii-europejskiej","status":"publish","type":"page","link":"https:\/\/projekteuropa.uwr.edu.pl\/english\/konferencja-eurowybory-2024\/debata-studencka-demokracja-bez-mlodych-wyzwania-frekwencji-wyborczej-w-unii-europejskiej\/","title":{"rendered":"STUDENT DEBATE: Democracy without young people? Challenges of voter turnout in the European Union."},"content":{"rendered":"<p>\u015aroda, 8 maja, godz.: 13:30, Dom Europy<\/p>\n\n\n\n<p class=\"has-body-color has-text-color has-link-color wp-elements-026c8318c37dd76acae3f341c272efa3\"><strong>To studenci Uniwersytetu Wroc\u0142awskiego wezm\u0105 udzia\u0142 w debacie. Podczas swojego panelu <strong>\"Democracy without young people? Challenges of voter turnout in the European Union.\" <\/strong>porozmawiaj\u0105 o tym, jak zach\u0119ci\u0107 m\u0142ode pokolenie do udzia\u0142u w wyborach europejskich. Uczestnikami rozmowy b\u0119d\u0105:<\/strong><\/p>\n\n\n\n<div class=\"wp-block-columns is-layout-flex wp-container-core-columns-is-layout-28b55a6e wp-block-columns-is-layout-flex\" style=\"padding-top:var(--wp--preset--spacing--10);padding-bottom:var(--wp--preset--spacing--10)\">\n<div class=\"wp-block-column is-layout-flow wp-block-column-is-layout-flow\" style=\"flex-basis:33.33%\">\n<figure class=\"wp-block-image size-medium is-style-rounded\"><img loading=\"lazy\" decoding=\"async\" width=\"282\" height=\"300\" src=\"http:\/\/projekteuropa.uwr.edu.pl\/wp-content\/uploads\/2024\/04\/528ce977-bdb3-4b45-bfad-207f16e6d9ec-282x300.webp\" alt=\"\" class=\"wp-image-1832\" srcset=\"https:\/\/projekteuropa.uwr.edu.pl\/wp-content\/uploads\/2024\/04\/528ce977-bdb3-4b45-bfad-207f16e6d9ec-282x300.webp 282w, https:\/\/projekteuropa.uwr.edu.pl\/wp-content\/uploads\/2024\/04\/528ce977-bdb3-4b45-bfad-207f16e6d9ec-11x12.webp 11w, https:\/\/projekteuropa.uwr.edu.pl\/wp-content\/uploads\/2024\/04\/528ce977-bdb3-4b45-bfad-207f16e6d9ec.webp 676w\" sizes=\"auto, (max-width: 282px) 100vw, 282px\" \/><\/figure>\n<\/div>\n\n\n\n<div class=\"wp-block-column is-layout-flow wp-block-column-is-layout-flow\" style=\"flex-basis:66.66%\">\n<p class=\"has-text-align-left\"><strong>Maja W\u0142odarczyk, Ko\u0142o Naukowe Interdyscyplinarnych Dzia\u0142a\u0144 Europejskich,<\/strong>&nbsp;Global Studies, 3 rok, Uniwersytet Wroc\u0142awski. Maja jest studentk\u0105 i aktywistk\u0105 Inicjatwy WSCH\u00d3D, a tak\u017ce Prezesk\u0105 Ko\u0142a Naukowego Interdyscyplinarnych Dzia\u0142a\u0144 Europejskich. Jest aktywn\u0105 cz\u0142onkini\u0105 spo\u0142ecze\u0144stwa obywatelskiego, dzia\u0142aj\u0105c\u0105 na rzecz sprawiedliwo\u015bci spo\u0142ecznej i sprawiedliwo\u015bci klimatycznej. Absolwentka Akademii Praw Cz\u0142owieka Humanity in Action, a tak\u017ce mi\u0119dzynarodowej szko\u0142y letniej GUSSEG 2023.<\/p>\n<\/div>\n<\/div>\n\n\n\n<div class=\"wp-block-columns is-layout-flex wp-container-core-columns-is-layout-28b55a6e wp-block-columns-is-layout-flex\" style=\"padding-top:var(--wp--preset--spacing--10);padding-bottom:var(--wp--preset--spacing--10)\">\n<div class=\"wp-block-column is-layout-flow wp-block-column-is-layout-flow\" style=\"flex-basis:33.33%\">\n<figure class=\"wp-block-image size-medium is-style-rounded\"><img loading=\"lazy\" decoding=\"async\" width=\"300\" height=\"300\" src=\"http:\/\/projekteuropa.uwr.edu.pl\/wp-content\/uploads\/2024\/04\/DSC00856-300x300.jpg\" alt=\"\" class=\"wp-image-1792\" srcset=\"https:\/\/projekteuropa.uwr.edu.pl\/wp-content\/uploads\/2024\/04\/DSC00856-300x300.jpg 300w, https:\/\/projekteuropa.uwr.edu.pl\/wp-content\/uploads\/2024\/04\/DSC00856-150x150.jpg 150w, https:\/\/projekteuropa.uwr.edu.pl\/wp-content\/uploads\/2024\/04\/DSC00856-768x768.jpg 768w, https:\/\/projekteuropa.uwr.edu.pl\/wp-content\/uploads\/2024\/04\/DSC00856-12x12.jpg 12w, https:\/\/projekteuropa.uwr.edu.pl\/wp-content\/uploads\/2024\/04\/DSC00856.jpg 892w\" sizes=\"auto, (max-width: 300px) 100vw, 300px\" \/><\/figure>\n<\/div>\n\n\n\n<div class=\"wp-block-column is-layout-flow wp-block-column-is-layout-flow\" style=\"flex-basis:66.66%\">\n<p class=\"has-text-align-left\"><strong>Weronika Danilewicz, Ko\u0142o Naukowe \u201cProjekt Europa\u201d<\/strong>, dyplomacja europejska, 3 rok, Uniwersytet Wroc\u0142awski &#8211; to studentka 3 roku Dyplomacji Europejskiej i absolwentka Filologii Germa\u0144skiej. Jest aktywn\u0105 cz\u0142onkini\u0105 Ko\u0142a Naukowego Projekt Europa, zaanga\u017cowan\u0105 w dzia\u0142alno\u015b\u0107 mi\u0119dzynarodow\u0105 opart\u0105 na kontaktach z osobami ze \u015bwiata dyplomacji. Swoje do\u015bwiadczenie zdobywa m.in. na sta\u017cu w Konsulacie Generalnym Indii we Wroc\u0142awiu. Posiadaczka certyfikatu Amnesty International \u2013 An introduction to human rights. Aktualnie zaanga\u017cowana w program po\u015bwi\u0119cony tegorocznym wyborom europejskim \u2013 Campaigning in the EU.&nbsp;<\/p>\n<\/div>\n<\/div>\n\n\n\n<div class=\"wp-block-columns is-layout-flex wp-container-core-columns-is-layout-28b55a6e wp-block-columns-is-layout-flex\" style=\"padding-top:var(--wp--preset--spacing--10);padding-bottom:var(--wp--preset--spacing--10)\">\n<div class=\"wp-block-column is-layout-flow wp-block-column-is-layout-flow\" style=\"flex-basis:33.33%\">\n<figure class=\"wp-block-image size-medium is-style-rounded\"><img loading=\"lazy\" decoding=\"async\" width=\"300\" height=\"300\" src=\"https:\/\/projekteuropa.uwr.edu.pl\/wp-content\/uploads\/2024\/04\/2f8f5612-a3bf-4610-bd55-51155902c41b-300x300.jpeg\" alt=\"\" class=\"wp-image-1789\" srcset=\"https:\/\/projekteuropa.uwr.edu.pl\/wp-content\/uploads\/2024\/04\/2f8f5612-a3bf-4610-bd55-51155902c41b-300x300.jpeg 300w, https:\/\/projekteuropa.uwr.edu.pl\/wp-content\/uploads\/2024\/04\/2f8f5612-a3bf-4610-bd55-51155902c41b-1024x1024.jpeg 1024w, https:\/\/projekteuropa.uwr.edu.pl\/wp-content\/uploads\/2024\/04\/2f8f5612-a3bf-4610-bd55-51155902c41b-150x150.jpeg 150w, https:\/\/projekteuropa.uwr.edu.pl\/wp-content\/uploads\/2024\/04\/2f8f5612-a3bf-4610-bd55-51155902c41b-768x768.jpeg 768w, https:\/\/projekteuropa.uwr.edu.pl\/wp-content\/uploads\/2024\/04\/2f8f5612-a3bf-4610-bd55-51155902c41b-12x12.jpeg 12w, https:\/\/projekteuropa.uwr.edu.pl\/wp-content\/uploads\/2024\/04\/2f8f5612-a3bf-4610-bd55-51155902c41b.jpeg 1349w\" sizes=\"auto, (max-width: 300px) 100vw, 300px\" \/><\/figure>\n<\/div>\n\n\n\n<div class=\"wp-block-column is-layout-flow wp-block-column-is-layout-flow\" style=\"flex-basis:66.66%\">\n<p class=\"has-text-align-left\"><strong>Jan Normann, Ko\u0142o Naukowe \u201cProjekt Europa\u201d<\/strong>, dyplomacja europejska, 3 rok, Uniwersytet Wroc\u0142awski &#8211; jest studentem i cz\u0142onkiem Forum M\u0142odych Dyplomat\u00f3w, a tak\u017ce jednym z lider\u00f3w Ko\u0142a Naukowego ,,Projekt Europa&#8221;. Jest aktywn\u0105 osob\u0105 z do\u015bwiadczeniem mi\u0119dzynarodowym opartym na sta\u017cach we Francji i Izraelu. Jest cz\u0142onkiem ds. Wsp\u00f3\u0142pracy Zagranicznej Forum M\u0142odych Dyplomat\u00f3w. Ponadto jest sta\u017cyst\u0105 w think tanku Blue Europe oraz wolontariuszem wydarzenia Impact 24 w Poznaniu.<\/p>\n<\/div>\n<\/div>\n\n\n\n<p>Debat\u0119 poprowadzi <strong>dr Marek Goli\u0144czak<\/strong> z Instytutu Studi\u00f3w Europejskich Uniwersytetu Wroc\u0142awskiego<\/p>\n\n\n\n<div class=\"wp-block-buttons is-content-justification-center is-layout-flex wp-container-core-buttons-is-layout-d234f690 wp-block-buttons-is-layout-flex\" style=\"margin-top:var(--wp--preset--spacing--50);margin-bottom:var(--wp--preset--spacing--50)\">\n<div class=\"wp-block-button\"><a class=\"wp-block-button__link has-text-align-center wp-element-button\" href=\"https:\/\/us06web.zoom.us\/j\/82709925062?pwd=Udkpuz6MllkxeECTxGCobaJ5NbC67j.1\">Ogl\u0105daj debat\u0119<\/a><\/div>\n<\/div>\n\n\n\n<div class=\"wp-block-columns alignfull are-vertically-aligned-center is-not-stacked-on-mobile has-xsmall-font-size is-layout-flex wp-container-core-columns-is-layout-36754107 wp-block-columns-is-layout-flex\" style=\"margin-top:0;margin-bottom:0;padding-top:var(--wp--preset--spacing--50);padding-right:0;padding-bottom:0;padding-left:0\">\n<div class=\"wp-block-column is-vertically-aligned-center is-layout-flow wp-block-column-is-layout-flow\" style=\"padding-top:0;padding-right:0;padding-bottom:0;padding-left:0;flex-basis:48%\">\n<hr class=\"wp-block-separator has-alpha-channel-opacity is-style-wide\"\/>\n<\/div>\n\n\n\n<div class=\"wp-block-column is-vertically-aligned-center is-layout-flow wp-block-column-is-layout-flow\" style=\"padding-top:0;padding-right:0;padding-bottom:0;padding-left:0;flex-basis:320px\">\n<p class=\"has-text-align-center has-tiny-plus-font-size\" style=\"font-style:normal;font-weight:600\">Conference organizers<\/p>\n<\/div>\n\n\n\n<div class=\"wp-block-column is-vertically-aligned-center is-layout-flow wp-block-column-is-layout-flow\" style=\"padding-top:0;padding-right:0;padding-bottom:0;padding-left:0;flex-basis:48%\">\n<hr class=\"wp-block-separator has-alpha-channel-opacity is-style-wide\"\/>\n<\/div>\n<\/div>\n\n\n\n<div class=\"wp-block-group alignwide has-global-padding is-layout-constrained wp-block-group-is-layout-constrained\" style=\"margin-top:0;margin-bottom:0;padding-top:var(--wp--preset--spacing--50);padding-bottom:var(--wp--preset--spacing--50)\">\n<div class=\"wp-block-group alignwide is-content-justification-space-between is-layout-flex wp-container-core-group-is-layout-09dd9a96 wp-block-group-is-layout-flex\" style=\"margin-top:0;margin-bottom:0\">\n<figure class=\"wp-block-image size-full is-resized\"><img loading=\"lazy\" decoding=\"async\" width=\"1112\" height=\"359\" src=\"https:\/\/projekteuropa.uwr.edu.pl\/wp-content\/uploads\/2024\/04\/Logo-UWr-obrazek_duzy_4094608.jpg\" alt=\"\" class=\"wp-image-1852\" style=\"width:auto;height:50px\" srcset=\"https:\/\/projekteuropa.uwr.edu.pl\/wp-content\/uploads\/2024\/04\/Logo-UWr-obrazek_duzy_4094608.jpg 1112w, https:\/\/projekteuropa.uwr.edu.pl\/wp-content\/uploads\/2024\/04\/Logo-UWr-obrazek_duzy_4094608-300x97.jpg 300w, https:\/\/projekteuropa.uwr.edu.pl\/wp-content\/uploads\/2024\/04\/Logo-UWr-obrazek_duzy_4094608-1024x331.jpg 1024w, https:\/\/projekteuropa.uwr.edu.pl\/wp-content\/uploads\/2024\/04\/Logo-UWr-obrazek_duzy_4094608-768x248.jpg 768w, https:\/\/projekteuropa.uwr.edu.pl\/wp-content\/uploads\/2024\/04\/Logo-UWr-obrazek_duzy_4094608-18x6.jpg 18w\" sizes=\"auto, (max-width: 1112px) 100vw, 1112px\" \/><\/figure>\n\n\n\n<figure class=\"wp-block-image size-large is-resized\"><img loading=\"lazy\" decoding=\"async\" width=\"1654\" height=\"1654\" src=\"https:\/\/projekteuropa.uwr.edu.pl\/wp-content\/uploads\/2024\/04\/logo-projekt-eu-edited.jpg\" alt=\"\" class=\"wp-image-1855\" style=\"width:auto;height:100px\" srcset=\"https:\/\/projekteuropa.uwr.edu.pl\/wp-content\/uploads\/2024\/04\/logo-projekt-eu-edited.jpg 1654w, https:\/\/projekteuropa.uwr.edu.pl\/wp-content\/uploads\/2024\/04\/logo-projekt-eu-edited-300x300.jpg 300w, https:\/\/projekteuropa.uwr.edu.pl\/wp-content\/uploads\/2024\/04\/logo-projekt-eu-edited-1024x1024.jpg 1024w, https:\/\/projekteuropa.uwr.edu.pl\/wp-content\/uploads\/2024\/04\/logo-projekt-eu-edited-150x150.jpg 150w, https:\/\/projekteuropa.uwr.edu.pl\/wp-content\/uploads\/2024\/04\/logo-projekt-eu-edited-768x768.jpg 768w, https:\/\/projekteuropa.uwr.edu.pl\/wp-content\/uploads\/2024\/04\/logo-projekt-eu-edited-1536x1536.jpg 1536w, https:\/\/projekteuropa.uwr.edu.pl\/wp-content\/uploads\/2024\/04\/logo-projekt-eu-edited-12x12.jpg 12w\" sizes=\"auto, (max-width: 1654px) 100vw, 1654px\" \/><\/figure>\n\n\n\n<figure class=\"wp-block-image size-full is-resized\"><img loading=\"lazy\" decoding=\"async\" width=\"163\" height=\"163\" src=\"https:\/\/projekteuropa.uwr.edu.pl\/wp-content\/uploads\/2024\/04\/ide-logo-e1682319820745-edited.png\" alt=\"\" class=\"wp-image-1858\" style=\"width:auto;height:85px\" srcset=\"https:\/\/projekteuropa.uwr.edu.pl\/wp-content\/uploads\/2024\/04\/ide-logo-e1682319820745-edited.png 163w, https:\/\/projekteuropa.uwr.edu.pl\/wp-content\/uploads\/2024\/04\/ide-logo-e1682319820745-edited-150x150.png 150w, https:\/\/projekteuropa.uwr.edu.pl\/wp-content\/uploads\/2024\/04\/ide-logo-e1682319820745-edited-12x12.png 12w\" sizes=\"auto, (max-width: 163px) 100vw, 163px\" \/><\/figure>\n\n\n\n<figure class=\"wp-block-image size-full is-resized\"><img loading=\"lazy\" decoding=\"async\" width=\"285\" height=\"118\" src=\"https:\/\/projekteuropa.uwr.edu.pl\/wp-content\/uploads\/2024\/04\/Artboard-3-copy-edited.png\" alt=\"\" class=\"wp-image-1887\" style=\"width:auto;height:60px\" srcset=\"https:\/\/projekteuropa.uwr.edu.pl\/wp-content\/uploads\/2024\/04\/Artboard-3-copy-edited.png 285w, https:\/\/projekteuropa.uwr.edu.pl\/wp-content\/uploads\/2024\/04\/Artboard-3-copy-edited-18x7.png 18w\" sizes=\"auto, (max-width: 285px) 100vw, 285px\" \/><\/figure>\n\n\n\n<figure class=\"wp-block-image size-full is-resized\"><img loading=\"lazy\" decoding=\"async\" width=\"227\" height=\"115\" src=\"https:\/\/projekteuropa.uwr.edu.pl\/wp-content\/uploads\/2024\/04\/ReDemo_logo-1.png\" alt=\"\" class=\"wp-image-1854\" style=\"width:auto;height:60px\" srcset=\"https:\/\/projekteuropa.uwr.edu.pl\/wp-content\/uploads\/2024\/04\/ReDemo_logo-1.png 227w, https:\/\/projekteuropa.uwr.edu.pl\/wp-content\/uploads\/2024\/04\/ReDemo_logo-1-18x9.png 18w\" sizes=\"auto, (max-width: 227px) 100vw, 227px\" \/><\/figure>\n\n\n\n<figure class=\"wp-block-image size-full is-resized\"><img loading=\"lazy\" decoding=\"async\" width=\"278\" height=\"102\" src=\"https:\/\/projekteuropa.uwr.edu.pl\/wp-content\/uploads\/2024\/04\/ReDemo_logo-2.png\" alt=\"\" class=\"wp-image-1857\" style=\"width:auto;height:70px\" srcset=\"https:\/\/projekteuropa.uwr.edu.pl\/wp-content\/uploads\/2024\/04\/ReDemo_logo-2.png 278w, https:\/\/projekteuropa.uwr.edu.pl\/wp-content\/uploads\/2024\/04\/ReDemo_logo-2-18x7.png 18w\" sizes=\"auto, (max-width: 278px) 100vw, 278px\" \/><\/figure>\n<\/div>\n<\/div>","protected":false},"excerpt":{"rendered":"<p>\u015aroda, 8 maja, godz.: 13:30, Dom Europy To studenci Uniwersytetu Wroc\u0142awskiego wezm\u0105 udzia\u0142 w debacie. Podczas swojego panelu \u201cDemokracja bez m\u0142odych? Wyzwania frekwencji wyborczej w Unii Europejskiej\u201d porozmawiaj\u0105 o tym, [&hellip;]<\/p>","protected":false},"author":3,"featured_media":0,"parent":1634,"menu_order":0,"comment_status":"closed","ping_status":"closed","template":"","meta":{"_EventAllDay":false,"_EventTimezone":"","_EventStartDate":"","_EventEndDate":"","_EventStartDateUTC":"","_EventEndDateUTC":"","_EventShowMap":false,"_EventShowMapLink":false,"_EventURL":"","_EventCost":"","_EventCostDescription":"","_EventCurrencySymbol":"","_EventCurrencyCode":"","_EventCurrencyPosition":"","_EventDateTimeSeparator":"","_EventTimeRangeSeparator":"","_EventOrganizerID":[],"_EventVenueID":[],"_OrganizerEmail":"","_OrganizerPhone":"","_OrganizerWebsite":"","_VenueAddress":"","_VenueCity":"","_VenueCountry":"","_VenueProvince":"","_VenueState":"","_VenueZip":"","_VenuePhone":"","_VenueURL":"","_VenueStateProvince":"","_VenueLat":"","_VenueLng":"","_VenueShowMap":false,"_VenueShowMapLink":false,"footnotes":""},"class_list":["post-1771","page","type-page","status-publish","hentry"],"_links":{"self":[{"href":"https:\/\/projekteuropa.uwr.edu.pl\/english\/wp-json\/wp\/v2\/pages\/1771","targetHints":{"allow":["GET"]}}],"collection":[{"href":"https:\/\/projekteuropa.uwr.edu.pl\/english\/wp-json\/wp\/v2\/pages"}],"about":[{"href":"https:\/\/projekteuropa.uwr.edu.pl\/english\/wp-json\/wp\/v2\/types\/page"}],"author":[{"embeddable":true,"href":"https:\/\/projekteuropa.uwr.edu.pl\/english\/wp-json\/wp\/v2\/users\/3"}],"replies":[{"embeddable":true,"href":"https:\/\/projekteuropa.uwr.edu.pl\/english\/wp-json\/wp\/v2\/comments?post=1771"}],"version-history":[{"count":6,"href":"https:\/\/projekteuropa.uwr.edu.pl\/english\/wp-json\/wp\/v2\/pages\/1771\/revisions"}],"predecessor-version":[{"id":1921,"href":"https:\/\/projekteuropa.uwr.edu.pl\/english\/wp-json\/wp\/v2\/pages\/1771\/revisions\/1921"}],"up":[{"embeddable":true,"href":"https:\/\/projekteuropa.uwr.edu.pl\/english\/wp-json\/wp\/v2\/pages\/1634"}],"wp:attachment":[{"href":"https:\/\/projekteuropa.uwr.edu.pl\/english\/wp-json\/wp\/v2\/media?parent=1771"}],"curies":[{"name":"wp","href":"https:\/\/api.w.org\/{rel}","templated":true}]}}