{"id":1763,"date":"2024-04-18T10:06:49","date_gmt":"2024-04-18T08:06:49","guid":{"rendered":"https:\/\/projekteuropa.uwr.edu.pl\/?page_id=1763"},"modified":"2024-04-23T14:48:22","modified_gmt":"2024-04-23T12:48:22","slug":"debata-ekspercka-the-future-of-eu-democracy-and-institutional-reforms-after-european-elections","status":"publish","type":"page","link":"https:\/\/projekteuropa.uwr.edu.pl\/english\/konferencja-eurowybory-2024\/debata-ekspercka-the-future-of-eu-democracy-and-institutional-reforms-after-european-elections\/","title":{"rendered":"EXPERTS DEBATE: The Future of EU Democracy and Institutional Reforms after European elections"},"content":{"rendered":"<p>\u015aroda, 8 maja, godz.: 11:00, Dom Europy<\/p>\n\n\n\n<p class=\"has-body-color has-text-color has-link-color wp-elements-11a53c6b464260d3c7d18d62a68021c0\"><strong>Dyskusja b\u0119dzie koncentrowa\u0107 si\u0119 wok\u00f3\u0142 strategicznych propozycji reform UE opublikowanych w 2023 roku, w tym raportu Parlamentu Europejskiego w sprawie zmian traktatowych; francusko-niemieckiego raportu tzw. Grupy Dwunastu, oraz raportu grupy wysokiego szczebla CEPS-SWP ds. wzmacniania demokracji w UE. W dyskusji udzia\u0142 wezm\u0105:&nbsp;<\/strong><\/p>\n\n\n\n<div class=\"wp-block-columns is-layout-flex wp-container-core-columns-is-layout-28b55a6e wp-block-columns-is-layout-flex\" style=\"padding-top:var(--wp--preset--spacing--10);padding-bottom:var(--wp--preset--spacing--10)\">\n<div class=\"wp-block-column is-layout-flow wp-block-column-is-layout-flow\" style=\"flex-basis:33.33%\">\n<figure class=\"wp-block-image size-medium is-style-rounded\"><img loading=\"lazy\" decoding=\"async\" width=\"300\" height=\"300\" src=\"http:\/\/projekteuropa.uwr.edu.pl\/wp-content\/uploads\/2024\/04\/Prawda-729x308-1-300x300.jpeg\" alt=\"\" class=\"wp-image-1727\" srcset=\"https:\/\/projekteuropa.uwr.edu.pl\/wp-content\/uploads\/2024\/04\/Prawda-729x308-1-300x300.jpeg 300w, https:\/\/projekteuropa.uwr.edu.pl\/wp-content\/uploads\/2024\/04\/Prawda-729x308-1-150x150.jpeg 150w, https:\/\/projekteuropa.uwr.edu.pl\/wp-content\/uploads\/2024\/04\/Prawda-729x308-1-12x12.jpeg 12w, https:\/\/projekteuropa.uwr.edu.pl\/wp-content\/uploads\/2024\/04\/Prawda-729x308-1.jpeg 308w\" sizes=\"auto, (max-width: 300px) 100vw, 300px\" \/><\/figure>\n<\/div>\n\n\n\n<div class=\"wp-block-column is-layout-flow wp-block-column-is-layout-flow\" style=\"flex-basis:66.66%\">\n<p class=\"has-text-align-left\"><strong>Marek Prawda, Podsekretarz Stanu w Ministerstwie Spraw Zagranicznych<\/strong> odpowiedzialny za polityk\u0119 europejsk\u0105 oraz wschodni\u0105. Reprezentuje Ministra Spraw Zagranicznych w posiedzeniach Komitetu do Spraw Europejskich. W latach 2016-2021 by\u0142 Dyrektorem Przedstawicielstwa Komisji Europejskiej w Polsce. Wcze\u015bniej pe\u0142ni\u0142 funkcj\u0119 sta\u0142ego przedstawiciela RP przy Unii Europejskiej (2012-2016), a przedtem by\u0142 Ambasadorem RP w Szwecji i Niemczech.&nbsp;<\/p>\n<\/div>\n<\/div>\n\n\n\n<div class=\"wp-block-columns is-layout-flex wp-container-core-columns-is-layout-28b55a6e wp-block-columns-is-layout-flex\" style=\"padding-top:var(--wp--preset--spacing--10);padding-bottom:var(--wp--preset--spacing--10)\">\n<div class=\"wp-block-column is-layout-flow wp-block-column-is-layout-flow\" style=\"flex-basis:33.33%\">\n<figure class=\"wp-block-image size-medium is-style-rounded\"><img loading=\"lazy\" decoding=\"async\" width=\"300\" height=\"300\" src=\"https:\/\/projekteuropa.uwr.edu.pl\/wp-content\/uploads\/2024\/04\/Kalypso-Nicolaidis-2022.xda614d5e-1-300x300.jpg\" alt=\"\" class=\"wp-image-1764\" srcset=\"https:\/\/projekteuropa.uwr.edu.pl\/wp-content\/uploads\/2024\/04\/Kalypso-Nicolaidis-2022.xda614d5e-1-300x300.jpg 300w, https:\/\/projekteuropa.uwr.edu.pl\/wp-content\/uploads\/2024\/04\/Kalypso-Nicolaidis-2022.xda614d5e-1-150x150.jpg 150w, https:\/\/projekteuropa.uwr.edu.pl\/wp-content\/uploads\/2024\/04\/Kalypso-Nicolaidis-2022.xda614d5e-1-768x768.jpg 768w, https:\/\/projekteuropa.uwr.edu.pl\/wp-content\/uploads\/2024\/04\/Kalypso-Nicolaidis-2022.xda614d5e-1-12x12.jpg 12w, https:\/\/projekteuropa.uwr.edu.pl\/wp-content\/uploads\/2024\/04\/Kalypso-Nicolaidis-2022.xda614d5e-1.jpg 800w\" sizes=\"auto, (max-width: 300px) 100vw, 300px\" \/><\/figure>\n<\/div>\n\n\n\n<div class=\"wp-block-column is-layout-flow wp-block-column-is-layout-flow\" style=\"flex-basis:66.66%\">\n<p class=\"has-text-align-left\"><strong>Kalypso Nicolaidis, Chair in Global Affairs, School of Transnational Governance w Europejskim Instytucie Uniwersyteckim we Florencji, <\/strong>gdzie przewodniczy mi\u0119dzy innymi <em>EUI Democracy Forum<\/em>. Politolo\u017cka, profesorka na Uniwersytecie Oksfordzkim, a wcze\u015bniej tak\u017ce w Kennedy School of Government na Uniwersytecie Harvarda oraz w Ecole Nationale d&#8217;Administration w Pary\u017cu. Wsp\u00f3\u0142pracowa\u0142a z wieloma instytucjami UE jako doradczyni i ekspertka, w tym z Rad\u0105 Europejsk\u0105, Parlamentem i Komisj\u0105 Europejsk\u0105, a tak\u017ce OECD, rz\u0105dami Holandii i Wielkiej Brytanii.<\/p>\n<\/div>\n<\/div>\n\n\n\n<div class=\"wp-block-columns is-layout-flex wp-container-core-columns-is-layout-28b55a6e wp-block-columns-is-layout-flex\" style=\"padding-top:var(--wp--preset--spacing--10);padding-bottom:var(--wp--preset--spacing--10)\">\n<div class=\"wp-block-column is-layout-flow wp-block-column-is-layout-flow\" style=\"flex-basis:33.33%\">\n<figure class=\"wp-block-image size-medium is-style-rounded\"><img loading=\"lazy\" decoding=\"async\" width=\"300\" height=\"300\" src=\"http:\/\/projekteuropa.uwr.edu.pl\/wp-content\/uploads\/2024\/04\/Jaroslaw-pietras-300x300.jpeg\" alt=\"\" class=\"wp-image-1729\" srcset=\"https:\/\/projekteuropa.uwr.edu.pl\/wp-content\/uploads\/2024\/04\/Jaroslaw-pietras-300x300.jpeg 300w, https:\/\/projekteuropa.uwr.edu.pl\/wp-content\/uploads\/2024\/04\/Jaroslaw-pietras-1024x1024.jpeg 1024w, https:\/\/projekteuropa.uwr.edu.pl\/wp-content\/uploads\/2024\/04\/Jaroslaw-pietras-150x150.jpeg 150w, https:\/\/projekteuropa.uwr.edu.pl\/wp-content\/uploads\/2024\/04\/Jaroslaw-pietras-768x768.jpeg 768w, https:\/\/projekteuropa.uwr.edu.pl\/wp-content\/uploads\/2024\/04\/Jaroslaw-pietras-1536x1536.jpeg 1536w, https:\/\/projekteuropa.uwr.edu.pl\/wp-content\/uploads\/2024\/04\/Jaroslaw-pietras-12x12.jpeg 12w, https:\/\/projekteuropa.uwr.edu.pl\/wp-content\/uploads\/2024\/04\/Jaroslaw-pietras.jpeg 2000w\" sizes=\"auto, (max-width: 300px) 100vw, 300px\" \/><\/figure>\n<\/div>\n\n\n\n<div class=\"wp-block-column is-layout-flow wp-block-column-is-layout-flow\" style=\"flex-basis:66.66%\">\n<p class=\"has-text-align-left\"><strong>Jaros\u0142aw Pietras, Senior Research Associate w brukselskim Wilfried Martens Centre for European Studies. <\/strong>Profesor wizytuj\u0105cy w College of Europe w Brugii. Dyrektor Generalny w Radzie Unii Europejskiej w latach 2008-2020. Wcze\u015bniej pracowa\u0142&nbsp; dla polskiego rz\u0105du jako sekretarz stanu w Ministerstwie Finans\u00f3w, sekretarz stanu ds. europejskich i szef Urz\u0119du Komitetu Integracji Europejskiej.<\/p>\n<\/div>\n<\/div>\n\n\n\n<div class=\"wp-block-columns is-layout-flex wp-container-core-columns-is-layout-28b55a6e wp-block-columns-is-layout-flex\" style=\"padding-top:var(--wp--preset--spacing--10);padding-bottom:var(--wp--preset--spacing--10)\">\n<div class=\"wp-block-column is-layout-flow wp-block-column-is-layout-flow\" style=\"flex-basis:33.33%\">\n<figure class=\"wp-block-image size-medium is-style-rounded\"><img loading=\"lazy\" decoding=\"async\" width=\"300\" height=\"300\" src=\"http:\/\/projekteuropa.uwr.edu.pl\/wp-content\/uploads\/2024\/04\/Thu-Nguyen-profile-pic-300x300.jpg\" alt=\"\" class=\"wp-image-1728\" srcset=\"https:\/\/projekteuropa.uwr.edu.pl\/wp-content\/uploads\/2024\/04\/Thu-Nguyen-profile-pic-300x300.jpg 300w, https:\/\/projekteuropa.uwr.edu.pl\/wp-content\/uploads\/2024\/04\/Thu-Nguyen-profile-pic-1024x1024.jpg 1024w, https:\/\/projekteuropa.uwr.edu.pl\/wp-content\/uploads\/2024\/04\/Thu-Nguyen-profile-pic-150x150.jpg 150w, https:\/\/projekteuropa.uwr.edu.pl\/wp-content\/uploads\/2024\/04\/Thu-Nguyen-profile-pic-768x768.jpg 768w, https:\/\/projekteuropa.uwr.edu.pl\/wp-content\/uploads\/2024\/04\/Thu-Nguyen-profile-pic-1536x1536.jpg 1536w, https:\/\/projekteuropa.uwr.edu.pl\/wp-content\/uploads\/2024\/04\/Thu-Nguyen-profile-pic-2048x2048.jpg 2048w, https:\/\/projekteuropa.uwr.edu.pl\/wp-content\/uploads\/2024\/04\/Thu-Nguyen-profile-pic-12x12.jpg 12w\" sizes=\"auto, (max-width: 300px) 100vw, 300px\" \/><\/figure>\n<\/div>\n\n\n\n<div class=\"wp-block-column is-layout-flow wp-block-column-is-layout-flow\" style=\"flex-basis:66.66%\">\n<p class=\"has-text-align-left\"><strong>Thu Nguyen, Wicedyrektorka Jacques Delors Centre w Berlinie,<\/strong> gdzie kieruje pracami think tanku w obszarze polityki UE. Prowadzi podcast Centrum Jacquesa Delorsa &#8222;EU to go &#8211; der Podcast f\u00fcr Europapolitik&#8221;. Wcze\u015bniej by\u0142a adiunktk\u0105 na Wydziale Prawa Uniwersytetu w Maastricht. By\u0142a cz\u0142onkini\u0105 tzw. Grupy Dwunastu i jedn\u0105 ze wsp\u00f3\u0142autorek francusko-niemieckiego raportu na temat reformy instytucjonalnej UE opublikowanego w 2023 roku.<\/p>\n<\/div>\n<\/div>\n\n\n\n<div class=\"wp-block-columns is-layout-flex wp-container-core-columns-is-layout-28b55a6e wp-block-columns-is-layout-flex\" style=\"padding-top:var(--wp--preset--spacing--10);padding-bottom:var(--wp--preset--spacing--10)\">\n<div class=\"wp-block-column is-layout-flow wp-block-column-is-layout-flow\" style=\"flex-basis:33.33%\">\n<figure class=\"wp-block-image size-medium is-style-rounded\"><img loading=\"lazy\" decoding=\"async\" width=\"300\" height=\"300\" src=\"http:\/\/projekteuropa.uwr.edu.pl\/wp-content\/uploads\/2024\/04\/Ondarza_von_Nicolai_presse-300x300.jpg\" alt=\"\" class=\"wp-image-1730\" srcset=\"https:\/\/projekteuropa.uwr.edu.pl\/wp-content\/uploads\/2024\/04\/Ondarza_von_Nicolai_presse-300x300.jpg 300w, https:\/\/projekteuropa.uwr.edu.pl\/wp-content\/uploads\/2024\/04\/Ondarza_von_Nicolai_presse-1024x1024.jpg 1024w, https:\/\/projekteuropa.uwr.edu.pl\/wp-content\/uploads\/2024\/04\/Ondarza_von_Nicolai_presse-150x150.jpg 150w, https:\/\/projekteuropa.uwr.edu.pl\/wp-content\/uploads\/2024\/04\/Ondarza_von_Nicolai_presse-768x768.jpg 768w, https:\/\/projekteuropa.uwr.edu.pl\/wp-content\/uploads\/2024\/04\/Ondarza_von_Nicolai_presse-12x12.jpg 12w, https:\/\/projekteuropa.uwr.edu.pl\/wp-content\/uploads\/2024\/04\/Ondarza_von_Nicolai_presse.jpg 1500w\" sizes=\"auto, (max-width: 300px) 100vw, 300px\" \/><\/figure>\n<\/div>\n\n\n\n<div class=\"wp-block-column is-layout-flow wp-block-column-is-layout-flow\" style=\"flex-basis:66.66%\">\n<p class=\"has-text-align-left\"><strong>Nicolai von Ondarza, Kierownik Departamentu Bada\u0144 nad UE i Europ\u0105 w Niemieckim Instytucie Spraw Mi\u0119dzynarodowych i Bezpiecze\u0144stwa (SWP)<\/strong>. Jego badania koncentruj\u0105 si\u0119 na instytucjach i demokracji UE,&nbsp; a tak\u017ce na stosunkach UE-Wielka Brytania po Brexicie.&nbsp; By\u0142 cz\u0142onkiem tzw. Grupy Dwunastu i wsp\u00f3\u0142autorem francusko-niemieckiego raportu na temat reformy instytucjonalnej UE. By\u0142 r\u00f3wnie\u017c wsp\u00f3\u0142sprawozdawc\u0105 Grupy Wysokiego Szczebla SWP-CEPS ds. wzmocnienia demokracji w UE.&nbsp;<\/p>\n<\/div>\n<\/div>\n\n\n\n<p>Moderatork\u0105 debaty b\u0119dzie: <strong>Karolina Boro\u0144ska-Hryniewiecka, <\/strong>Profesorka Uniwersytetu Wroc\u0142awskiego, ekspertka Team Europe Direct, a tak\u017ce wyk\u0142adowczyni wizytuj\u0105ca na Uniwersytecie Panth\u00e9on-Sorbonne w Pary\u017cu. <\/p>\n\n\n\n<p>Na Uniwersytecie Wroc\u0142awskim reprezentuje Instytut Politologii i Katedr\u0119 Jeana Monneta. W przesz\u0142o\u015bci m.in. kierowniczka programu UE w Polskim Instytucie Spraw Mi\u0119dzynarodowych (PISM). W 2023 by\u0142a cz\u0142onkini\u0105 Grupy Wysokiego Szczebla SWP-CEPS ds. wzmocnienia demokracji w UE. Specjalizuje si\u0119 w studiach nad demokracj\u0105 parlamentarn\u0105 w UE.<\/p>\n\n\n\n<p>Debata b\u0119dzie mia\u0142a charakter hybrydowy, b\u0119dzie t\u0142umaczona symultanicznie (ENG-PL-ENG) i transmitowana na \u017cywo!<\/p>\n\n\n\n<div class=\"wp-block-buttons is-content-justification-center is-layout-flex wp-container-core-buttons-is-layout-d234f690 wp-block-buttons-is-layout-flex\" style=\"margin-top:var(--wp--preset--spacing--50);margin-bottom:var(--wp--preset--spacing--50)\">\n<div class=\"wp-block-button\"><a class=\"wp-block-button__link has-text-align-center wp-element-button\" href=\"https:\/\/us06web.zoom.us\/j\/82709925062?pwd=Udkpuz6MllkxeECTxGCobaJ5NbC67j.1\">Ogl\u0105daj debat\u0119<\/a><\/div>\n<\/div>\n\n\n\n<div class=\"wp-block-columns alignfull are-vertically-aligned-center is-not-stacked-on-mobile has-xsmall-font-size is-layout-flex wp-container-core-columns-is-layout-36754107 wp-block-columns-is-layout-flex\" style=\"margin-top:0;margin-bottom:0;padding-top:var(--wp--preset--spacing--50);padding-right:0;padding-bottom:0;padding-left:0\">\n<div class=\"wp-block-column is-vertically-aligned-center is-layout-flow wp-block-column-is-layout-flow\" style=\"padding-top:0;padding-right:0;padding-bottom:0;padding-left:0;flex-basis:48%\">\n<hr class=\"wp-block-separator has-alpha-channel-opacity is-style-wide\"\/>\n<\/div>\n\n\n\n<div class=\"wp-block-column is-vertically-aligned-center is-layout-flow wp-block-column-is-layout-flow\" style=\"padding-top:0;padding-right:0;padding-bottom:0;padding-left:0;flex-basis:320px\">\n<p class=\"has-text-align-center has-tiny-plus-font-size\" style=\"font-style:normal;font-weight:600\">Conference organizers<\/p>\n<\/div>\n\n\n\n<div class=\"wp-block-column is-vertically-aligned-center is-layout-flow wp-block-column-is-layout-flow\" style=\"padding-top:0;padding-right:0;padding-bottom:0;padding-left:0;flex-basis:48%\">\n<hr class=\"wp-block-separator has-alpha-channel-opacity is-style-wide\"\/>\n<\/div>\n<\/div>\n\n\n\n<div class=\"wp-block-group alignwide has-global-padding is-layout-constrained wp-block-group-is-layout-constrained\" style=\"margin-top:0;margin-bottom:0;padding-top:var(--wp--preset--spacing--50);padding-bottom:var(--wp--preset--spacing--50)\">\n<div class=\"wp-block-group alignwide is-content-justification-space-between is-layout-flex wp-container-core-group-is-layout-09dd9a96 wp-block-group-is-layout-flex\" style=\"margin-top:0;margin-bottom:0\">\n<figure class=\"wp-block-image size-full is-resized\"><img loading=\"lazy\" decoding=\"async\" width=\"1112\" height=\"359\" src=\"https:\/\/projekteuropa.uwr.edu.pl\/wp-content\/uploads\/2024\/04\/Logo-UWr-obrazek_duzy_4094608.jpg\" alt=\"\" class=\"wp-image-1852\" style=\"width:auto;height:50px\" srcset=\"https:\/\/projekteuropa.uwr.edu.pl\/wp-content\/uploads\/2024\/04\/Logo-UWr-obrazek_duzy_4094608.jpg 1112w, https:\/\/projekteuropa.uwr.edu.pl\/wp-content\/uploads\/2024\/04\/Logo-UWr-obrazek_duzy_4094608-300x97.jpg 300w, https:\/\/projekteuropa.uwr.edu.pl\/wp-content\/uploads\/2024\/04\/Logo-UWr-obrazek_duzy_4094608-1024x331.jpg 1024w, https:\/\/projekteuropa.uwr.edu.pl\/wp-content\/uploads\/2024\/04\/Logo-UWr-obrazek_duzy_4094608-768x248.jpg 768w, https:\/\/projekteuropa.uwr.edu.pl\/wp-content\/uploads\/2024\/04\/Logo-UWr-obrazek_duzy_4094608-18x6.jpg 18w\" sizes=\"auto, (max-width: 1112px) 100vw, 1112px\" \/><\/figure>\n\n\n\n<figure class=\"wp-block-image size-large is-resized\"><img loading=\"lazy\" decoding=\"async\" width=\"1654\" height=\"1654\" src=\"https:\/\/projekteuropa.uwr.edu.pl\/wp-content\/uploads\/2024\/04\/logo-projekt-eu-edited.jpg\" alt=\"\" class=\"wp-image-1855\" style=\"width:auto;height:100px\" srcset=\"https:\/\/projekteuropa.uwr.edu.pl\/wp-content\/uploads\/2024\/04\/logo-projekt-eu-edited.jpg 1654w, https:\/\/projekteuropa.uwr.edu.pl\/wp-content\/uploads\/2024\/04\/logo-projekt-eu-edited-300x300.jpg 300w, https:\/\/projekteuropa.uwr.edu.pl\/wp-content\/uploads\/2024\/04\/logo-projekt-eu-edited-1024x1024.jpg 1024w, https:\/\/projekteuropa.uwr.edu.pl\/wp-content\/uploads\/2024\/04\/logo-projekt-eu-edited-150x150.jpg 150w, https:\/\/projekteuropa.uwr.edu.pl\/wp-content\/uploads\/2024\/04\/logo-projekt-eu-edited-768x768.jpg 768w, https:\/\/projekteuropa.uwr.edu.pl\/wp-content\/uploads\/2024\/04\/logo-projekt-eu-edited-1536x1536.jpg 1536w, https:\/\/projekteuropa.uwr.edu.pl\/wp-content\/uploads\/2024\/04\/logo-projekt-eu-edited-12x12.jpg 12w\" sizes=\"auto, (max-width: 1654px) 100vw, 1654px\" \/><\/figure>\n\n\n\n<figure class=\"wp-block-image size-full is-resized\"><img loading=\"lazy\" decoding=\"async\" width=\"163\" height=\"163\" src=\"https:\/\/projekteuropa.uwr.edu.pl\/wp-content\/uploads\/2024\/04\/ide-logo-e1682319820745-edited.png\" alt=\"\" class=\"wp-image-1858\" style=\"width:auto;height:85px\" srcset=\"https:\/\/projekteuropa.uwr.edu.pl\/wp-content\/uploads\/2024\/04\/ide-logo-e1682319820745-edited.png 163w, https:\/\/projekteuropa.uwr.edu.pl\/wp-content\/uploads\/2024\/04\/ide-logo-e1682319820745-edited-150x150.png 150w, https:\/\/projekteuropa.uwr.edu.pl\/wp-content\/uploads\/2024\/04\/ide-logo-e1682319820745-edited-12x12.png 12w\" sizes=\"auto, (max-width: 163px) 100vw, 163px\" \/><\/figure>\n\n\n\n<figure class=\"wp-block-image size-full is-resized\"><img loading=\"lazy\" decoding=\"async\" width=\"285\" height=\"118\" src=\"https:\/\/projekteuropa.uwr.edu.pl\/wp-content\/uploads\/2024\/04\/Artboard-3-copy-edited.png\" alt=\"\" class=\"wp-image-1887\" style=\"width:auto;height:60px\" srcset=\"https:\/\/projekteuropa.uwr.edu.pl\/wp-content\/uploads\/2024\/04\/Artboard-3-copy-edited.png 285w, https:\/\/projekteuropa.uwr.edu.pl\/wp-content\/uploads\/2024\/04\/Artboard-3-copy-edited-18x7.png 18w\" sizes=\"auto, (max-width: 285px) 100vw, 285px\" \/><\/figure>\n\n\n\n<figure class=\"wp-block-image size-full is-resized\"><img loading=\"lazy\" decoding=\"async\" width=\"227\" height=\"115\" src=\"https:\/\/projekteuropa.uwr.edu.pl\/wp-content\/uploads\/2024\/04\/ReDemo_logo-1.png\" alt=\"\" class=\"wp-image-1854\" style=\"width:auto;height:60px\" srcset=\"https:\/\/projekteuropa.uwr.edu.pl\/wp-content\/uploads\/2024\/04\/ReDemo_logo-1.png 227w, https:\/\/projekteuropa.uwr.edu.pl\/wp-content\/uploads\/2024\/04\/ReDemo_logo-1-18x9.png 18w\" sizes=\"auto, (max-width: 227px) 100vw, 227px\" \/><\/figure>\n\n\n\n<figure class=\"wp-block-image size-full is-resized\"><img loading=\"lazy\" decoding=\"async\" width=\"278\" height=\"102\" src=\"https:\/\/projekteuropa.uwr.edu.pl\/wp-content\/uploads\/2024\/04\/ReDemo_logo-2.png\" alt=\"\" class=\"wp-image-1857\" style=\"width:auto;height:70px\" srcset=\"https:\/\/projekteuropa.uwr.edu.pl\/wp-content\/uploads\/2024\/04\/ReDemo_logo-2.png 278w, https:\/\/projekteuropa.uwr.edu.pl\/wp-content\/uploads\/2024\/04\/ReDemo_logo-2-18x7.png 18w\" sizes=\"auto, (max-width: 278px) 100vw, 278px\" \/><\/figure>\n<\/div>\n<\/div>","protected":false},"excerpt":{"rendered":"<p>\u015aroda, 8 maja, godz.: 11:00, Dom Europy Dyskusja b\u0119dzie koncentrowa\u0107 si\u0119 wok\u00f3\u0142 strategicznych propozycji reform UE opublikowanych w 2023 roku, w tym raportu Parlamentu Europejskiego w sprawie zmian traktatowych; francusko-niemieckiego [&hellip;]<\/p>","protected":false},"author":2,"featured_media":1889,"parent":1634,"menu_order":0,"comment_status":"closed","ping_status":"closed","template":"","meta":{"_EventAllDay":false,"_EventTimezone":"","_EventStartDate":"","_EventEndDate":"","_EventStartDateUTC":"","_EventEndDateUTC":"","_EventShowMap":false,"_EventShowMapLink":false,"_EventURL":"","_EventCost":"","_EventCostDescription":"","_EventCurrencySymbol":"","_EventCurrencyCode":"","_EventCurrencyPosition":"","_EventDateTimeSeparator":"","_EventTimeRangeSeparator":"","_EventOrganizerID":[],"_EventVenueID":[],"_OrganizerEmail":"","_OrganizerPhone":"","_OrganizerWebsite":"","_VenueAddress":"","_VenueCity":"","_VenueCountry":"","_VenueProvince":"","_VenueState":"","_VenueZip":"","_VenuePhone":"","_VenueURL":"","_VenueStateProvince":"","_VenueLat":"","_VenueLng":"","_VenueShowMap":false,"_VenueShowMapLink":false,"footnotes":""},"class_list":["post-1763","page","type-page","status-publish","has-post-thumbnail","hentry"],"_links":{"self":[{"href":"https:\/\/projekteuropa.uwr.edu.pl\/english\/wp-json\/wp\/v2\/pages\/1763","targetHints":{"allow":["GET"]}}],"collection":[{"href":"https:\/\/projekteuropa.uwr.edu.pl\/english\/wp-json\/wp\/v2\/pages"}],"about":[{"href":"https:\/\/projekteuropa.uwr.edu.pl\/english\/wp-json\/wp\/v2\/types\/page"}],"author":[{"embeddable":true,"href":"https:\/\/projekteuropa.uwr.edu.pl\/english\/wp-json\/wp\/v2\/users\/2"}],"replies":[{"embeddable":true,"href":"https:\/\/projekteuropa.uwr.edu.pl\/english\/wp-json\/wp\/v2\/comments?post=1763"}],"version-history":[{"count":2,"href":"https:\/\/projekteuropa.uwr.edu.pl\/english\/wp-json\/wp\/v2\/pages\/1763\/revisions"}],"predecessor-version":[{"id":1920,"href":"https:\/\/projekteuropa.uwr.edu.pl\/english\/wp-json\/wp\/v2\/pages\/1763\/revisions\/1920"}],"up":[{"embeddable":true,"href":"https:\/\/projekteuropa.uwr.edu.pl\/english\/wp-json\/wp\/v2\/pages\/1634"}],"wp:featuredmedia":[{"embeddable":true,"href":"https:\/\/projekteuropa.uwr.edu.pl\/english\/wp-json\/wp\/v2\/media\/1889"}],"wp:attachment":[{"href":"https:\/\/projekteuropa.uwr.edu.pl\/english\/wp-json\/wp\/v2\/media?parent=1763"}],"curies":[{"name":"wp","href":"https:\/\/api.w.org\/{rel}","templated":true}]}}