{"id":1758,"date":"2024-04-18T09:54:30","date_gmt":"2024-04-18T07:54:30","guid":{"rendered":"https:\/\/projekteuropa.uwr.edu.pl\/?page_id=1758"},"modified":"2024-04-18T19:39:19","modified_gmt":"2024-04-18T17:39:19","slug":"debata-ekspercka-wybory-do-pe-w-polsce-trzeciorzedna-elekcja-na-poziomie-krajowym-o-kluczowa-stawke-na-poziomie-ue","status":"publish","type":"page","link":"https:\/\/projekteuropa.uwr.edu.pl\/english\/konferencja-eurowybory-2024\/debata-ekspercka-wybory-do-pe-w-polsce-trzeciorzedna-elekcja-na-poziomie-krajowym-o-kluczowa-stawke-na-poziomie-ue\/","title":{"rendered":"EXPERTS DEBATE: EP elections in Poland:  third-order election at the national level with the highest stakes at the EU level"},"content":{"rendered":"<p>Wtorek, 7 maja, godz.: 13:00, glass-room &#8211; Instytut Studi\u00f3w Mi\u0119dzynarodowych <\/p>\n\n\n\n<p><strong>Pierwsza debata ekspercka w ramach tegorocznej konferencji, w kt\u00f3rej badacze i komentatorzy polityczni na gor\u0105co przeanalizuj\u0105 debat\u0119 #Przysz\u0142o\u015b\u0107Europy z udzia\u0142em polityk\u00f3w oraz przedstawi\u0105 swoje prognozy dotycz\u0105ce nadchodz\u0105cych wybor\u00f3w. [Debata w j\u0119zyku polskim]. Ekspertki i eksperci bior\u0105cy udzia\u0142 w debacie:<\/strong><\/p>\n\n\n\n<div class=\"wp-block-columns is-layout-flex wp-container-core-columns-is-layout-28b55a6e wp-block-columns-is-layout-flex\" style=\"padding-top:var(--wp--preset--spacing--10);padding-bottom:var(--wp--preset--spacing--10)\">\n<div class=\"wp-block-column is-layout-flow wp-block-column-is-layout-flow\" style=\"flex-basis:33.33%\">\n<figure class=\"wp-block-image size-medium is-style-rounded\"><img loading=\"lazy\" decoding=\"async\" width=\"300\" height=\"300\" src=\"https:\/\/projekteuropa.uwr.edu.pl\/wp-content\/uploads\/2024\/04\/Barbara_Brodzinska-300x300.jpg\" alt=\"\" class=\"wp-image-1701\" srcset=\"https:\/\/projekteuropa.uwr.edu.pl\/wp-content\/uploads\/2024\/04\/Barbara_Brodzinska-300x300.jpg 300w, https:\/\/projekteuropa.uwr.edu.pl\/wp-content\/uploads\/2024\/04\/Barbara_Brodzinska-1024x1024.jpg 1024w, https:\/\/projekteuropa.uwr.edu.pl\/wp-content\/uploads\/2024\/04\/Barbara_Brodzinska-150x150.jpg 150w, https:\/\/projekteuropa.uwr.edu.pl\/wp-content\/uploads\/2024\/04\/Barbara_Brodzinska-768x768.jpg 768w, https:\/\/projekteuropa.uwr.edu.pl\/wp-content\/uploads\/2024\/04\/Barbara_Brodzinska-1536x1536.jpg 1536w, https:\/\/projekteuropa.uwr.edu.pl\/wp-content\/uploads\/2024\/04\/Barbara_Brodzinska-2048x2048.jpg 2048w, https:\/\/projekteuropa.uwr.edu.pl\/wp-content\/uploads\/2024\/04\/Barbara_Brodzinska-12x12.jpg 12w\" sizes=\"auto, (max-width: 300px) 100vw, 300px\" \/><\/figure>\n<\/div>\n\n\n\n<div class=\"wp-block-column is-layout-flow wp-block-column-is-layout-flow\" style=\"flex-basis:66.66%\">\n<p class=\"has-text-align-left\"><strong>dr Barbara Brodzi\u0144ska-Mirowska, Uniwersytet Miko\u0142aja Kopernika w Toruniu<\/strong>\u00a0&#8211; adiunktka w Katedrze Komunikacji, Medi\u00f3w i Dziennikarstwa Uniwersytetu Miko\u0142aja Kopernika w Toruniu, badaczka i komentatorka polityki i komunikacji medialnej, autorka &#8222;Podcastu 460&#8221;.<\/p>\n<\/div>\n<\/div>\n\n\n\n<div class=\"wp-block-columns is-layout-flex wp-container-core-columns-is-layout-28b55a6e wp-block-columns-is-layout-flex\" style=\"padding-top:var(--wp--preset--spacing--10);padding-bottom:var(--wp--preset--spacing--10)\">\n<div class=\"wp-block-column is-layout-flow wp-block-column-is-layout-flow\" style=\"flex-basis:33.33%\">\n<figure class=\"wp-block-image size-medium is-style-rounded\"><img loading=\"lazy\" decoding=\"async\" width=\"300\" height=\"300\" src=\"http:\/\/projekteuropa.uwr.edu.pl\/wp-content\/uploads\/2024\/04\/271727636_291073983057738_8242756382512671148_n-4-1-300x300.png\" alt=\"\" class=\"wp-image-1712\" srcset=\"https:\/\/projekteuropa.uwr.edu.pl\/wp-content\/uploads\/2024\/04\/271727636_291073983057738_8242756382512671148_n-4-1-300x300.png 300w, https:\/\/projekteuropa.uwr.edu.pl\/wp-content\/uploads\/2024\/04\/271727636_291073983057738_8242756382512671148_n-4-1-150x150.png 150w, https:\/\/projekteuropa.uwr.edu.pl\/wp-content\/uploads\/2024\/04\/271727636_291073983057738_8242756382512671148_n-4-1-768x768.png 768w, https:\/\/projekteuropa.uwr.edu.pl\/wp-content\/uploads\/2024\/04\/271727636_291073983057738_8242756382512671148_n-4-1-12x12.png 12w, https:\/\/projekteuropa.uwr.edu.pl\/wp-content\/uploads\/2024\/04\/271727636_291073983057738_8242756382512671148_n-4-1.png 1024w\" sizes=\"auto, (max-width: 300px) 100vw, 300px\" \/><\/figure>\n<\/div>\n\n\n\n<div class=\"wp-block-column is-layout-flow wp-block-column-is-layout-flow\" style=\"flex-basis:66.66%\">\n<p class=\"has-text-align-left\"><strong>dr hab. Marek Migalski, prof. Uniwersytetu \u015al\u0105skiego<\/strong>\u00a0&#8211; politolog, profesor Uniwersytetu \u015al\u0105skiego w Katowicach, pose\u0142 do Parlamentu Europejskiego VII kadencji (2009-2014), badacz wsp\u00f3\u0142czesnych system\u00f3w politycznych i partyjnych, neurobiologii i kognitywistyki w polityce<\/p>\n<\/div>\n<\/div>\n\n\n\n<div class=\"wp-block-columns is-layout-flex wp-container-core-columns-is-layout-28b55a6e wp-block-columns-is-layout-flex\" style=\"padding-top:var(--wp--preset--spacing--10);padding-bottom:var(--wp--preset--spacing--10)\">\n<div class=\"wp-block-column is-layout-flow wp-block-column-is-layout-flow\" style=\"flex-basis:33.33%\">\n<figure class=\"wp-block-image size-medium is-style-rounded\"><img loading=\"lazy\" decoding=\"async\" width=\"300\" height=\"300\" src=\"http:\/\/projekteuropa.uwr.edu.pl\/wp-content\/uploads\/2024\/04\/Wojciech_Rafalowski-300x300.jpg\" alt=\"\" class=\"wp-image-1710\" srcset=\"https:\/\/projekteuropa.uwr.edu.pl\/wp-content\/uploads\/2024\/04\/Wojciech_Rafalowski-300x300.jpg 300w, https:\/\/projekteuropa.uwr.edu.pl\/wp-content\/uploads\/2024\/04\/Wojciech_Rafalowski-1024x1024.jpg 1024w, https:\/\/projekteuropa.uwr.edu.pl\/wp-content\/uploads\/2024\/04\/Wojciech_Rafalowski-150x150.jpg 150w, https:\/\/projekteuropa.uwr.edu.pl\/wp-content\/uploads\/2024\/04\/Wojciech_Rafalowski-768x768.jpg 768w, https:\/\/projekteuropa.uwr.edu.pl\/wp-content\/uploads\/2024\/04\/Wojciech_Rafalowski-1536x1536.jpg 1536w, https:\/\/projekteuropa.uwr.edu.pl\/wp-content\/uploads\/2024\/04\/Wojciech_Rafalowski-2048x2048.jpg 2048w, https:\/\/projekteuropa.uwr.edu.pl\/wp-content\/uploads\/2024\/04\/Wojciech_Rafalowski-12x12.jpg 12w\" sizes=\"auto, (max-width: 300px) 100vw, 300px\" \/><\/figure>\n<\/div>\n\n\n\n<div class=\"wp-block-column is-layout-flow wp-block-column-is-layout-flow\" style=\"flex-basis:66.66%\">\n<p class=\"has-text-align-left\"><strong>dr hab. Wojciech Rafa\u0142owski, Uniwersytet Warszawski<\/strong>\u00a0&#8211; socjolog, adiunkt w Katedrze Socjologii Polityki Uniwersytetu Warszawskiego, specjalista z zakresu kampanii wyborczych, rywalizacji politycznej, badacz system\u00f3w partyjnych i pa\u0144stw postkomunistycznych<\/p>\n<\/div>\n<\/div>\n\n\n\n<div class=\"wp-block-columns is-layout-flex wp-container-core-columns-is-layout-28b55a6e wp-block-columns-is-layout-flex\" style=\"padding-top:var(--wp--preset--spacing--10);padding-bottom:var(--wp--preset--spacing--10)\">\n<div class=\"wp-block-column is-layout-flow wp-block-column-is-layout-flow\" style=\"flex-basis:33.33%\">\n<figure class=\"wp-block-image size-medium is-style-rounded\"><img loading=\"lazy\" decoding=\"async\" width=\"300\" height=\"300\" src=\"http:\/\/projekteuropa.uwr.edu.pl\/wp-content\/uploads\/2024\/04\/271727636_291073983057738_8242756382512671148_n-4-300x300.png\" alt=\"\" class=\"wp-image-1711\" srcset=\"https:\/\/projekteuropa.uwr.edu.pl\/wp-content\/uploads\/2024\/04\/271727636_291073983057738_8242756382512671148_n-4-300x300.png 300w, https:\/\/projekteuropa.uwr.edu.pl\/wp-content\/uploads\/2024\/04\/271727636_291073983057738_8242756382512671148_n-4-150x150.png 150w, https:\/\/projekteuropa.uwr.edu.pl\/wp-content\/uploads\/2024\/04\/271727636_291073983057738_8242756382512671148_n-4-768x768.png 768w, https:\/\/projekteuropa.uwr.edu.pl\/wp-content\/uploads\/2024\/04\/271727636_291073983057738_8242756382512671148_n-4-12x12.png 12w, https:\/\/projekteuropa.uwr.edu.pl\/wp-content\/uploads\/2024\/04\/271727636_291073983057738_8242756382512671148_n-4.png 1024w\" sizes=\"auto, (max-width: 300px) 100vw, 300px\" \/><\/figure>\n<\/div>\n\n\n\n<div class=\"wp-block-column is-layout-flow wp-block-column-is-layout-flow\" style=\"flex-basis:66.66%\">\n<p class=\"has-text-align-left\"><strong>dr hab. Anna Siewierska, prof. Uniwersytetu Rzeszowskiego<\/strong>\u00a0&#8211; politolo\u017cka, profesorka Uniwersytetu Rzeszowskiego, zajmuje si\u0119 psychologi\u0105 polityki, j\u0119zykiem polityki, mitologi\u0105 polityczn\u0105 oraz wp\u0142ywem nowych medi\u00f3w na polityk\u0119, szczeg\u00f3lnie radykalizacj\u0105 i polaryzacj\u0105 spo\u0142eczn\u0105 oraz populizmem<\/p>\n<\/div>\n<\/div>\n\n\n\n<p>Ca\u0142o\u015b\u0107 b\u0119dzie moderowana przez <strong>prof. dr hab. Ann\u0119 Pacze\u015bniak &#8211; <\/strong>profesork\u0119 nauk politycznych na Uniwersytecie Wroc\u0142awskim i cz\u0142onkini\u0119 zespo\u0142u Katedry Jean Monnet. <\/p>\n\n\n\n<p>Badaczka specjalizuje si\u0119 w por\u00f3wnawczej polityce europejskiej i polskiej oraz analizie por\u00f3wnawczej partii politycznych. W latach 2011-2018 pracowa\u0142a jako wyk\u0142adowczyni na Wolnym Uniwersytecie w Brukseli, a w latach 2016-2017 by\u0142a stypendystk\u0105 Wallonia-Brussels International. Autorka licznych publikacji z zakresu problematyki partii politycznych, z kt\u00f3rych ostatnie to &#8222;Electoral Defeat and Party Change: From Makeover to Retouching&#8221; (Palgrave 2022), &#8222;Party organization and communication in Poland&#8221; (Palgrave 2021) oraz &#8222;Comprendre la Pologne. Soci\u00e9t\u00e9, politique et institutions&#8221; (Pary\u017c 2016).\u00a0<\/p>\n\n\n\n<div class=\"wp-block-buttons is-content-justification-center is-layout-flex wp-container-core-buttons-is-layout-d234f690 wp-block-buttons-is-layout-flex\" style=\"margin-top:var(--wp--preset--spacing--50);margin-bottom:var(--wp--preset--spacing--50)\">\n<div class=\"wp-block-button\"><a class=\"wp-block-button__link has-text-align-center wp-element-button\">Ogl\u0105daj debat\u0119<\/a><\/div>\n<\/div>","protected":false},"excerpt":{"rendered":"<p>Wtorek, 7 maja, godz.: 13:00, glass-room &#8211; Instytut Studi\u00f3w Mi\u0119dzynarodowych Pierwsza debata ekspercka w ramach tegorocznej konferencji, w kt\u00f3rej badacze i komentatorzy polityczni na gor\u0105co przeanalizuj\u0105 debat\u0119 #Przysz\u0142o\u015b\u0107Europy z udzia\u0142em [&hellip;]<\/p>","protected":false},"author":3,"featured_media":1654,"parent":1634,"menu_order":0,"comment_status":"closed","ping_status":"closed","template":"","meta":{"_EventAllDay":false,"_EventTimezone":"","_EventStartDate":"","_EventEndDate":"","_EventStartDateUTC":"","_EventEndDateUTC":"","_EventShowMap":false,"_EventShowMapLink":false,"_EventURL":"","_EventCost":"","_EventCostDescription":"","_EventCurrencySymbol":"","_EventCurrencyCode":"","_EventCurrencyPosition":"","_EventDateTimeSeparator":"","_EventTimeRangeSeparator":"","_EventOrganizerID":[],"_EventVenueID":[],"_OrganizerEmail":"","_OrganizerPhone":"","_OrganizerWebsite":"","_VenueAddress":"","_VenueCity":"","_VenueCountry":"","_VenueProvince":"","_VenueState":"","_VenueZip":"","_VenuePhone":"","_VenueURL":"","_VenueStateProvince":"","_VenueLat":"","_VenueLng":"","_VenueShowMap":false,"_VenueShowMapLink":false,"footnotes":""},"class_list":["post-1758","page","type-page","status-publish","has-post-thumbnail","hentry"],"_links":{"self":[{"href":"https:\/\/projekteuropa.uwr.edu.pl\/english\/wp-json\/wp\/v2\/pages\/1758","targetHints":{"allow":["GET"]}}],"collection":[{"href":"https:\/\/projekteuropa.uwr.edu.pl\/english\/wp-json\/wp\/v2\/pages"}],"about":[{"href":"https:\/\/projekteuropa.uwr.edu.pl\/english\/wp-json\/wp\/v2\/types\/page"}],"author":[{"embeddable":true,"href":"https:\/\/projekteuropa.uwr.edu.pl\/english\/wp-json\/wp\/v2\/users\/3"}],"replies":[{"embeddable":true,"href":"https:\/\/projekteuropa.uwr.edu.pl\/english\/wp-json\/wp\/v2\/comments?post=1758"}],"version-history":[{"count":1,"href":"https:\/\/projekteuropa.uwr.edu.pl\/english\/wp-json\/wp\/v2\/pages\/1758\/revisions"}],"predecessor-version":[{"id":1759,"href":"https:\/\/projekteuropa.uwr.edu.pl\/english\/wp-json\/wp\/v2\/pages\/1758\/revisions\/1759"}],"up":[{"embeddable":true,"href":"https:\/\/projekteuropa.uwr.edu.pl\/english\/wp-json\/wp\/v2\/pages\/1634"}],"wp:featuredmedia":[{"embeddable":true,"href":"https:\/\/projekteuropa.uwr.edu.pl\/english\/wp-json\/wp\/v2\/media\/1654"}],"wp:attachment":[{"href":"https:\/\/projekteuropa.uwr.edu.pl\/english\/wp-json\/wp\/v2\/media?parent=1758"}],"curies":[{"name":"wp","href":"https:\/\/api.w.org\/{rel}","templated":true}]}}