{"id":1683,"date":"2024-04-17T19:50:07","date_gmt":"2024-04-17T17:50:07","guid":{"rendered":"https:\/\/projekteuropa.uwr.edu.pl\/?page_id=1683"},"modified":"2024-05-01T13:02:19","modified_gmt":"2024-05-01T11:02:19","slug":"conference-programme","status":"publish","type":"page","link":"https:\/\/projekteuropa.uwr.edu.pl\/english\/konferencja-eurowybory-2024\/conference-programme\/","title":{"rendered":"Conference programme:"},"content":{"rendered":"<h5 class=\"wp-block-heading\"><strong>When Stakes are High:<\/strong> <strong>European Parliament Elections in Times of Polycrisis<\/strong><\/h5>\n\n\n\n<h5 class=\"wp-block-heading\">&nbsp;<\/h5>\n\n\n\n<div class=\"wp-block-buttons is-layout-flex wp-block-buttons-is-layout-flex\">\n<div class=\"wp-block-button\"><a class=\"wp-block-button__link wp-element-button\" href=\"https:\/\/projekteuropa.uwr.edu.pl\/english\/program-konferencji-gra-o-wysoka-stawke-wybory-do-parlamentu-europejskiego-w-czasach-multikryzysu\/\">PRZE\u0141\u0104CZ NA POLSKI \ud83c\uddf5\ud83c\uddf1<\/a><\/div>\n<\/div>\n\n\n\n<div class=\"wp-block-columns is-layout-flex wp-container-core-columns-is-layout-28f84493 wp-block-columns-is-layout-flex\">\n<div class=\"wp-block-column is-layout-flow wp-block-column-is-layout-flow\" style=\"padding-top:var(--wp--preset--spacing--20);padding-bottom:var(--wp--preset--spacing--20)\"><\/div>\n<\/div>\n\n\n\n<h4 class=\"wp-block-heading\"><strong>7 may (Tuesday)<\/strong>&nbsp;<\/h4>\n\n\n\n<p><strong>LOCATION: <\/strong>Faculty of Social Sciences, Koszarowa 3, Wroc\u0142aw&nbsp;University of Wroc\u0142aw&nbsp;(Institute of Political Science, )<\/p>\n\n\n\n<div class=\"wp-block-columns is-layout-flex wp-container-core-columns-is-layout-28f84493 wp-block-columns-is-layout-flex\">\n<div class=\"wp-block-column is-layout-flow wp-block-column-is-layout-flow\"><\/div>\n<\/div>\n\n\n\n<p><span><mark style=\"font-weight: bold; background-color: rgb(92, 92, 92);\" class=\"has-inline-color has-body-alt-color\"> 10:00 \u2013 11:00 <\/mark><\/span><strong>  Registration&nbsp; <\/strong>(Institute of Political Science)&nbsp;&nbsp;<\/p>\n\n\n\n<p><strong><strong><mark style=\"background-color:#5C5C5C\" class=\"has-inline-color has-body-alt-color\"> 11:15 <\/mark><\/strong>&nbsp;<\/strong> <strong>Opening of the Conference <\/strong>(Hall ABC, Institute of Political Science)&nbsp;[PL\/EN]<\/p>\n\n\n\n<ul class=\"wp-block-list\">\n<li>prof. Robert Alberski, Dean of the Faculty of Social Sciences&nbsp;&nbsp;<\/li>\n\n\n\n<li>prof. Aleksandra Maatsch, Head of the Jean Monnet Chair&nbsp;&nbsp;<\/li>\n\n\n\n<li>dr. hab. Piotr Grabowiec, Director of the Institute of European Studies&nbsp;&nbsp;<\/li>\n\n\n\n<li>prof. Dariusz Skrzypi\u0144ski, Director of the Institute of Political Science&nbsp;<\/li>\n\n\n\n<li>Maja W\u0142odarczyk, Student representative, President of Scientific Circle of Interdisciplinary European Activities&nbsp;<\/li>\n\n\n\n<li>Oliwia Niedobecka, Deputy President od Student Scientific Organization Projekt Europa<\/li>\n<\/ul>\n\n\n\n<p><strong><strong><mark style=\"background-color:#5C5C5C\" class=\"has-inline-color has-body-alt-color\"> 11:30 \u2013 13:00 <\/mark><\/strong>  Students\u2019 debate with politicians (Hall ABC, Institute of Political Science)<\/strong>&nbsp;&nbsp;&nbsp;[PL\/EN]<\/p>\n\n\n\n<ul class=\"wp-block-list\">\n<li>more info soon<\/li>\n<\/ul>\n\n\n\n<p><strong>Chairs: <\/strong>Marianna Bart\u0142omiejus-Samo\u0142yk, KN IDE; Jakub S\u0142awi\u0144ski, KN Projekt Europa&nbsp;<\/p>\n\n\n\n<p><strong><strong><mark style=\"background-color:#5C5C5C\" class=\"has-inline-color has-body-alt-color\"> 13:00 \u2013 14:00 <\/mark><\/strong><\/strong> <strong>Coffee break<\/strong>&nbsp; (patio\/ Institute of Political Science)&nbsp;<\/p>\n\n\n\n<p><strong><strong><mark style=\"background-color:#5C5C5C\" class=\"has-inline-color has-body-alt-color\"> 14:00 \u2013 15:30 <\/mark><\/strong><\/strong>  <strong>Expert Debate: EP elections in Poland: third-order election at the national level with the highest stakes at the EU level <\/strong>(glass-room, Institute of International Studies,&nbsp; ground floor)&nbsp;&nbsp;[PL]<\/p>\n\n\n\n<ul class=\"wp-block-list\">\n<li>dr Barbara Brodzi\u0144ska-Mirowska, Miko\u0142aj Kopernik University in Toru\u0144&nbsp;<\/li>\n\n\n\n<li>prof. Marek Migalski, \u015al\u0105ski University&nbsp;<\/li>\n\n\n\n<li>prof.&nbsp; Wojciech Rafa\u0142owski, Warsaw University&nbsp;<\/li>\n\n\n\n<li>prof. Anna Siewierska-Chmaj, Rzesz\u00f3w University<\/li>\n<\/ul>\n\n\n\n<p><strong>Chair:<\/strong> prof. dr hab. Anna Pacze\u015bniak, Wroclaw University&nbsp;<\/p>\n\n\n\n<p><strong><strong><mark style=\"background-color:#5C5C5C\" class=\"has-inline-color has-body-alt-color\"> 15:30 \u2013 16:00 <\/mark><\/strong> <\/strong> <strong>Coffee break<\/strong> (glass-room, Institute of International Studies,&nbsp; ground floor)&nbsp;<\/p>\n\n\n\n<p><strong><strong><mark style=\"background-color:#5C5C5C\" class=\"has-inline-color has-body-alt-color\"> 19:00 <\/mark><\/strong>  Dinner&nbsp; <\/strong>(Hotel Art, ul.Kie\u0142ba\u015bnicza 20, 50-110 Wroc\u0142aw)&nbsp;<\/p>\n\n\n\n<div class=\"wp-block-columns is-layout-flex wp-container-core-columns-is-layout-28f84493 wp-block-columns-is-layout-flex\">\n<div class=\"wp-block-column is-vertically-aligned-top is-layout-flow wp-block-column-is-layout-flow\" style=\"padding-top:var(--wp--preset--spacing--60);padding-bottom:var(--wp--preset--spacing--60)\"><\/div>\n<\/div>\n\n\n\n<h4 class=\"wp-block-heading\"><strong>8 may (Wednesday)<\/strong>&nbsp;<\/h4>\n\n\n\n<p><strong>LOCATION: <\/strong>European Parliament Office &#8211; Dom Europy, ul. Widok 10, Wroc\u0142aw<strong>&nbsp;<\/strong><\/p>\n\n\n\n<div class=\"wp-block-columns is-layout-flex wp-container-core-columns-is-layout-28f84493 wp-block-columns-is-layout-flex\">\n<div class=\"wp-block-column is-layout-flow wp-block-column-is-layout-flow\"><\/div>\n<\/div>\n\n\n\n<p><strong><strong><mark style=\"background-color:#5C5C5C\" class=\"has-inline-color has-body-alt-color\"> 10:00 <\/mark><\/strong>&nbsp;&nbsp;<strong>Registration<\/strong>&nbsp;&nbsp;<\/strong><\/p>\n\n\n\n<p><strong><strong><mark style=\"background-color:#5C5C5C\" class=\"has-inline-color has-body-alt-color\"> 10:20 <\/mark><\/strong>&nbsp; Welcome&nbsp;<\/strong>&nbsp;Leszek Ga\u015b,<strong> <\/strong>Head<strong> <\/strong>of the<strong> <\/strong>European Parliament Office in Wroc\u0142aw&nbsp;[PL\/EN]<\/p>\n\n\n\n<p><strong><strong><mark style=\"background-color:#5C5C5C\" class=\"has-inline-color has-body-alt-color\"> 10:30 \u2013 11:00 <\/mark><\/strong>&nbsp;&nbsp; Keynote:<\/strong> <strong>Defending democracy. The upcoming European Elections<\/strong>. <strong>Stephen Clark, Director of Liaison Offices, European Parliament&nbsp;<\/strong>&nbsp;[PL\/EN]<\/p>\n\n\n\n<p><strong><strong><mark style=\"background-color:#5C5C5C\" class=\"has-inline-color has-body-alt-color\"> 11:00 \u2013 12:30 <\/mark><\/strong>&nbsp; Expert Debate:<\/strong> <strong>The Future of EU Democracy and Institutional Reforms after European elections<\/strong>&nbsp;[PL\/EN]<\/p>\n\n\n\n<ul class=\"wp-block-list\">\n<li>Marek Prawda, Podsekretarz Stanu, Ministerstwo Spraw Zagranicznych&nbsp;<\/li>\n\n\n\n<li>Kalypso Nicolaidis, Chair in Global Affairs, School of Transnational Governance, European University Institute&nbsp;&nbsp;<\/li>\n\n\n\n<li>Jaros\u0142aw Pietras, Senior Research Associate, Wilfried Martens Centre&nbsp;<\/li>\n\n\n\n<li>Thu Nguyen, Deputy Director Jacques Delors Centre&nbsp;<\/li>\n\n\n\n<li>Nicolai von Ondarza, Head of Europe Division, Berlin Institute for European and Security Affairs&nbsp;<\/li>\n<\/ul>\n\n\n\n<p><strong>Chair:<\/strong> Karolina Boro\u0144ska-Hryniewiecka, Professor, University of Wroc\u0142aw&nbsp;Expert, Team Europe Direct&nbsp;<\/p>\n\n\n\n<p><strong><strong><mark style=\"background-color:#5C5C5C\" class=\"has-inline-color has-body-alt-color\"> 12:30 \u2013 13:30 <\/mark><\/strong> lunch<\/strong>&nbsp;<\/p>\n\n\n\n<p><strong><strong><mark style=\"background-color:#5C5C5C\" class=\"has-inline-color has-body-alt-color\"> 13:30 \u2013 14:15 <\/mark><\/strong>&nbsp; Students debate:<\/strong> <strong>Democracy without young people? Challenges of voter turnout in the European Union<\/strong> [PL]&nbsp;<\/p>\n\n\n\n<ul class=\"wp-block-list\">\n<li>Maja W\u0142odarczyk, President of Scientific Circle of Interdisciplinary European Activities, Global Studies, 3<sup>rd<\/sup> Year, University of Wroclaw&nbsp;<\/li>\n\n\n\n<li>Weronika Danilewicz, \u201cProjekt Europa\u201d Student Scientific Association&nbsp;<\/li>\n\n\n\n<li>Jan Normann, \u201cProjekt Europa\u201d Student Scientific Association&nbsp;<\/li>\n<\/ul>\n\n\n\n<p><strong>Chair:<\/strong> Marek Goli\u0144czak, Institute of European Studies, University of Wroc\u0142aw&nbsp;<\/p>\n\n\n\n<p><strong><mark style=\"background-color:#5C5C5C\" class=\"has-inline-color has-body-alt-color\"> 14:15 \u2013 15:00 <\/mark><\/strong>  <strong>High school students&#8217; debate: Prospects and consequences of lowering the voting age in the context of elections to the European Parliament&nbsp;<\/strong>[PL]<\/p>\n\n\n\n<ul class=\"wp-block-list\">\n<li>Jakub Juszczak, High School No. 16 in Wroclaw, spokesman of the Youth Council of the City of Wroclaw<\/li>\n\n\n\n<li>Mi\u0142osz Krupa, High School No. 12 in Wroclaw, viice-chairman of the Youth Sejmik of Lower Silesian Voivodship<\/li>\n<\/ul>\n\n\n\n<p><strong>Chair:<\/strong> Oliwia Niedobecka, \u201cProjekt Europa\u201d Student Scientific Association<\/p>\n\n\n\n<div class=\"wp-block-columns is-layout-flex wp-container-core-columns-is-layout-28f84493 wp-block-columns-is-layout-flex\">\n<div class=\"wp-block-column is-layout-flow wp-block-column-is-layout-flow\" style=\"padding-top:var(--wp--preset--spacing--40);padding-bottom:var(--wp--preset--spacing--40)\"><\/div>\n<\/div>\n\n\n\n<h4 class=\"wp-block-heading\">LOCATION:<\/h4>\n\n\n\n<div class=\"wp-block-emgb-map\"><iframe src=\"https:\/\/maps.google.com\/maps?q=Instytut+Politologii+Uniwersytetu+Wroc%C5%82awskiego&amp;z=13&amp;t=m&amp;output=embed\" style=\"border:0;height:400px;width:100%\" class=\"emb__height_080d1a93\" title=\"Instytut Politologii Uniwersytetu Wroc\u0142awskiego\"><\/iframe><\/div>\n\n\n\n<div class=\"wp-block-emgb-map\"><iframe src=\"https:\/\/maps.google.com\/maps?q=Instytut+Studi%C3%B3w+Mi%C4%99dzynarodowych+i+Bezpiecze%C5%84stwa&amp;z=13&amp;t=m&amp;output=embed\" style=\"border:0;height:400px;width:100%\" class=\"emb__height_12278432\" title=\"Instytut Studi\u00f3w Mi\u0119dzynarodowych i Bezpiecze\u0144stwa\"><\/iframe><\/div>\n\n\n\n<div class=\"wp-block-emgb-map\"><iframe src=\"https:\/\/maps.google.com\/maps?q=Punkt+Informacyjny+Unii+Europejskiej+we+Wroc%C5%82awiu+%28Dom+Europy%29&amp;z=13&amp;t=m&amp;output=embed\" style=\"border:0;height:400px;width:100%\" class=\"emb__height_734c67b4\" title=\"Punkt Informacyjny Unii Europejskiej we Wroc\u0142awiu (Dom Europy)\"><\/iframe><\/div>\n\n\n\n<div class=\"wp-block-emgb-map\"><iframe src=\"https:\/\/maps.google.com\/maps?q=wroc%C5%82aw%2C+widok+10&amp;z=13&amp;t=m&amp;output=embed\" style=\"border:0;height:400px;width:100%\" class=\"emb__height_b8f766dc\" title=\"wroc\u0142aw, widok 10\"><\/iframe><\/div>\n\n\n\n<div class=\"wp-block-columns alignfull are-vertically-aligned-center is-not-stacked-on-mobile has-xsmall-font-size is-layout-flex wp-container-core-columns-is-layout-36754107 wp-block-columns-is-layout-flex\" style=\"margin-top:0;margin-bottom:0;padding-top:var(--wp--preset--spacing--50);padding-right:0;padding-bottom:0;padding-left:0\">\n<div class=\"wp-block-column is-vertically-aligned-center is-layout-flow wp-block-column-is-layout-flow\" style=\"padding-top:0;padding-right:0;padding-bottom:0;padding-left:0;flex-basis:48%\">\n<hr class=\"wp-block-separator has-alpha-channel-opacity is-style-wide\"\/>\n<\/div>\n\n\n\n<div class=\"wp-block-column is-vertically-aligned-center is-layout-flow wp-block-column-is-layout-flow\" style=\"padding-top:0;padding-right:0;padding-bottom:0;padding-left:0;flex-basis:320px\">\n<p class=\"has-text-align-center has-tiny-plus-font-size\" style=\"font-style:normal;font-weight:600\">Conference organizers<\/p>\n<\/div>\n\n\n\n<div class=\"wp-block-column is-vertically-aligned-center is-layout-flow wp-block-column-is-layout-flow\" style=\"padding-top:0;padding-right:0;padding-bottom:0;padding-left:0;flex-basis:48%\">\n<hr class=\"wp-block-separator has-alpha-channel-opacity is-style-wide\"\/>\n<\/div>\n<\/div>\n\n\n\n<div class=\"wp-block-group alignwide has-global-padding is-layout-constrained wp-block-group-is-layout-constrained\" style=\"margin-top:0;margin-bottom:0;padding-top:var(--wp--preset--spacing--50);padding-bottom:var(--wp--preset--spacing--50)\">\n<div class=\"wp-block-group alignwide is-content-justification-space-between is-layout-flex wp-container-core-group-is-layout-09dd9a96 wp-block-group-is-layout-flex\" style=\"margin-top:0;margin-bottom:0\">\n<figure class=\"wp-block-image size-full is-resized\"><img loading=\"lazy\" decoding=\"async\" width=\"1112\" height=\"359\" src=\"https:\/\/projekteuropa.uwr.edu.pl\/wp-content\/uploads\/2024\/04\/Logo-UWr-obrazek_duzy_4094608.jpg\" alt=\"\" class=\"wp-image-1852\" style=\"width:auto;height:50px\" srcset=\"https:\/\/projekteuropa.uwr.edu.pl\/wp-content\/uploads\/2024\/04\/Logo-UWr-obrazek_duzy_4094608.jpg 1112w, https:\/\/projekteuropa.uwr.edu.pl\/wp-content\/uploads\/2024\/04\/Logo-UWr-obrazek_duzy_4094608-300x97.jpg 300w, https:\/\/projekteuropa.uwr.edu.pl\/wp-content\/uploads\/2024\/04\/Logo-UWr-obrazek_duzy_4094608-1024x331.jpg 1024w, https:\/\/projekteuropa.uwr.edu.pl\/wp-content\/uploads\/2024\/04\/Logo-UWr-obrazek_duzy_4094608-768x248.jpg 768w, https:\/\/projekteuropa.uwr.edu.pl\/wp-content\/uploads\/2024\/04\/Logo-UWr-obrazek_duzy_4094608-18x6.jpg 18w\" sizes=\"auto, (max-width: 1112px) 100vw, 1112px\" \/><\/figure>\n\n\n\n<figure class=\"wp-block-image size-large is-resized\"><img loading=\"lazy\" decoding=\"async\" width=\"1654\" height=\"1654\" src=\"https:\/\/projekteuropa.uwr.edu.pl\/wp-content\/uploads\/2024\/04\/logo-projekt-eu-edited.jpg\" alt=\"\" class=\"wp-image-1855\" style=\"width:auto;height:100px\" srcset=\"https:\/\/projekteuropa.uwr.edu.pl\/wp-content\/uploads\/2024\/04\/logo-projekt-eu-edited.jpg 1654w, https:\/\/projekteuropa.uwr.edu.pl\/wp-content\/uploads\/2024\/04\/logo-projekt-eu-edited-300x300.jpg 300w, https:\/\/projekteuropa.uwr.edu.pl\/wp-content\/uploads\/2024\/04\/logo-projekt-eu-edited-1024x1024.jpg 1024w, https:\/\/projekteuropa.uwr.edu.pl\/wp-content\/uploads\/2024\/04\/logo-projekt-eu-edited-150x150.jpg 150w, https:\/\/projekteuropa.uwr.edu.pl\/wp-content\/uploads\/2024\/04\/logo-projekt-eu-edited-768x768.jpg 768w, https:\/\/projekteuropa.uwr.edu.pl\/wp-content\/uploads\/2024\/04\/logo-projekt-eu-edited-1536x1536.jpg 1536w, https:\/\/projekteuropa.uwr.edu.pl\/wp-content\/uploads\/2024\/04\/logo-projekt-eu-edited-12x12.jpg 12w\" sizes=\"auto, (max-width: 1654px) 100vw, 1654px\" \/><\/figure>\n\n\n\n<figure class=\"wp-block-image size-full is-resized\"><img loading=\"lazy\" decoding=\"async\" width=\"163\" height=\"163\" src=\"https:\/\/projekteuropa.uwr.edu.pl\/wp-content\/uploads\/2024\/04\/ide-logo-e1682319820745-edited.png\" alt=\"\" class=\"wp-image-1858\" style=\"width:auto;height:85px\" srcset=\"https:\/\/projekteuropa.uwr.edu.pl\/wp-content\/uploads\/2024\/04\/ide-logo-e1682319820745-edited.png 163w, https:\/\/projekteuropa.uwr.edu.pl\/wp-content\/uploads\/2024\/04\/ide-logo-e1682319820745-edited-150x150.png 150w, https:\/\/projekteuropa.uwr.edu.pl\/wp-content\/uploads\/2024\/04\/ide-logo-e1682319820745-edited-12x12.png 12w\" sizes=\"auto, (max-width: 163px) 100vw, 163px\" \/><\/figure>\n\n\n\n<figure class=\"wp-block-image size-full is-resized\"><img loading=\"lazy\" decoding=\"async\" width=\"285\" height=\"118\" src=\"https:\/\/projekteuropa.uwr.edu.pl\/wp-content\/uploads\/2024\/04\/Artboard-3-copy-edited.png\" alt=\"\" class=\"wp-image-1887\" style=\"width:auto;height:60px\" srcset=\"https:\/\/projekteuropa.uwr.edu.pl\/wp-content\/uploads\/2024\/04\/Artboard-3-copy-edited.png 285w, https:\/\/projekteuropa.uwr.edu.pl\/wp-content\/uploads\/2024\/04\/Artboard-3-copy-edited-18x7.png 18w\" sizes=\"auto, (max-width: 285px) 100vw, 285px\" \/><\/figure>\n\n\n\n<figure class=\"wp-block-image size-full is-resized\"><img loading=\"lazy\" decoding=\"async\" width=\"227\" height=\"115\" src=\"https:\/\/projekteuropa.uwr.edu.pl\/wp-content\/uploads\/2024\/04\/ReDemo_logo-1.png\" alt=\"\" class=\"wp-image-1854\" style=\"width:auto;height:60px\" srcset=\"https:\/\/projekteuropa.uwr.edu.pl\/wp-content\/uploads\/2024\/04\/ReDemo_logo-1.png 227w, https:\/\/projekteuropa.uwr.edu.pl\/wp-content\/uploads\/2024\/04\/ReDemo_logo-1-18x9.png 18w\" sizes=\"auto, (max-width: 227px) 100vw, 227px\" \/><\/figure>\n\n\n\n<figure class=\"wp-block-image size-full is-resized\"><img loading=\"lazy\" decoding=\"async\" width=\"278\" height=\"102\" src=\"https:\/\/projekteuropa.uwr.edu.pl\/wp-content\/uploads\/2024\/04\/ReDemo_logo-2.png\" alt=\"\" class=\"wp-image-1857\" style=\"width:auto;height:70px\" srcset=\"https:\/\/projekteuropa.uwr.edu.pl\/wp-content\/uploads\/2024\/04\/ReDemo_logo-2.png 278w, https:\/\/projekteuropa.uwr.edu.pl\/wp-content\/uploads\/2024\/04\/ReDemo_logo-2-18x7.png 18w\" sizes=\"auto, (max-width: 278px) 100vw, 278px\" \/><\/figure>\n<\/div>\n<\/div>","protected":false},"excerpt":{"rendered":"<p>When Stakes are High: European Parliament Elections in Times of Polycrisis &nbsp; 7 may (Tuesday)&nbsp; LOCATION: Faculty of Social Sciences, Koszarowa 3, Wroc\u0142aw&nbsp;University of Wroc\u0142aw&nbsp;(Institute of Political Science, ) 10:00 [&hellip;]<\/p>","protected":false},"author":2,"featured_media":0,"parent":1634,"menu_order":0,"comment_status":"closed","ping_status":"closed","template":"","meta":{"_EventAllDay":false,"_EventTimezone":"","_EventStartDate":"","_EventEndDate":"","_EventStartDateUTC":"","_EventEndDateUTC":"","_EventShowMap":false,"_EventShowMapLink":false,"_EventURL":"","_EventCost":"","_EventCostDescription":"","_EventCurrencySymbol":"","_EventCurrencyCode":"","_EventCurrencyPosition":"","_EventDateTimeSeparator":"","_EventTimeRangeSeparator":"","_EventOrganizerID":[],"_EventVenueID":[],"_OrganizerEmail":"","_OrganizerPhone":"","_OrganizerWebsite":"","_VenueAddress":"","_VenueCity":"","_VenueCountry":"","_VenueProvince":"","_VenueState":"","_VenueZip":"","_VenuePhone":"","_VenueURL":"","_VenueStateProvince":"","_VenueLat":"","_VenueLng":"","_VenueShowMap":false,"_VenueShowMapLink":false,"footnotes":""},"class_list":["post-1683","page","type-page","status-publish","hentry"],"_links":{"self":[{"href":"https:\/\/projekteuropa.uwr.edu.pl\/english\/wp-json\/wp\/v2\/pages\/1683","targetHints":{"allow":["GET"]}}],"collection":[{"href":"https:\/\/projekteuropa.uwr.edu.pl\/english\/wp-json\/wp\/v2\/pages"}],"about":[{"href":"https:\/\/projekteuropa.uwr.edu.pl\/english\/wp-json\/wp\/v2\/types\/page"}],"author":[{"embeddable":true,"href":"https:\/\/projekteuropa.uwr.edu.pl\/english\/wp-json\/wp\/v2\/users\/2"}],"replies":[{"embeddable":true,"href":"https:\/\/projekteuropa.uwr.edu.pl\/english\/wp-json\/wp\/v2\/comments?post=1683"}],"version-history":[{"count":10,"href":"https:\/\/projekteuropa.uwr.edu.pl\/english\/wp-json\/wp\/v2\/pages\/1683\/revisions"}],"predecessor-version":[{"id":1986,"href":"https:\/\/projekteuropa.uwr.edu.pl\/english\/wp-json\/wp\/v2\/pages\/1683\/revisions\/1986"}],"up":[{"embeddable":true,"href":"https:\/\/projekteuropa.uwr.edu.pl\/english\/wp-json\/wp\/v2\/pages\/1634"}],"wp:attachment":[{"href":"https:\/\/projekteuropa.uwr.edu.pl\/english\/wp-json\/wp\/v2\/media?parent=1683"}],"curies":[{"name":"wp","href":"https:\/\/api.w.org\/{rel}","templated":true}]}}