{"id":168,"date":"2023-03-10T21:36:23","date_gmt":"2023-03-10T20:36:23","guid":{"rendered":"http:\/\/projekteuropa.uwr.edu.pl\/?page_id=168"},"modified":"2023-03-10T21:44:48","modified_gmt":"2023-03-10T20:44:48","slug":"wizyta-studyjna-w-parlamencie-europejskim","status":"publish","type":"page","link":"https:\/\/projekteuropa.uwr.edu.pl\/english\/projekty\/wizyta-studyjna-w-parlamencie-europejskim\/","title":{"rendered":"Wizyta Studyjna w Parlamencie Europejskim"},"content":{"rendered":"<h6 class=\"wp-block-heading\">14 grudnia 2016, Strasburg<\/h6>\n\n\n\n<figure class=\"wp-block-image size-large\"><img loading=\"lazy\" decoding=\"async\" width=\"1024\" height=\"681\" src=\"http:\/\/projekteuropa.uwr.edu.pl\/wp-content\/uploads\/2023\/03\/15418532_1277380835660836_6156749984135007687_o-1024x681.jpg\" alt=\"\" class=\"wp-image-148\" srcset=\"https:\/\/projekteuropa.uwr.edu.pl\/wp-content\/uploads\/2023\/03\/15418532_1277380835660836_6156749984135007687_o-1024x681.jpg 1024w, https:\/\/projekteuropa.uwr.edu.pl\/wp-content\/uploads\/2023\/03\/15418532_1277380835660836_6156749984135007687_o-300x200.jpg 300w, https:\/\/projekteuropa.uwr.edu.pl\/wp-content\/uploads\/2023\/03\/15418532_1277380835660836_6156749984135007687_o-768x511.jpg 768w, https:\/\/projekteuropa.uwr.edu.pl\/wp-content\/uploads\/2023\/03\/15418532_1277380835660836_6156749984135007687_o-1536x1022.jpg 1536w, https:\/\/projekteuropa.uwr.edu.pl\/wp-content\/uploads\/2023\/03\/15418532_1277380835660836_6156749984135007687_o-18x12.jpg 18w, https:\/\/projekteuropa.uwr.edu.pl\/wp-content\/uploads\/2023\/03\/15418532_1277380835660836_6156749984135007687_o.jpg 2048w\" sizes=\"auto, (max-width: 1024px) 100vw, 1024px\" \/><\/figure>\n\n\n\n<p>Studenci i doktoranci z Wydzia\u0142u Nauk Spo\u0142ecznych Uniwersytetu Wroc\u0142awskiego wzi\u0119li udzia\u0142 w Seminarium <em><strong>\u201eBravery and humanity in the face of brutality\u201d<\/strong><\/em> w Parlamencie Europejskim, kt\u00f3re odby\u0142o si\u0119 14 grudnia 2016 w Strasburgu. <\/p>\n\n\n\n<p>Tematem przewodnim Seminarium by\u0142y prawa cz\u0142owieka w kontek\u015bcie, mi\u0119dzy innymi, konfliktu zbrojnego na Bliskim Wschodzie i kryzysem uchod\u017aczym. Spotkanie zosta\u0142o otwarte przez Wiceprzewodnicz\u0105c\u0105 Parlamentu Ulrike Lunacek. Uczestnicy mieli okazj\u0119 zobaczy\u0107 pokaz filmu dokumentalnego <em>\u201eHAWAR \u2013 My journey to genocide\u201d <\/em>o spo\u0142eczno\u015bci jazyd\u00f3w w obliczu eskalacji konfliktu z ISIS, w\u0142\u0105czy\u0107 si\u0119 debat\u0119 o ochronie praw cz\u0142owieka oraz zada\u0107 pytania przyby\u0142ym go\u015bciom; Duzen Tekka, re\u017cyserce filmu dokumentalnego; Lamiya Aji Bashar, tegorocznej laureatce Sakharov Prize for Freedom and Thaught. <\/p>\n\n\n\n<p>By\u0142a to tak\u017ce okazja do zwiedzenia siedziby Parlamentu Europejskiego i zobaczenia na \u017cywo jak wygl\u0105daj\u0105 obrady parlamentarzyst\u00f3w. Opiekunem grupy by\u0142a Pani dr Violetta Aumer.<\/p>","protected":false},"excerpt":{"rendered":"<p>14 grudnia 2016, Strasburg Studenci i doktoranci z Wydzia\u0142u Nauk Spo\u0142ecznych Uniwersytetu Wroc\u0142awskiego wzi\u0119li udzia\u0142 w Seminarium \u201eBravery and humanity in the face of brutality\u201d w Parlamencie Europejskim, kt\u00f3re odby\u0142o [&hellip;]<\/p>","protected":false},"author":2,"featured_media":0,"parent":163,"menu_order":0,"comment_status":"closed","ping_status":"closed","template":"","meta":{"_EventAllDay":false,"_EventTimezone":"","_EventStartDate":"","_EventEndDate":"","_EventStartDateUTC":"","_EventEndDateUTC":"","_EventShowMap":false,"_EventShowMapLink":false,"_EventURL":"","_EventCost":"","_EventCostDescription":"","_EventCurrencySymbol":"","_EventCurrencyCode":"","_EventCurrencyPosition":"","_EventDateTimeSeparator":"","_EventTimeRangeSeparator":"","_EventOrganizerID":[],"_EventVenueID":[],"_OrganizerEmail":"","_OrganizerPhone":"","_OrganizerWebsite":"","_VenueAddress":"","_VenueCity":"","_VenueCountry":"","_VenueProvince":"","_VenueState":"","_VenueZip":"","_VenuePhone":"","_VenueURL":"","_VenueStateProvince":"","_VenueLat":"","_VenueLng":"","_VenueShowMap":false,"_VenueShowMapLink":false,"footnotes":""},"class_list":["post-168","page","type-page","status-publish","hentry"],"_links":{"self":[{"href":"https:\/\/projekteuropa.uwr.edu.pl\/english\/wp-json\/wp\/v2\/pages\/168","targetHints":{"allow":["GET"]}}],"collection":[{"href":"https:\/\/projekteuropa.uwr.edu.pl\/english\/wp-json\/wp\/v2\/pages"}],"about":[{"href":"https:\/\/projekteuropa.uwr.edu.pl\/english\/wp-json\/wp\/v2\/types\/page"}],"author":[{"embeddable":true,"href":"https:\/\/projekteuropa.uwr.edu.pl\/english\/wp-json\/wp\/v2\/users\/2"}],"replies":[{"embeddable":true,"href":"https:\/\/projekteuropa.uwr.edu.pl\/english\/wp-json\/wp\/v2\/comments?post=168"}],"version-history":[{"count":1,"href":"https:\/\/projekteuropa.uwr.edu.pl\/english\/wp-json\/wp\/v2\/pages\/168\/revisions"}],"predecessor-version":[{"id":170,"href":"https:\/\/projekteuropa.uwr.edu.pl\/english\/wp-json\/wp\/v2\/pages\/168\/revisions\/170"}],"up":[{"embeddable":true,"href":"https:\/\/projekteuropa.uwr.edu.pl\/english\/wp-json\/wp\/v2\/pages\/163"}],"wp:attachment":[{"href":"https:\/\/projekteuropa.uwr.edu.pl\/english\/wp-json\/wp\/v2\/media?parent=168"}],"curies":[{"name":"wp","href":"https:\/\/api.w.org\/{rel}","templated":true}]}}